{"id":366141,"date":"2025-06-15T16:48:46","date_gmt":"2025-06-15T14:48:46","guid":{"rendered":"https:\/\/ab-marineservice.com\/product\/adblue\/"},"modified":"2025-11-20T17:47:58","modified_gmt":"2025-11-20T16:47:58","slug":"adblue-2","status":"publish","type":"product","link":"https:\/\/ab-marineservice.com\/de\/produkt\/adblue-2\/","title":{"rendered":"AdBlue \u2013 200 Liter"},"content":{"rendered":"<p>AdBlue ist eine hochwertige Urea-L\u00f6sung, f\u00fcr alle Fahrzeuge die speziell f\u00fcr SCR-Katalysatoren entwickelt wurde, um die Abgasnormen Euro 4, Euro 5 und Euro 6 zu erf\u00fcllen. Durch Einspritzen von AdBlue in den SCR-Katalysator werden sch\u00e4dliche Stickoxide (NOx) sofort zu unsch\u00e4dlichem Stickstoff und Wasser reduziert.<\/p>\n<h4>Produktdaten<\/h4>\n<ul>\n<li>ISO 22241<\/li>\n<li>DIN 70070<\/li>\n<\/ul>\n<h4>Typische Standardanalysen<\/h4>\n<table class=\"table analyse-table\">\n<tr>\n<td>Dichte bei 15 \u00b0C<\/td>\n<td>\n<b>1,088<\/b>  kg\/l<\/td>\n<\/tr>\n<tr>\n<td>Brechungs Index 20\u00b0C<\/td>\n<td>\n<b>1,383<\/b> <\/td>\n<\/tr>\n<\/table>\n","protected":false},"excerpt":{"rendered":"<p>AdBlue wurde speziell f\u00fcr alle Fahrzeuge mit SCR-Katalysator entwickelt. Ohne AdBlue erf\u00fcllen diese Lkw nicht die Abgasnormen Euro 4, Euro 5 und. Euro 6 f\u00fcr Nutzfahrzeugmotoren. AdBlue wird gem\u00e4\u00df der Industrienorm DIN 70 070 hergestellt.<\/p>\n","protected":false},"featured_media":364542,"comment_status":"open","ping_status":"open","template":"","meta":[],"location":[4275,4276],"product_brand":[25894],"product_cat":[2187,9884],"product_tag":[],"class_list":{"0":"post-366141","1":"product","2":"type-product","3":"status-publish","4":"has-post-thumbnail","6":"location-aes-emmeloord","7":"location-aes-lemmer","8":"product_brand-kroon-oil","9":"product_cat-schmiermittel","10":"product_cat-kroon-oil","11":"product_shipping_class-paket-0-10-kg","13":"first","14":"onbackorder","15":"sale","16":"taxable","17":"shipping-taxable","18":"purchasable","19":"product-type-simple"},"group_of_quantity":0,"min_quantity":0,"max_quantity":"","exclude_order_quantity_value_rules":"no","exclude_category_quantity_rules":"no","combine_variations":"no","locations":[{"id":4275,"name":"AES Emmeloord","slug":"aes-emmeloord","quantity":""},{"id":4276,"name":"AES Lemmer","slug":"aes-lemmer","quantity":""}],"_links":{"self":[{"href":"https:\/\/ab-marineservice.com\/de\/wp-json\/wp\/v2\/product\/366141","targetHints":{"allow":["GET"]}}],"collection":[{"href":"https:\/\/ab-marineservice.com\/de\/wp-json\/wp\/v2\/product"}],"about":[{"href":"https:\/\/ab-marineservice.com\/de\/wp-json\/wp\/v2\/types\/product"}],"replies":[{"embeddable":true,"href":"https:\/\/ab-marineservice.com\/de\/wp-json\/wp\/v2\/comments?post=366141"}],"wp:featuredmedia":[{"embeddable":true,"href":"https:\/\/ab-marineservice.com\/de\/wp-json\/wp\/v2\/media\/364542"}],"wp:attachment":[{"href":"https:\/\/ab-marineservice.com\/de\/wp-json\/wp\/v2\/media?parent=366141"}],"wp:term":[{"taxonomy":"location","embeddable":true,"href":"https:\/\/ab-marineservice.com\/de\/wp-json\/wp\/v2\/location?post=366141"},{"taxonomy":"product_brand","embeddable":true,"href":"https:\/\/ab-marineservice.com\/de\/wp-json\/wp\/v2\/product_brand?post=366141"},{"taxonomy":"product_cat","embeddable":true,"href":"https:\/\/ab-marineservice.com\/de\/wp-json\/wp\/v2\/product_cat?post=366141"},{"taxonomy":"product_tag","embeddable":true,"href":"https:\/\/ab-marineservice.com\/de\/wp-json\/wp\/v2\/product_tag?post=366141"}],"curies":[{"name":"wp","href":"https:\/\/api.w.org\/{rel}","templated":true}]}}