{"id":366176,"date":"2025-06-15T16:52:11","date_gmt":"2025-06-15T14:52:11","guid":{"rendered":"https:\/\/ab-marineservice.com\/product\/flushing-oil-pro\/"},"modified":"2026-01-05T16:34:33","modified_gmt":"2026-01-05T15:34:33","slug":"flushing-oil-pro-2","status":"publish","type":"product","link":"https:\/\/ab-marineservice.com\/de\/produkt\/flushing-oil-pro-2\/","title":{"rendered":"Flushing Oil Pro &#8211; 15 Liter zur Reinigung von intern verschmutzten Motoren."},"content":{"rendered":"<h4>Typische Standardanalysen<\/h4>\n<table class=\"table analyse-table\">\n<tbody>\n<tr>\n<td>Dichte bei 15 \u00b0C<\/td>\n<td><b>0,863<\/b> kg\/l<\/td>\n<\/tr>\n<tr>\n<td>Viskosit\u00e4t 40 \u00b0C<\/td>\n<td><b>31,30<\/b> mm\u00b2\/s<\/td>\n<\/tr>\n<tr>\n<td>Viskosit\u00e4t 100 \u00b0C<\/td>\n<td><b>5,92<\/b> mm\u00b2\/s<\/td>\n<\/tr>\n<tr>\n<td>Viskosit\u00e4tsindex<\/td>\n<td><b>136<\/b><\/td>\n<\/tr>\n<tr>\n<td>Flammpunkt PM<\/td>\n<td><b>100<\/b> \u00b0C<\/td>\n<\/tr>\n<tr>\n<td>Flie\u00dfpunkt<\/td>\n<td><b>-45<\/b> \u00b0C<\/td>\n<\/tr>\n<tr>\n<td>Schwefels\u00e4uregehalt<\/td>\n<td><b>0,84<\/b> %<\/td>\n<\/tr>\n<\/tbody>\n<\/table>\n","protected":false},"excerpt":{"rendered":"<p>Flushing Oil Pro (FOP) ist ein Produkt zur Reinigung von intern verschmutzten Motoren. Es entfernt Lackablagerungen, Schlamm, Ablagerungen und verdicktes Motor\u00f6l. Durch die aktive Reinigung von Komponenten wie Turboladern, hydraulischen Kipphebeln und Kolbenringnuten werden Verschmutzungsprobleme behoben, insbesondere solche, die durch lange \u00d6lwechselintervalle entstehen. Regelm\u00e4\u00dfige Anwendung sorgt f\u00fcr: Entfernung von Schlamm und Ablagerungen, Erh\u00f6hung des Kompressionsdrucks, Optimierung der Motorleistung, Reduzierung des \u00d6lverbrauchs und eine l\u00e4ngere Lebensdauer des Motors. Nach der Verwendung von FOP bitte den Motor erneut mit <a href=\"https:\/\/ab-marineservice.com\/de\/produkt\/neutralizer-oil-pro-2\/\">Kroon-Oil Neutralizer Oil Pro<\/a> sp\u00fclen, um das beste Ergebnis zu erzielen.<\/p>\n<p>Bitte lesen Sie vor der Anwendung die Anweisungen auf der Innenseite des Etiketts.<\/p>\n","protected":false},"featured_media":364628,"comment_status":"open","ping_status":"closed","template":"","meta":[],"location":[4275,4276],"product_brand":[25894],"product_cat":[2187,9884,3018],"product_tag":[],"class_list":{"0":"post-366176","1":"product","2":"type-product","3":"status-publish","4":"has-post-thumbnail","6":"location-aes-emmeloord","7":"location-aes-lemmer","8":"product_brand-kroon-oil","9":"product_cat-schmiermittel","10":"product_cat-kroon-oil","11":"product_cat-additiven","12":"product_shipping_class-paket-0-10-kg","14":"first","15":"onbackorder","16":"sale","17":"taxable","18":"shipping-taxable","19":"purchasable","20":"product-type-simple"},"group_of_quantity":0,"min_quantity":0,"max_quantity":"","exclude_order_quantity_value_rules":"no","exclude_category_quantity_rules":"no","combine_variations":"no","locations":[{"id":4275,"name":"AES Emmeloord","slug":"aes-emmeloord","quantity":""},{"id":4276,"name":"AES Lemmer","slug":"aes-lemmer","quantity":""}],"_links":{"self":[{"href":"https:\/\/ab-marineservice.com\/de\/wp-json\/wp\/v2\/product\/366176","targetHints":{"allow":["GET"]}}],"collection":[{"href":"https:\/\/ab-marineservice.com\/de\/wp-json\/wp\/v2\/product"}],"about":[{"href":"https:\/\/ab-marineservice.com\/de\/wp-json\/wp\/v2\/types\/product"}],"replies":[{"embeddable":true,"href":"https:\/\/ab-marineservice.com\/de\/wp-json\/wp\/v2\/comments?post=366176"}],"wp:featuredmedia":[{"embeddable":true,"href":"https:\/\/ab-marineservice.com\/de\/wp-json\/wp\/v2\/media\/364628"}],"wp:attachment":[{"href":"https:\/\/ab-marineservice.com\/de\/wp-json\/wp\/v2\/media?parent=366176"}],"wp:term":[{"taxonomy":"location","embeddable":true,"href":"https:\/\/ab-marineservice.com\/de\/wp-json\/wp\/v2\/location?post=366176"},{"taxonomy":"product_brand","embeddable":true,"href":"https:\/\/ab-marineservice.com\/de\/wp-json\/wp\/v2\/product_brand?post=366176"},{"taxonomy":"product_cat","embeddable":true,"href":"https:\/\/ab-marineservice.com\/de\/wp-json\/wp\/v2\/product_cat?post=366176"},{"taxonomy":"product_tag","embeddable":true,"href":"https:\/\/ab-marineservice.com\/de\/wp-json\/wp\/v2\/product_tag?post=366176"}],"curies":[{"name":"wp","href":"https:\/\/api.w.org\/{rel}","templated":true}]}}