{"id":366177,"date":"2025-06-15T16:52:11","date_gmt":"2025-06-15T16:35:55","guid":{"rendered":"https:\/\/ab-marineservice.com\/product\/flushing-oil-pro\/"},"modified":"2025-11-20T17:46:16","modified_gmt":"2025-11-20T16:46:16","slug":"flushing-oil-pro-3","status":"publish","type":"product","link":"https:\/\/ab-marineservice.com\/de\/produkt\/flushing-oil-pro-3\/","title":{"rendered":"Flushing Oil Pro \u2013 60 Liter"},"content":{"rendered":"<p>Flushing Oil Pro (FOP) ist ein Produkt zur Reinigung von intern verschmutzten Motoren. Entfernt Farbe, \u00d6lschlamm, Ablagerungen und eingedicktes Motor\u00f6l. Durch die aktive Reinigung von Turbolagern, Hydrost\u00f6\u00dfeln und Kolbenringnuten werden Kontaminierungsprobleme, die u.a. durch lange Wechselintervalle entstehen, gel\u00f6st. Regelm\u00e4\u00dfige Anwendung wird: Schlamm und Ablagerungen entfernen, den endg\u00fcltigen Kompressionsdruck erh\u00f6hen, die Motorleistung optimieren, den \u00d6lverbrauch reduzieren und die Lebensdauer des Motors verl\u00e4ngern. F\u00fcr ein optimales Ergebnis den Motor nach der Verwendung von FOP erneut mit Kroon-Oil Neutralizer Oil Pro sp\u00fclen.<\/p>\n<h4>Typische Standardanalysen<\/h4>\n<table class=\"table analyse-table\">\n<tr>\n<td>Dichte bei 15 \u00b0C<\/td>\n<td>\n<b>0,863<\/b>  kg\/l<\/td>\n<\/tr>\n<tr>\n<td>Viskosit\u00e4t 40 \u00b0C<\/td>\n<td>\n<b>31,30<\/b>  mm\u00b2\/s<\/td>\n<\/tr>\n<tr>\n<td>Viskosit\u00e4t 100 \u00b0C<\/td>\n<td>\n<b>5,92<\/b>  mm\u00b2\/s<\/td>\n<\/tr>\n<tr>\n<td>Viskosit\u00e4tsindex<\/td>\n<td>\n<b>136<\/b> <\/td>\n<\/tr>\n<tr>\n<td>Flammpunkt PM<\/td>\n<td>\n<b>100<\/b>  \u00b0C<\/td>\n<\/tr>\n<tr>\n<td>Flie\u00dfpunkt<\/td>\n<td>\n<b>-45<\/b>  \u00b0C<\/td>\n<\/tr>\n<tr>\n<td>Sulfataschegehalt<\/td>\n<td>\n<b>0,84<\/b>  %<\/td>\n<\/tr>\n<\/table>\n","protected":false},"excerpt":{"rendered":"<p>Flushing Oil Pro (FOP) ist ein Produkt zur Reinigung von intern verschmutzten Motoren. Entfernt Farbe, \u00d6lschlamm, Ablagerungen und eingedicktes Motor\u00f6l. Durch die aktive Reinigung von Turbolagern, Hydrost\u00f6\u00dfeln und Kolbenringnuten werden [&hellip;]<\/p>\n","protected":false},"featured_media":364632,"comment_status":"open","ping_status":"open","template":"","meta":[],"location":[4275,4276],"product_brand":[25894],"product_cat":[2187,9884],"product_tag":[],"class_list":{"0":"post-366177","1":"product","2":"type-product","3":"status-publish","4":"has-post-thumbnail","6":"location-aes-emmeloord","7":"location-aes-lemmer","8":"product_brand-kroon-oil","9":"product_cat-schmiermittel","10":"product_cat-kroon-oil","11":"product_shipping_class-paket-0-10-kg","13":"first","14":"onbackorder","15":"sale","16":"taxable","17":"shipping-taxable","18":"purchasable","19":"product-type-simple"},"group_of_quantity":0,"min_quantity":0,"max_quantity":"","exclude_order_quantity_value_rules":"no","exclude_category_quantity_rules":"no","combine_variations":"no","locations":[{"id":4275,"name":"AES Emmeloord","slug":"aes-emmeloord","quantity":""},{"id":4276,"name":"AES Lemmer","slug":"aes-lemmer","quantity":""}],"_links":{"self":[{"href":"https:\/\/ab-marineservice.com\/de\/wp-json\/wp\/v2\/product\/366177","targetHints":{"allow":["GET"]}}],"collection":[{"href":"https:\/\/ab-marineservice.com\/de\/wp-json\/wp\/v2\/product"}],"about":[{"href":"https:\/\/ab-marineservice.com\/de\/wp-json\/wp\/v2\/types\/product"}],"replies":[{"embeddable":true,"href":"https:\/\/ab-marineservice.com\/de\/wp-json\/wp\/v2\/comments?post=366177"}],"wp:featuredmedia":[{"embeddable":true,"href":"https:\/\/ab-marineservice.com\/de\/wp-json\/wp\/v2\/media\/364632"}],"wp:attachment":[{"href":"https:\/\/ab-marineservice.com\/de\/wp-json\/wp\/v2\/media?parent=366177"}],"wp:term":[{"taxonomy":"location","embeddable":true,"href":"https:\/\/ab-marineservice.com\/de\/wp-json\/wp\/v2\/location?post=366177"},{"taxonomy":"product_brand","embeddable":true,"href":"https:\/\/ab-marineservice.com\/de\/wp-json\/wp\/v2\/product_brand?post=366177"},{"taxonomy":"product_cat","embeddable":true,"href":"https:\/\/ab-marineservice.com\/de\/wp-json\/wp\/v2\/product_cat?post=366177"},{"taxonomy":"product_tag","embeddable":true,"href":"https:\/\/ab-marineservice.com\/de\/wp-json\/wp\/v2\/product_tag?post=366177"}],"curies":[{"name":"wp","href":"https:\/\/api.w.org\/{rel}","templated":true}]}}