{"id":366179,"date":"2025-06-15T16:52:11","date_gmt":"2025-06-15T14:52:11","guid":{"rendered":"https:\/\/ab-marineservice.com\/product\/neutralizer-oil-pro\/"},"modified":"2026-01-05T16:40:14","modified_gmt":"2026-01-05T15:40:14","slug":"neutralizer-oil-pro-2","status":"publish","type":"product","link":"https:\/\/ab-marineservice.com\/de\/produkt\/neutralizer-oil-pro-2\/","title":{"rendered":"Neutralizer Oil Pro &#8211; 15 Liter sollte nach der Verwendung von Flushing Oil Pro verwendet werden."},"content":{"rendered":"<h4>Typische Standardanalysen<\/h4>\n<table class=\"table analyse-table\">\n<tbody>\n<tr>\n<td>Dichte bei 15 \u00b0C<\/td>\n<td><b>0,886<\/b> kg\/l<\/td>\n<\/tr>\n<tr>\n<td>Viskosit\u00e4t -15 \u00b0C<\/td>\n<td><b>5000<\/b> mPa.s<\/td>\n<\/tr>\n<tr>\n<td>Viskosit\u00e4t 40 \u00b0C<\/td>\n<td><b>68,00<\/b> mm\u00b2\/s<\/td>\n<\/tr>\n<tr>\n<td>Viskosit\u00e4t 100 \u00b0C<\/td>\n<td><b>8,00<\/b> mm\u00b2\/s<\/td>\n<\/tr>\n<tr>\n<td>Viskosit\u00e4tsindex<\/td>\n<td><b>98<\/b><\/td>\n<\/tr>\n<tr>\n<td>Flammpunkt COC<\/td>\n<td><b>215<\/b> \u00b0C<\/td>\n<\/tr>\n<tr>\n<td>Flie\u00dfpunkt<\/td>\n<td><b>-24<\/b> \u00b0C<\/td>\n<\/tr>\n<tr>\n<td>Gesamtbasenzahl<\/td>\n<td><b>3,5<\/b> mgKOH\/g<\/td>\n<\/tr>\n<tr>\n<td>Schwefels\u00e4uregehalt<\/td>\n<td><b>0,55<\/b> %<\/td>\n<\/tr>\n<\/tbody>\n<\/table>\n","protected":false},"excerpt":{"rendered":"<p>Neutralizer Oil Pro (NOP) ist ein neutralisierendes Motor\u00f6l mit einem zus\u00e4tzlichen Reinigungszusatzpaket und wird nach jeder professionellen Sp\u00fclbehandlung empfohlen. Dadurch wird verhindert, dass verbleibende Sp\u00fclfl\u00fcssigkeit sich direkt mit frischem Motor\u00f6l vermischt. Es entfernt effektiv alle verbleibenden verschmutzenden (Sp\u00fcl-)Motor\u00f6le und Verunreinigungsr\u00fcckst\u00e4nde, sodass frisches Motor\u00f6l mit einem 100% gereinigten Motor beginnen kann und nicht sofort mit eventuell verbleibendem (Sp\u00fcl-)Motor\u00f6l kontaminiert wird.<\/p>\n<p>1) Entfernen Sie das <a href=\"https:\/\/ab-marineservice.com\/de\/produkt\/flushing-oil-pro-2\/\">Flushing Oil Pro<\/a> Motor\u00f6l bei einem warmen Motor und ersetzen Sie gleichzeitig den Motor\u00f6lfilter.<\/p>\n<p>2) F\u00fcllen Sie den Motor mit Neutralizer Oil Pro (NOP) auf.<\/p>\n<p>3) Lassen Sie den Motor +\/- 10 Minuten im Leerlauf laufen und erh\u00f6hen Sie gelegentlich die Drehzahl auf maximal 2.500 U\/min. Fahren Sie nicht unter Last!<\/p>\n<p>4) Entfernen Sie NOP und ersetzen Sie gleichzeitig den Motor\u00f6lfilter.<\/p>\n<p>5) F\u00fcllen Sie den Motor wieder mit der richtigen Menge &#038; Qualit\u00e4t von Kroon-Oil Motor\u00f6l auf, weitere Informationen finden Sie auf www.kroon-oil.com.<\/p>\n","protected":false},"featured_media":364640,"comment_status":"open","ping_status":"closed","template":"","meta":[],"location":[4275,4276],"product_brand":[25894],"product_cat":[2187,9884,3018],"product_tag":[],"class_list":{"0":"post-366179","1":"product","2":"type-product","3":"status-publish","4":"has-post-thumbnail","6":"location-aes-emmeloord","7":"location-aes-lemmer","8":"product_brand-kroon-oil","9":"product_cat-schmiermittel","10":"product_cat-kroon-oil","11":"product_cat-additiven","12":"product_shipping_class-paket-0-10-kg","14":"first","15":"onbackorder","16":"sale","17":"taxable","18":"shipping-taxable","19":"purchasable","20":"product-type-simple"},"group_of_quantity":0,"min_quantity":0,"max_quantity":"","exclude_order_quantity_value_rules":"no","exclude_category_quantity_rules":"no","combine_variations":"no","locations":[{"id":4275,"name":"AES Emmeloord","slug":"aes-emmeloord","quantity":""},{"id":4276,"name":"AES Lemmer","slug":"aes-lemmer","quantity":""}],"_links":{"self":[{"href":"https:\/\/ab-marineservice.com\/de\/wp-json\/wp\/v2\/product\/366179","targetHints":{"allow":["GET"]}}],"collection":[{"href":"https:\/\/ab-marineservice.com\/de\/wp-json\/wp\/v2\/product"}],"about":[{"href":"https:\/\/ab-marineservice.com\/de\/wp-json\/wp\/v2\/types\/product"}],"replies":[{"embeddable":true,"href":"https:\/\/ab-marineservice.com\/de\/wp-json\/wp\/v2\/comments?post=366179"}],"wp:featuredmedia":[{"embeddable":true,"href":"https:\/\/ab-marineservice.com\/de\/wp-json\/wp\/v2\/media\/364640"}],"wp:attachment":[{"href":"https:\/\/ab-marineservice.com\/de\/wp-json\/wp\/v2\/media?parent=366179"}],"wp:term":[{"taxonomy":"location","embeddable":true,"href":"https:\/\/ab-marineservice.com\/de\/wp-json\/wp\/v2\/location?post=366179"},{"taxonomy":"product_brand","embeddable":true,"href":"https:\/\/ab-marineservice.com\/de\/wp-json\/wp\/v2\/product_brand?post=366179"},{"taxonomy":"product_cat","embeddable":true,"href":"https:\/\/ab-marineservice.com\/de\/wp-json\/wp\/v2\/product_cat?post=366179"},{"taxonomy":"product_tag","embeddable":true,"href":"https:\/\/ab-marineservice.com\/de\/wp-json\/wp\/v2\/product_tag?post=366179"}],"curies":[{"name":"wp","href":"https:\/\/api.w.org\/{rel}","templated":true}]}}