{"id":366181,"date":"2025-06-15T16:52:11","date_gmt":"2025-06-15T14:52:11","guid":{"rendered":"https:\/\/ab-marineservice.com\/product\/neutralizer-oil-pro\/"},"modified":"2025-11-20T17:46:28","modified_gmt":"2025-11-20T16:46:28","slug":"neutralizer-oil-pro-4","status":"publish","type":"product","link":"https:\/\/ab-marineservice.com\/de\/produkt\/neutralizer-oil-pro-4\/","title":{"rendered":"Neutralizer Oil Pro \u2013 208 Liter"},"content":{"rendered":"<p>Neutralizer Oil Pro (NOP) ist ein neutralisierendes Motor\u00f6l mit zus\u00e4tzlichem Reinigungsadditivpaket und wird bei jeder professionellen Sp\u00fclung eingesetzt. Dies verhindert, dass sich Sp\u00fclmittelreste direkt mit neuem Motor\u00f6l vermischen. Es entfernt effizient alle Reste von verunreinigtem (Sp\u00fcl-)Motor\u00f6l und Schmutzr\u00fcckst\u00e4nde, wodurch das neue Motor\u00f6l in einen zu 100% gereinigten Motor gelangt und nicht sofort wieder mit altem (Sp\u00fcl-)Motor\u00f6l verunreinigt wird.<\/p>\n<h4>Typische Standardanalysen<\/h4>\n<table class=\"table analyse-table\">\n<tr>\n<td>Dichte bei 15 \u00b0C<\/td>\n<td>\n<b>0,886<\/b>  kg\/l<\/td>\n<\/tr>\n<tr>\n<td>Viskosit\u00e4t -15 \u00b0C<\/td>\n<td>\n<b>5000<\/b>  mPa.s<\/td>\n<\/tr>\n<tr>\n<td>Viskosit\u00e4t 40 \u00b0C<\/td>\n<td>\n<b>68,00<\/b>  mm\u00b2\/s<\/td>\n<\/tr>\n<tr>\n<td>Viskosit\u00e4t 100 \u00b0C<\/td>\n<td>\n<b>8,00<\/b>  mm\u00b2\/s<\/td>\n<\/tr>\n<tr>\n<td>Viskosit\u00e4tsindex<\/td>\n<td>\n<b>98<\/b> <\/td>\n<\/tr>\n<tr>\n<td>Flammpunkt COC<\/td>\n<td>\n<b>215<\/b>  \u00b0C<\/td>\n<\/tr>\n<tr>\n<td>Flie\u00dfpunkt<\/td>\n<td>\n<b>-24<\/b>  \u00b0C<\/td>\n<\/tr>\n<tr>\n<td>Basenzahl<\/td>\n<td>\n<b>3,5<\/b>  mgKOH\/g<\/td>\n<\/tr>\n<tr>\n<td>Sulfataschegehalt<\/td>\n<td>\n<b>0,55<\/b>  %<\/td>\n<\/tr>\n<\/table>\n","protected":false},"excerpt":{"rendered":"<p>1) Flushing Oil Pro Motor\u00f6l bei warmem Motor ablassen und den Motor\u00f6lfilter wechseln. 2) Den Motor mit Neutralizer Oil Pro (NOP) bef\u00fcllen. 3) Den Motor ca. 10 Minuten lang im Leerlauf drehen lassen und gelegentlich auf max. 2.500 U\/min hochdrehen. Keinesfalls mit Last betreiben! 4) NOP ablassen und den Motor\u00f6lfilter wechseln. 5) Den Motor wieder mit der korrekten Menge des passenden Kroon-Oil Motor\u00f6ls bef\u00fcllen, siehe www.kroon-oil.com.<\/p>\n","protected":false},"featured_media":364648,"comment_status":"open","ping_status":"open","template":"","meta":[],"location":[4275,4276],"product_brand":[25894],"product_cat":[2187,9884],"product_tag":[],"class_list":{"0":"post-366181","1":"product","2":"type-product","3":"status-publish","4":"has-post-thumbnail","6":"location-aes-emmeloord","7":"location-aes-lemmer","8":"product_brand-kroon-oil","9":"product_cat-schmiermittel","10":"product_cat-kroon-oil","11":"product_shipping_class-palettenversand","13":"first","14":"onbackorder","15":"sale","16":"taxable","17":"shipping-taxable","18":"purchasable","19":"product-type-simple"},"group_of_quantity":0,"min_quantity":0,"max_quantity":"","exclude_order_quantity_value_rules":"no","exclude_category_quantity_rules":"no","combine_variations":"no","locations":[{"id":4275,"name":"AES Emmeloord","slug":"aes-emmeloord","quantity":""},{"id":4276,"name":"AES Lemmer","slug":"aes-lemmer","quantity":""}],"_links":{"self":[{"href":"https:\/\/ab-marineservice.com\/de\/wp-json\/wp\/v2\/product\/366181","targetHints":{"allow":["GET"]}}],"collection":[{"href":"https:\/\/ab-marineservice.com\/de\/wp-json\/wp\/v2\/product"}],"about":[{"href":"https:\/\/ab-marineservice.com\/de\/wp-json\/wp\/v2\/types\/product"}],"replies":[{"embeddable":true,"href":"https:\/\/ab-marineservice.com\/de\/wp-json\/wp\/v2\/comments?post=366181"}],"wp:featuredmedia":[{"embeddable":true,"href":"https:\/\/ab-marineservice.com\/de\/wp-json\/wp\/v2\/media\/364648"}],"wp:attachment":[{"href":"https:\/\/ab-marineservice.com\/de\/wp-json\/wp\/v2\/media?parent=366181"}],"wp:term":[{"taxonomy":"location","embeddable":true,"href":"https:\/\/ab-marineservice.com\/de\/wp-json\/wp\/v2\/location?post=366181"},{"taxonomy":"product_brand","embeddable":true,"href":"https:\/\/ab-marineservice.com\/de\/wp-json\/wp\/v2\/product_brand?post=366181"},{"taxonomy":"product_cat","embeddable":true,"href":"https:\/\/ab-marineservice.com\/de\/wp-json\/wp\/v2\/product_cat?post=366181"},{"taxonomy":"product_tag","embeddable":true,"href":"https:\/\/ab-marineservice.com\/de\/wp-json\/wp\/v2\/product_tag?post=366181"}],"curies":[{"name":"wp","href":"https:\/\/api.w.org\/{rel}","templated":true}]}}