{"id":366189,"date":"2025-06-15T16:53:03","date_gmt":"2025-06-15T14:53:03","guid":{"rendered":"https:\/\/ab-marineservice.com\/product\/coolant-sp-18\/"},"modified":"2025-11-20T17:45:51","modified_gmt":"2025-11-20T16:45:51","slug":"coolant-sp-18-2","status":"publish","type":"product","link":"https:\/\/ab-marineservice.com\/de\/produkt\/coolant-sp-18-2\/","title":{"rendered":"Coolant SP 18 \u2013 20 Liter"},"content":{"rendered":"<p>Coolant SP 18 ist ein gebrauchsfertiges Premium-Langzeitk\u00fchlmittel der neuen Generation f\u00fcr einen Frostschutz bis -37\u00a0\u00b0C. Die spezielle fortschrittliche und patentierte LOBRID-PSi-OAT-Additivtechnologie auf der Basis von organischen Inhibitoren, Phosphaten und Silikaten garantiert au\u00dfergew\u00f6hnlichen und lang anhaltenden Korrosionsschutz sowie Langzeitstabilit\u00e4t. Coolant SP 18 bewirkt sehr schnell einen vollst\u00e4ndigen und langfristigen Korrosionsschutz f\u00fcr neu verbaute korrosionsempfindliche Aluminiumbauteile. Dieses Produkt bietet auch hervorragenden Schutz gegen \u00dcberhitzung moderner Downsizing-Motoren, die oft erh\u00f6hter thermischer Belastung ausgesetzt sind, und sch\u00fctzt zudem \u00e4u\u00dferst effektiv vor Kavitation. Coolant SP 18 ist v\u00f6llig frei von Aminen, Nitriten und Boraten.<\/p>\n<h4>Produktdaten<\/h4>\n<ul>\n<li>ASTM D3306<\/li>\n<li>JIS K 2234<\/li>\n<li>BMW LC-18 \/ LC-87 \/ LC-97<\/li>\n<li>CNH JIC-501<\/li>\n<li>Cummins 85T8-2<\/li>\n<li>Deutz DQC CA-14<\/li>\n<li>Volvo 128 6083 \/ 002<\/li>\n<\/ul>\n<h4>Typische Standardanalysen<\/h4>\n<table class=\"table analyse-table\">\n<tr>\n<td>Dichte bei 15 \u00b0C<\/td>\n<td>\n<b>1,072<\/b>  kg\/l<\/td>\n<\/tr>\n<tr>\n<td>Brechungs Index 20\u00b0C<\/td>\n<td>\n<b>1,387<\/b> <\/td>\n<\/tr>\n<tr>\n<td>pH &#8211; Wert<\/td>\n<td>\n<b>8,2<\/b> <\/td>\n<\/tr>\n<\/table>\n","protected":false},"excerpt":{"rendered":"<p>Coolant SP 18 ist ein gebrauchsfertiges, gr\u00fcnes Langzeitk\u00fchlmittel speziell f\u00fcr moderne Leichtmetall-K\u00fchlsysteme der neuen Generation von Downsizing-Motoren, die oft einer h\u00f6heren thermische Belastung als herk\u00f6mmliche Motoren unterliegen. Das Produkt ist f\u00fcr die Verwendung in verschiedenen PKW-Modellen einschlie\u00dflich Volvo und BMW geeignet, wo die f\u00fcr dieses Produkt angegebenen Volvo- und BMW-Eigenschaften vorgeschrieben sind.<\/p>\n","protected":false},"featured_media":364674,"comment_status":"open","ping_status":"open","template":"","meta":[],"location":[4275,4276],"product_brand":[25894],"product_cat":[2187,9884],"product_tag":[],"class_list":{"0":"post-366189","1":"product","2":"type-product","3":"status-publish","4":"has-post-thumbnail","6":"location-aes-emmeloord","7":"location-aes-lemmer","8":"product_brand-kroon-oil","9":"product_cat-schmiermittel","10":"product_cat-kroon-oil","11":"product_shipping_class-paket-0-10-kg","13":"first","14":"onbackorder","15":"sale","16":"taxable","17":"shipping-taxable","18":"purchasable","19":"product-type-simple"},"group_of_quantity":0,"min_quantity":0,"max_quantity":"","exclude_order_quantity_value_rules":"no","exclude_category_quantity_rules":"no","combine_variations":"no","locations":[{"id":4275,"name":"AES Emmeloord","slug":"aes-emmeloord","quantity":""},{"id":4276,"name":"AES Lemmer","slug":"aes-lemmer","quantity":""}],"_links":{"self":[{"href":"https:\/\/ab-marineservice.com\/de\/wp-json\/wp\/v2\/product\/366189","targetHints":{"allow":["GET"]}}],"collection":[{"href":"https:\/\/ab-marineservice.com\/de\/wp-json\/wp\/v2\/product"}],"about":[{"href":"https:\/\/ab-marineservice.com\/de\/wp-json\/wp\/v2\/types\/product"}],"replies":[{"embeddable":true,"href":"https:\/\/ab-marineservice.com\/de\/wp-json\/wp\/v2\/comments?post=366189"}],"wp:featuredmedia":[{"embeddable":true,"href":"https:\/\/ab-marineservice.com\/de\/wp-json\/wp\/v2\/media\/364674"}],"wp:attachment":[{"href":"https:\/\/ab-marineservice.com\/de\/wp-json\/wp\/v2\/media?parent=366189"}],"wp:term":[{"taxonomy":"location","embeddable":true,"href":"https:\/\/ab-marineservice.com\/de\/wp-json\/wp\/v2\/location?post=366189"},{"taxonomy":"product_brand","embeddable":true,"href":"https:\/\/ab-marineservice.com\/de\/wp-json\/wp\/v2\/product_brand?post=366189"},{"taxonomy":"product_cat","embeddable":true,"href":"https:\/\/ab-marineservice.com\/de\/wp-json\/wp\/v2\/product_cat?post=366189"},{"taxonomy":"product_tag","embeddable":true,"href":"https:\/\/ab-marineservice.com\/de\/wp-json\/wp\/v2\/product_tag?post=366189"}],"curies":[{"name":"wp","href":"https:\/\/api.w.org\/{rel}","templated":true}]}}