{"id":366193,"date":"2025-06-15T16:53:58","date_gmt":"2025-06-15T14:53:58","guid":{"rendered":"https:\/\/ab-marineservice.com\/product\/antifreeze-sp-12-evo\/"},"modified":"2026-05-04T15:33:39","modified_gmt":"2026-05-04T13:33:39","slug":"antifreeze-sp-12-evo-3","status":"publish","type":"product","link":"https:\/\/ab-marineservice.com\/de\/produkt\/antifreeze-sp-12-evo-3\/","title":{"rendered":"Antifreeze SP 12 EVO \u2013 208 Liter"},"content":{"rendered":"<p>Antifreeze SP 12 EVO ist ein Premium-Langzeitfrostschutzmittel \u2013 speziell f\u00fcr die neue Generation von K\u00fchlsystemen moderner Downsizing-Motoren entwickelt. Die patentierte LOBRID-PSi-OAT-Additivtechnologie garantiert exzellenten Langzeitkorrosionsschutz und beste Langzeitstabilit\u00e4t. Das Produkt bietet eine sehr starke S\u00e4ureneutralisierung f\u00fcr sehr lange Wechselintervalle. Einzigartige Additive neutralisieren auch die negativen Auswirkungen von Flussmittelr\u00fcckst\u00e4nden, die bei der Herstellung von Aluminiumk\u00fchlern entstehen Dar\u00fcber hinaus bewirkt dieses Produkt sehr schnell vollen Korrosionsschutz, der bereits nach einer Betriebsstunde erreicht ist. Antifreeze SP 12 EVO ist v\u00f6llig frei von Aminen, Nitriten, Boraten und 2-Ethylhexans\u00e4ure.<\/p>\n<h4>Produktdaten<\/h4>\n<ul>\n<li>ASTM D3306<\/li>\n<li>JIS K 2234<\/li>\n<li>CNH JIC-501<\/li>\n<li>Cummins 85T8-2<\/li>\n<li>Deutz DQC CA-14<\/li>\n<li>DTFR 29C120 \/ 29C100<\/li>\n<li>Iveco 18-1830<\/li>\n<li>MAN 324 Si-OAT<\/li>\n<li>MB 325.5 \/ 325.0<\/li>\n<li>MTU 5048<\/li>\n<li>Toyota LLC 1WW\/2WW<\/li>\n<li>VW TL 774-L\/J\/G\/F\/D<\/li>\n<\/ul>\n<h4>Typische Standardanalysen<\/h4>\n<table class=\"table analyse-table\">\n<tr>\n<td>Dichte bei 15 \u00b0C<\/td>\n<td>\n<b>1,125<\/b>  kg\/l<\/td>\n<\/tr>\n<tr>\n<td>Siedepunkt (R\u00fcckflu\u00df)<\/td>\n<td>\n<b>170<\/b>  \u00b0C<\/td>\n<\/tr>\n<tr>\n<td>pH &#8211; Wert<\/td>\n<td>\n<b>8,0<\/b> <\/td>\n<\/tr>\n<tr>\n<td>Kristallisationspunkt: 30 vol%<\/td>\n<td>\n<b>-17<\/b>  \u00b0C<\/td>\n<\/tr>\n<tr>\n<td>Kristallisationspunkt: 40 vol%<\/td>\n<td>\n<b>-25<\/b>  \u00b0C<\/td>\n<\/tr>\n<tr>\n<td>Kristallisationspunkt: 50 vol%<\/td>\n<td>\n<b>-37<\/b>  \u00b0C<\/td>\n<\/tr>\n<\/table>\n","protected":false},"excerpt":{"rendered":"<p>Antifreeze SP 12 EVO ist ein modernes gebrauchsfertiges, pink fluoreszierendes Langzeitfrostschutzmittel. Es wurde speziell f\u00fcr die aktuelle Generation der VAG-Modelle entwickelt, f\u00fcr die VW die Qualit\u00e4t G12 EVO vorschreibt. Antifreeze SP 12 EVO ist voll abw\u00e4rtskompatibel und kann mit \u00e4lteren VAG-K\u00fchlmitteln (Antifreeze SP 13, SP 12++, SP 12) gemischt werden. Es eignet sich auch f\u00fcr andere Fahrzeuge, f\u00fcr die eine der unten aufgef\u00fchrten Qualit\u00e4ten vorgeschrieben ist.<\/p>\n","protected":false},"featured_media":364690,"comment_status":"open","ping_status":"open","template":"","meta":[],"location":[4275,4276],"product_brand":[25894],"product_cat":[2187,9884],"product_tag":[],"class_list":{"0":"post-366193","1":"product","2":"type-product","3":"status-publish","4":"has-post-thumbnail","6":"location-aes-emmeloord","7":"location-aes-lemmer","8":"product_brand-kroon-oil","9":"product_cat-schmiermittel","10":"product_cat-kroon-oil","11":"product_shipping_class-palettenversand","13":"first","14":"onbackorder","15":"sale","16":"taxable","17":"shipping-taxable","18":"purchasable","19":"product-type-simple"},"group_of_quantity":0,"min_quantity":0,"max_quantity":"","exclude_order_quantity_value_rules":"no","exclude_category_quantity_rules":"no","combine_variations":"no","locations":[{"id":4275,"name":"AES Emmeloord","slug":"aes-emmeloord","quantity":""},{"id":4276,"name":"AES Lemmer","slug":"aes-lemmer","quantity":""}],"_links":{"self":[{"href":"https:\/\/ab-marineservice.com\/de\/wp-json\/wp\/v2\/product\/366193","targetHints":{"allow":["GET"]}}],"collection":[{"href":"https:\/\/ab-marineservice.com\/de\/wp-json\/wp\/v2\/product"}],"about":[{"href":"https:\/\/ab-marineservice.com\/de\/wp-json\/wp\/v2\/types\/product"}],"replies":[{"embeddable":true,"href":"https:\/\/ab-marineservice.com\/de\/wp-json\/wp\/v2\/comments?post=366193"}],"wp:featuredmedia":[{"embeddable":true,"href":"https:\/\/ab-marineservice.com\/de\/wp-json\/wp\/v2\/media\/364690"}],"wp:attachment":[{"href":"https:\/\/ab-marineservice.com\/de\/wp-json\/wp\/v2\/media?parent=366193"}],"wp:term":[{"taxonomy":"location","embeddable":true,"href":"https:\/\/ab-marineservice.com\/de\/wp-json\/wp\/v2\/location?post=366193"},{"taxonomy":"product_brand","embeddable":true,"href":"https:\/\/ab-marineservice.com\/de\/wp-json\/wp\/v2\/product_brand?post=366193"},{"taxonomy":"product_cat","embeddable":true,"href":"https:\/\/ab-marineservice.com\/de\/wp-json\/wp\/v2\/product_cat?post=366193"},{"taxonomy":"product_tag","embeddable":true,"href":"https:\/\/ab-marineservice.com\/de\/wp-json\/wp\/v2\/product_tag?post=366193"}],"curies":[{"name":"wp","href":"https:\/\/api.w.org\/{rel}","templated":true}]}}