{"id":366196,"date":"2025-06-15T16:53:58","date_gmt":"2025-06-15T14:53:58","guid":{"rendered":"https:\/\/ab-marineservice.com\/product\/emperol-5w-40\/"},"modified":"2025-11-20T17:45:22","modified_gmt":"2025-11-20T16:45:22","slug":"emperol-5w-40-5","status":"publish","type":"product","link":"https:\/\/ab-marineservice.com\/de\/produkt\/emperol-5w-40-5\/","title":{"rendered":"Emperol 5W-40 \u2013 20 Liter"},"content":{"rendered":"<p>Emperol 5W-40 ist ein modernes, synthetisches Universalmotor\u00f6l f\u00fcr Kraftstoffeinsparung. Das Produkt basiert auf synthetischen Grund\u00f6len mit von Natur aus hohem Viskosit\u00e4tsindex. Dank seiner Erg\u00e4nzung durch wegweisende Additive bietet es folgende Eigenschaften:<\/p>\n<ul>\n<li>Kraftstoffeinsparung: bis zu 3%<\/li>\n<li>Extrem hoher Viskosit\u00e4tsindex und hohe Scherstabilit\u00e4t<\/li>\n<li>Zuverl\u00e4ssige Kaltstarts<\/li>\n<li>Sch\u00fctzender Schmierfilm auch bei extrem hohen Betriebstemperaturen<\/li>\n<li>Hervorragende Dispersions- und Detergenswirkung<\/li>\n<li>Sehr wirkungsvoller Schutz vor Verschlei\u00df, Korrosion und Schaumbildung<\/li>\n<\/ul>\n<h4>Produktdaten<\/h4>\n<ul>\n<li>ACEA A3\/B4<\/li>\n<li>API SN\/CF<\/li>\n<li>VW 502.00\/505.00<\/li>\n<li>MB 229.3<\/li>\n<li>Renault RN0700 \/ RN0710<\/li>\n<li>BMW Longlife-01<\/li>\n<li>Fiat 9.55535-M2<\/li>\n<li>GM LL-B-025<\/li>\n<li>Porsche A40<\/li>\n<li>PSA B71 2296<\/li>\n<\/ul>\n<h4>Typische Standardanalysen<\/h4>\n<table class=\"table analyse-table\">\n<tr>\n<td>Dichte bei 15 \u00b0C<\/td>\n<td>\n<b>0,856<\/b>  kg\/l<\/td>\n<\/tr>\n<tr>\n<td>Viskosit\u00e4t -30 \u00b0C<\/td>\n<td>\n<b>5880<\/b>  mPa.s<\/td>\n<\/tr>\n<tr>\n<td>Viskosit\u00e4t 40 \u00b0C<\/td>\n<td>\n<b>92,20<\/b>  mm\u00b2\/s<\/td>\n<\/tr>\n<tr>\n<td>Viskosit\u00e4t 100 \u00b0C<\/td>\n<td>\n<b>14,70<\/b>  mm\u00b2\/s<\/td>\n<\/tr>\n<tr>\n<td>Viskosit\u00e4tsindex<\/td>\n<td>\n<b>167<\/b> <\/td>\n<\/tr>\n<tr>\n<td>Flammpunkt COC<\/td>\n<td>\n<b>228<\/b>  \u00b0C<\/td>\n<\/tr>\n<tr>\n<td>Flie\u00dfpunkt<\/td>\n<td>\n<b>-42<\/b>  \u00b0C<\/td>\n<\/tr>\n<tr>\n<td>Basenzahl<\/td>\n<td>\n<b>10,8<\/b>  mgKOH\/g<\/td>\n<\/tr>\n<tr>\n<td>Sulfataschegehalt<\/td>\n<td>\n<b>1,32<\/b>  %<\/td>\n<\/tr>\n<\/table>\n","protected":false},"excerpt":{"rendered":"<p>Emperol 5W-40 ist ein synthetisches, kraftstoffsparendes Motor\u00f6l. Das Produkt eignet sich f\u00fcr alle Benzin- und Dieselmotortypen von Pkw und Kleintransportern mit oder ohne Turbolader. Zur optimalen Anwendung siehe Kroon-Oil Datenbank \u201eProduktberatung\u201c.<\/p>\n","protected":false},"featured_media":364702,"comment_status":"open","ping_status":"open","template":"","meta":[],"location":[4275,4276],"product_brand":[25894],"product_cat":[2187,9884],"product_tag":[],"class_list":{"0":"post-366196","1":"product","2":"type-product","3":"status-publish","4":"has-post-thumbnail","6":"location-aes-emmeloord","7":"location-aes-lemmer","8":"product_brand-kroon-oil","9":"product_cat-schmiermittel","10":"product_cat-kroon-oil","11":"product_shipping_class-paket-0-10-kg","13":"first","14":"onbackorder","15":"sale","16":"taxable","17":"shipping-taxable","18":"purchasable","19":"product-type-simple"},"group_of_quantity":0,"min_quantity":0,"max_quantity":"","exclude_order_quantity_value_rules":"no","exclude_category_quantity_rules":"no","combine_variations":"no","locations":[{"id":4275,"name":"AES Emmeloord","slug":"aes-emmeloord","quantity":""},{"id":4276,"name":"AES Lemmer","slug":"aes-lemmer","quantity":""}],"_links":{"self":[{"href":"https:\/\/ab-marineservice.com\/de\/wp-json\/wp\/v2\/product\/366196","targetHints":{"allow":["GET"]}}],"collection":[{"href":"https:\/\/ab-marineservice.com\/de\/wp-json\/wp\/v2\/product"}],"about":[{"href":"https:\/\/ab-marineservice.com\/de\/wp-json\/wp\/v2\/types\/product"}],"replies":[{"embeddable":true,"href":"https:\/\/ab-marineservice.com\/de\/wp-json\/wp\/v2\/comments?post=366196"}],"wp:featuredmedia":[{"embeddable":true,"href":"https:\/\/ab-marineservice.com\/de\/wp-json\/wp\/v2\/media\/364702"}],"wp:attachment":[{"href":"https:\/\/ab-marineservice.com\/de\/wp-json\/wp\/v2\/media?parent=366196"}],"wp:term":[{"taxonomy":"location","embeddable":true,"href":"https:\/\/ab-marineservice.com\/de\/wp-json\/wp\/v2\/location?post=366196"},{"taxonomy":"product_brand","embeddable":true,"href":"https:\/\/ab-marineservice.com\/de\/wp-json\/wp\/v2\/product_brand?post=366196"},{"taxonomy":"product_cat","embeddable":true,"href":"https:\/\/ab-marineservice.com\/de\/wp-json\/wp\/v2\/product_cat?post=366196"},{"taxonomy":"product_tag","embeddable":true,"href":"https:\/\/ab-marineservice.com\/de\/wp-json\/wp\/v2\/product_tag?post=366196"}],"curies":[{"name":"wp","href":"https:\/\/api.w.org\/{rel}","templated":true}]}}