{"id":366197,"date":"2025-06-15T16:53:58","date_gmt":"2025-06-15T14:53:58","guid":{"rendered":"https:\/\/ab-marineservice.com\/product\/emperol-10w-40\/"},"modified":"2025-11-20T17:45:25","modified_gmt":"2025-11-20T16:45:25","slug":"emperol-10w-40-20-liter","status":"publish","type":"product","link":"https:\/\/ab-marineservice.com\/de\/produkt\/emperol-10w-40-20-liter\/","title":{"rendered":"Emperol 10W-40 \u2013 20 Liter"},"content":{"rendered":"<p>Emperol 10W-40 ist ein modernes, kraftstoffsparendes Universalmotor\u00f6l mit mineralischen und synthetischen Grund\u00f6len, die von Natur her einen hohen Viskosit\u00e4tsindex bieten. Dank seiner sorgf\u00e4ltig gewichteten Additive bietet es folgende Eigenschaften:<\/p>\n<ul>\n<li>Kraftstoffeinsparung bis zu 2%<\/li>\n<li>Extrem hoher Viskosit\u00e4tsindex und hohe Scherstabilit\u00e4t<\/li>\n<li>Zuverl\u00e4ssige Kaltstarts<\/li>\n<li>Zuverl\u00e4ssiger Schmierfilm bei hohen Temperaturen<\/li>\n<li>Hervorragende Dispersions- und Detergenswirkung: Verhindert Ausf\u00e4llung von \u00d6lschlamm.<\/li>\n<li>Sehr wirkungsvoller Schutz vor Verschlei\u00df, Korrosion und Schaumbildung<\/li>\n<li>Eignung f\u00fcr Fahrzeuge mit den neuesten Katalysatortechnologien<\/li>\n<\/ul>\n<h4>Produktdaten<\/h4>\n<ul>\n<li>ACEA A3\/B4<\/li>\n<li>API SN\/CF<\/li>\n<li>MB 229.1<\/li>\n<li>VW 501.01\/505.00<\/li>\n<\/ul>\n<h4>Typische Standardanalysen<\/h4>\n<table class=\"table analyse-table\">\n<tr>\n<td>Dichte bei 15 \u00b0C<\/td>\n<td>\n<b>0,869<\/b>  kg\/l<\/td>\n<\/tr>\n<tr>\n<td>Viskosit\u00e4t -25 \u00b0C<\/td>\n<td>\n<b>5830<\/b>  mPa.s<\/td>\n<\/tr>\n<tr>\n<td>Viskosit\u00e4t 40 \u00b0C<\/td>\n<td>\n<b>93,90<\/b>  mm\u00b2\/s<\/td>\n<\/tr>\n<tr>\n<td>Viskosit\u00e4t 100 \u00b0C<\/td>\n<td>\n<b>14,20<\/b>  mm\u00b2\/s<\/td>\n<\/tr>\n<tr>\n<td>Viskosit\u00e4tsindex<\/td>\n<td>\n<b>153<\/b> <\/td>\n<\/tr>\n<tr>\n<td>Flammpunkt COC<\/td>\n<td>\n<b>224<\/b>  \u00b0C<\/td>\n<\/tr>\n<tr>\n<td>Flie\u00dfpunkt<\/td>\n<td>\n<b>-39<\/b>  \u00b0C<\/td>\n<\/tr>\n<tr>\n<td>Basenzahl<\/td>\n<td>\n<b>10,4<\/b>  mgKOH\/g<\/td>\n<\/tr>\n<tr>\n<td>Sulfataschegehalt<\/td>\n<td>\n<b>1,31<\/b>  %<\/td>\n<\/tr>\n<\/table>\n","protected":false},"excerpt":{"rendered":"<p>Emperol 10W-40 ist ein halbsynthetisches, kraftstoffsparendes Motor\u00f6l. Es eignet sich f\u00fcr alle Benzin- und Dieselmotortypen von Pkw und Kleintransportern mit oder ohne Turbolader. Zur optimalen Anwendung siehe Kroon-Oil Datenbank \u201eProduktberatung\u201c.<\/p>\n","protected":false},"featured_media":364706,"comment_status":"open","ping_status":"open","template":"","meta":[],"location":[4275,4276],"product_brand":[25894],"product_cat":[2187,9884],"product_tag":[],"class_list":{"0":"post-366197","1":"product","2":"type-product","3":"status-publish","4":"has-post-thumbnail","6":"location-aes-emmeloord","7":"location-aes-lemmer","8":"product_brand-kroon-oil","9":"product_cat-schmiermittel","10":"product_cat-kroon-oil","11":"product_shipping_class-paket-0-10-kg","13":"first","14":"onbackorder","15":"sale","16":"taxable","17":"shipping-taxable","18":"purchasable","19":"product-type-simple"},"group_of_quantity":0,"min_quantity":0,"max_quantity":"","exclude_order_quantity_value_rules":"no","exclude_category_quantity_rules":"no","combine_variations":"no","locations":[{"id":4275,"name":"AES Emmeloord","slug":"aes-emmeloord","quantity":""},{"id":4276,"name":"AES Lemmer","slug":"aes-lemmer","quantity":""}],"_links":{"self":[{"href":"https:\/\/ab-marineservice.com\/de\/wp-json\/wp\/v2\/product\/366197","targetHints":{"allow":["GET"]}}],"collection":[{"href":"https:\/\/ab-marineservice.com\/de\/wp-json\/wp\/v2\/product"}],"about":[{"href":"https:\/\/ab-marineservice.com\/de\/wp-json\/wp\/v2\/types\/product"}],"replies":[{"embeddable":true,"href":"https:\/\/ab-marineservice.com\/de\/wp-json\/wp\/v2\/comments?post=366197"}],"wp:featuredmedia":[{"embeddable":true,"href":"https:\/\/ab-marineservice.com\/de\/wp-json\/wp\/v2\/media\/364706"}],"wp:attachment":[{"href":"https:\/\/ab-marineservice.com\/de\/wp-json\/wp\/v2\/media?parent=366197"}],"wp:term":[{"taxonomy":"location","embeddable":true,"href":"https:\/\/ab-marineservice.com\/de\/wp-json\/wp\/v2\/location?post=366197"},{"taxonomy":"product_brand","embeddable":true,"href":"https:\/\/ab-marineservice.com\/de\/wp-json\/wp\/v2\/product_brand?post=366197"},{"taxonomy":"product_cat","embeddable":true,"href":"https:\/\/ab-marineservice.com\/de\/wp-json\/wp\/v2\/product_cat?post=366197"},{"taxonomy":"product_tag","embeddable":true,"href":"https:\/\/ab-marineservice.com\/de\/wp-json\/wp\/v2\/product_tag?post=366197"}],"curies":[{"name":"wp","href":"https:\/\/api.w.org\/{rel}","templated":true}]}}