{"id":366202,"date":"2025-06-15T16:53:58","date_gmt":"2025-06-15T14:53:58","guid":{"rendered":"https:\/\/ab-marineservice.com\/product\/chainlube-bio\/"},"modified":"2025-11-20T17:45:09","modified_gmt":"2025-11-20T16:45:09","slug":"chainlube-bio-4","status":"publish","type":"product","link":"https:\/\/ab-marineservice.com\/de\/produkt\/chainlube-bio-4\/","title":{"rendered":"Chainlube Bio \u2013 20 Liter"},"content":{"rendered":"<p>Chainlube Bio ist ein Kettens\u00e4gen\u00f6l, das auf biologisch vollst\u00e4ndig abbaubarem Pflanzen\u00f6l basiert. Die Additivmischung des \u00d6ls sorgt f\u00fcr ein optimales Haft- und Schmierverm\u00f6gen. Diese speziell ausgew\u00e4hlten Additive werden in der Umwelt innerhalb k\u00fcrzester Zeit abgebaut. Chainlube Bio gew\u00e4hrleistet auch bei h\u00f6heren Temperaturen ausgezeichnete Haftung an der Kette.<\/p>\n<h4>Produktdaten<\/h4>\n<ul>\n<li>ISO 6743-1 AC<\/li>\n<li>Biodegradability according OECD 301 B &gt;75%<\/li>\n<\/ul>\n<h4>Typische Standardanalysen<\/h4>\n<table class=\"table analyse-table\">\n<tr>\n<td>Dichte bei 15 \u00b0C<\/td>\n<td>\n<b>0,918<\/b>  kg\/l<\/td>\n<\/tr>\n<tr>\n<td>Viskosit\u00e4t 40 \u00b0C<\/td>\n<td>\n<b>68,00<\/b>  mm\u00b2\/s<\/td>\n<\/tr>\n<tr>\n<td>Viskosit\u00e4t 100 \u00b0C<\/td>\n<td>\n<b>14,00<\/b>  mm\u00b2\/s<\/td>\n<\/tr>\n<tr>\n<td>Viskosit\u00e4tsindex<\/td>\n<td>\n<b>220<\/b> <\/td>\n<\/tr>\n<tr>\n<td>Flammpunkt PM<\/td>\n<td>\n<b>180<\/b>  \u00b0C<\/td>\n<\/tr>\n<tr>\n<td>Flammpunkt COC<\/td>\n<td>\n<b>325<\/b>  \u00b0C<\/td>\n<\/tr>\n<tr>\n<td>Flie\u00dfpunkt<\/td>\n<td>\n<b>-24<\/b>  \u00b0C<\/td>\n<\/tr>\n<\/table>\n","protected":false},"excerpt":{"rendered":"<p>Chainlube Bio wurde speziell zum Schmieren von Kettens\u00e4gen-Schneidketten entwickelt, damit diese nicht klemmen oder rei\u00dfen. Chainlube Bio wurde vom RAL-Institut (Deutsches Institut f\u00fcr G\u00fctesicherung und Kennzeichnung) mit dem &#8216;Blauen Engel&#8217; ausgezeichnet.<\/p>\n<p>Achtung! Chainlube Bio ist NICHT zur Schmierung des Antriebsmotors geeignet.<\/p>\n","protected":false},"featured_media":364726,"comment_status":"open","ping_status":"open","template":"","meta":[],"location":[4275,4276],"product_brand":[25894],"product_cat":[2187,9884],"product_tag":[],"class_list":{"0":"post-366202","1":"product","2":"type-product","3":"status-publish","4":"has-post-thumbnail","6":"location-aes-emmeloord","7":"location-aes-lemmer","8":"product_brand-kroon-oil","9":"product_cat-schmiermittel","10":"product_cat-kroon-oil","11":"product_shipping_class-paket-0-10-kg","13":"first","14":"onbackorder","15":"sale","16":"taxable","17":"shipping-taxable","18":"purchasable","19":"product-type-simple"},"group_of_quantity":0,"min_quantity":0,"max_quantity":"","exclude_order_quantity_value_rules":"no","exclude_category_quantity_rules":"no","combine_variations":"no","locations":[{"id":4275,"name":"AES Emmeloord","slug":"aes-emmeloord","quantity":""},{"id":4276,"name":"AES Lemmer","slug":"aes-lemmer","quantity":""}],"_links":{"self":[{"href":"https:\/\/ab-marineservice.com\/de\/wp-json\/wp\/v2\/product\/366202","targetHints":{"allow":["GET"]}}],"collection":[{"href":"https:\/\/ab-marineservice.com\/de\/wp-json\/wp\/v2\/product"}],"about":[{"href":"https:\/\/ab-marineservice.com\/de\/wp-json\/wp\/v2\/types\/product"}],"replies":[{"embeddable":true,"href":"https:\/\/ab-marineservice.com\/de\/wp-json\/wp\/v2\/comments?post=366202"}],"wp:featuredmedia":[{"embeddable":true,"href":"https:\/\/ab-marineservice.com\/de\/wp-json\/wp\/v2\/media\/364726"}],"wp:attachment":[{"href":"https:\/\/ab-marineservice.com\/de\/wp-json\/wp\/v2\/media?parent=366202"}],"wp:term":[{"taxonomy":"location","embeddable":true,"href":"https:\/\/ab-marineservice.com\/de\/wp-json\/wp\/v2\/location?post=366202"},{"taxonomy":"product_brand","embeddable":true,"href":"https:\/\/ab-marineservice.com\/de\/wp-json\/wp\/v2\/product_brand?post=366202"},{"taxonomy":"product_cat","embeddable":true,"href":"https:\/\/ab-marineservice.com\/de\/wp-json\/wp\/v2\/product_cat?post=366202"},{"taxonomy":"product_tag","embeddable":true,"href":"https:\/\/ab-marineservice.com\/de\/wp-json\/wp\/v2\/product_tag?post=366202"}],"curies":[{"name":"wp","href":"https:\/\/api.w.org\/{rel}","templated":true}]}}