{"id":366208,"date":"2025-06-15T16:54:51","date_gmt":"2025-06-15T14:54:51","guid":{"rendered":"https:\/\/ab-marineservice.com\/product\/perlus-af-32\/"},"modified":"2025-11-20T17:44:47","modified_gmt":"2025-11-20T16:44:47","slug":"perlus-af-32-4","status":"publish","type":"product","link":"https:\/\/ab-marineservice.com\/de\/produkt\/perlus-af-32-4\/","title":{"rendered":"Perlus AF 32 \u2013 20 Liter"},"content":{"rendered":"<p>Perlus AF 32 ist ein hochwertiges Hydraulik\u00f6l f\u00fcr extreme Druckbelastung (EP-\u00d6l). Es basiert auf speziellen, solventraffinierten Grund\u00f6len mit von Natur aus hohem Viskosit\u00e4tsindex und Spezialadditiven, um folgende Eigenschaften zu bieten:<\/p>\n<ul>\n<li>\u00dcberlegener Verschlei\u00dfschutz<\/li>\n<li>Hervorragender Rost- und Korrosionsschutz<\/li>\n<li>Ausgezeichnete Oxidationsstabilit\u00e4t<\/li>\n<li>\u00c4u\u00dferst wirkungsvoller Demulgator<\/li>\n<li>Hocheffiziente Luftfreigabe und Schaumunterdr\u00fcckung<\/li>\n<li>Greift synthetische Dichtungen nicht an.<\/li>\n<li>Niedriger Flie\u00dfpunkt<\/li>\n<\/ul>\n<h4>Produktdaten<\/h4>\n<ul>\n<li>AFNOR NF E 48-603 HM<\/li>\n<li>AIST (US Steel) 126\/127<\/li>\n<li>ANSI\/AGMA 9005-E02-RO<\/li>\n<li>ASTM D 6158 HM<\/li>\n<li>Bosch Rexroth RDE 90235<\/li>\n<li>Cincinnati Machine P-68<\/li>\n<li>Denison HF-0 \/ HF-1 \/ HF-2<\/li>\n<li>DIN 51524-2 HLP<\/li>\n<li>Eaton E-FDGN-TB002-E<\/li>\n<li>Eaton (Vickers) M-2950-S (35VQ25) \/ I-286-S3<\/li>\n<li>GB 11118.1<\/li>\n<li>GM LS-2<\/li>\n<li>ISO 11158 HM \/ 20763 \/ 6743-4 HM<\/li>\n<li>JCMAS P041 HK<\/li>\n<li>SEB 181222<\/li>\n<li>SAE MS 1004<\/li>\n<li>ISO 6743-3 DVC<\/li>\n<\/ul>\n<h4>Typische Standardanalysen<\/h4>\n<table class=\"table analyse-table\">\n<tr>\n<td>Dichte bei 15 \u00b0C<\/td>\n<td>\n<b>0,869<\/b>  kg\/l<\/td>\n<\/tr>\n<tr>\n<td>Viskosit\u00e4t 40 \u00b0C<\/td>\n<td>\n<b>32,00<\/b>  mm\u00b2\/s<\/td>\n<\/tr>\n<tr>\n<td>Viskosit\u00e4t 100 \u00b0C<\/td>\n<td>\n<b>5,52<\/b>  mm\u00b2\/s<\/td>\n<\/tr>\n<tr>\n<td>Viskosit\u00e4tsindex<\/td>\n<td>\n<b>102<\/b> <\/td>\n<\/tr>\n<tr>\n<td>Flammpunkt COC<\/td>\n<td>\n<b>205<\/b>  \u00b0C<\/td>\n<\/tr>\n<tr>\n<td>Flie\u00dfpunkt<\/td>\n<td>\n<b>-33<\/b>  \u00b0C<\/td>\n<\/tr>\n<tr>\n<td>S\u00e4urenzahl<\/td>\n<td>\n<b>0,40<\/b>  mgKOH\/g<\/td>\n<\/tr>\n<tr>\n<td>Sulfataschegehalt<\/td>\n<td>\n<b>0,06<\/b>  %<\/td>\n<\/tr>\n<\/table>\n","protected":false},"excerpt":{"rendered":"<p>Perlus AF 32 ist gleicherma\u00dfen auf Heavy-Duty-Hydrauliksysteme sowie auf Leichtlast-Zahnradgetriebe und -lager ausgelegt. Zudem empfiehlt sich Perlus AF 32 auch f\u00fcr Umlaufschmiersysteme (mit Ausnahme von Turbinen) sowie zur Schmierung von Unterdruckpumpen und allgemeinen mechanischen Anwendungen.<\/p>\n","protected":false},"featured_media":364750,"comment_status":"open","ping_status":"open","template":"","meta":[],"location":[4275,4276],"product_brand":[25894],"product_cat":[1436,2187,9884],"product_tag":[],"class_list":{"0":"post-366208","1":"product","2":"type-product","3":"status-publish","4":"has-post-thumbnail","6":"location-aes-emmeloord","7":"location-aes-lemmer","8":"product_brand-kroon-oil","9":"product_cat-wartung","10":"product_cat-schmiermittel","11":"product_cat-kroon-oil","12":"product_shipping_class-paket-0-10-kg","14":"first","15":"onbackorder","16":"sale","17":"taxable","18":"shipping-taxable","19":"purchasable","20":"product-type-simple"},"group_of_quantity":0,"min_quantity":0,"max_quantity":"","exclude_order_quantity_value_rules":"no","exclude_category_quantity_rules":"no","combine_variations":"no","locations":[{"id":4275,"name":"AES Emmeloord","slug":"aes-emmeloord","quantity":""},{"id":4276,"name":"AES Lemmer","slug":"aes-lemmer","quantity":""}],"_links":{"self":[{"href":"https:\/\/ab-marineservice.com\/de\/wp-json\/wp\/v2\/product\/366208","targetHints":{"allow":["GET"]}}],"collection":[{"href":"https:\/\/ab-marineservice.com\/de\/wp-json\/wp\/v2\/product"}],"about":[{"href":"https:\/\/ab-marineservice.com\/de\/wp-json\/wp\/v2\/types\/product"}],"replies":[{"embeddable":true,"href":"https:\/\/ab-marineservice.com\/de\/wp-json\/wp\/v2\/comments?post=366208"}],"wp:featuredmedia":[{"embeddable":true,"href":"https:\/\/ab-marineservice.com\/de\/wp-json\/wp\/v2\/media\/364750"}],"wp:attachment":[{"href":"https:\/\/ab-marineservice.com\/de\/wp-json\/wp\/v2\/media?parent=366208"}],"wp:term":[{"taxonomy":"location","embeddable":true,"href":"https:\/\/ab-marineservice.com\/de\/wp-json\/wp\/v2\/location?post=366208"},{"taxonomy":"product_brand","embeddable":true,"href":"https:\/\/ab-marineservice.com\/de\/wp-json\/wp\/v2\/product_brand?post=366208"},{"taxonomy":"product_cat","embeddable":true,"href":"https:\/\/ab-marineservice.com\/de\/wp-json\/wp\/v2\/product_cat?post=366208"},{"taxonomy":"product_tag","embeddable":true,"href":"https:\/\/ab-marineservice.com\/de\/wp-json\/wp\/v2\/product_tag?post=366208"}],"curies":[{"name":"wp","href":"https:\/\/api.w.org\/{rel}","templated":true}]}}