{"id":366215,"date":"2025-06-15T16:55:47","date_gmt":"2025-06-15T14:55:47","guid":{"rendered":"https:\/\/ab-marineservice.com\/product\/compressol-sco-46\/"},"modified":"2025-11-20T17:44:22","modified_gmt":"2025-11-20T16:44:22","slug":"compressol-sco-46-4","status":"publish","type":"product","link":"https:\/\/ab-marineservice.com\/de\/produkt\/compressol-sco-46-4\/","title":{"rendered":"Compressol SCO 46 \u2013 20 Liter"},"content":{"rendered":"<p>Compressol SCO 46 ist ein Schraubenkompressor\u00f6l, das aus speziellen mineralischen Premium-Grund\u00f6len formuliert ist. Dank einer exklusiven Additivmischung bietet es folgende Eigenschaften:<\/p>\n<ul>\n<li>Ausgezeichnete Oxidationsstabilit\u00e4t<\/li>\n<li>\u00dcberlegener Verschlei\u00dfschutz<\/li>\n<li>Sehr wirkungsvoller Korrosionsschutz<\/li>\n<li>Starke Reinigungswirkung und effektive Schmutzentfernung<\/li>\n<li>Gute Schaumunterdr\u00fcckung<\/li>\n<li>Schnelle Trennung des \u00d6ls von Kondensaten, wodurch der Verbrauch von Aktivkohlepatronen im \u00d6l-\/Wasserabscheider reduziert wird.<\/li>\n<\/ul>\n<h4>Produktdaten<\/h4>\n<ul>\n<li>ISO 6743-3A-DAH<\/li>\n<\/ul>\n<h4>Typische Standardanalysen<\/h4>\n<table class=\"table analyse-table\">\n<tr>\n<td>Dichte bei 15 \u00b0C<\/td>\n<td>\n<b>0,863<\/b>  kg\/l<\/td>\n<\/tr>\n<tr>\n<td>Viskosit\u00e4t 40 \u00b0C<\/td>\n<td>\n<b>46,00<\/b>  mm\u00b2\/s<\/td>\n<\/tr>\n<tr>\n<td>Viskosit\u00e4t 100 \u00b0C<\/td>\n<td>\n<b>7,27<\/b>  mm\u00b2\/s<\/td>\n<\/tr>\n<tr>\n<td>Viskosit\u00e4tsindex<\/td>\n<td>\n<b>110<\/b> <\/td>\n<\/tr>\n<tr>\n<td>Flammpunkt COC<\/td>\n<td>\n<b>212<\/b>  \u00b0C<\/td>\n<\/tr>\n<tr>\n<td>Flie\u00dfpunkt<\/td>\n<td>\n<b>-33<\/b>  \u00b0C<\/td>\n<\/tr>\n<\/table>\n","protected":false},"excerpt":{"rendered":"<p>Compressol SCO 46 wurde speziell f\u00fcr die Schmierung von Schrauben- und Fl\u00fcgelverdichtern mit \u00d6leinspritzung und relativ hohen Betriebstemperaturen entwickelt. Dank seiner Formulierung ist das Produkt wasserabweisend. Dadurch k\u00f6nnen die heutigen Umweltvorschriften f\u00fcr Kondenswasserabfuhr auf verantwortliche Weise erf\u00fcllt werden.<\/p>\n","protected":false},"featured_media":364778,"comment_status":"open","ping_status":"open","template":"","meta":[],"location":[4275,4276],"product_brand":[25894],"product_cat":[1436,2187,9884],"product_tag":[],"class_list":{"0":"post-366215","1":"product","2":"type-product","3":"status-publish","4":"has-post-thumbnail","6":"location-aes-emmeloord","7":"location-aes-lemmer","8":"product_brand-kroon-oil","9":"product_cat-wartung","10":"product_cat-schmiermittel","11":"product_cat-kroon-oil","12":"product_shipping_class-paket-0-10-kg","14":"first","15":"onbackorder","16":"sale","17":"taxable","18":"shipping-taxable","19":"purchasable","20":"product-type-simple"},"group_of_quantity":0,"min_quantity":0,"max_quantity":"","exclude_order_quantity_value_rules":"no","exclude_category_quantity_rules":"no","combine_variations":"no","locations":[{"id":4275,"name":"AES Emmeloord","slug":"aes-emmeloord","quantity":""},{"id":4276,"name":"AES Lemmer","slug":"aes-lemmer","quantity":""}],"_links":{"self":[{"href":"https:\/\/ab-marineservice.com\/de\/wp-json\/wp\/v2\/product\/366215","targetHints":{"allow":["GET"]}}],"collection":[{"href":"https:\/\/ab-marineservice.com\/de\/wp-json\/wp\/v2\/product"}],"about":[{"href":"https:\/\/ab-marineservice.com\/de\/wp-json\/wp\/v2\/types\/product"}],"replies":[{"embeddable":true,"href":"https:\/\/ab-marineservice.com\/de\/wp-json\/wp\/v2\/comments?post=366215"}],"wp:featuredmedia":[{"embeddable":true,"href":"https:\/\/ab-marineservice.com\/de\/wp-json\/wp\/v2\/media\/364778"}],"wp:attachment":[{"href":"https:\/\/ab-marineservice.com\/de\/wp-json\/wp\/v2\/media?parent=366215"}],"wp:term":[{"taxonomy":"location","embeddable":true,"href":"https:\/\/ab-marineservice.com\/de\/wp-json\/wp\/v2\/location?post=366215"},{"taxonomy":"product_brand","embeddable":true,"href":"https:\/\/ab-marineservice.com\/de\/wp-json\/wp\/v2\/product_brand?post=366215"},{"taxonomy":"product_cat","embeddable":true,"href":"https:\/\/ab-marineservice.com\/de\/wp-json\/wp\/v2\/product_cat?post=366215"},{"taxonomy":"product_tag","embeddable":true,"href":"https:\/\/ab-marineservice.com\/de\/wp-json\/wp\/v2\/product_tag?post=366215"}],"curies":[{"name":"wp","href":"https:\/\/api.w.org\/{rel}","templated":true}]}}