{"id":366216,"date":"2025-06-15T16:55:47","date_gmt":"2025-06-15T14:55:47","guid":{"rendered":"https:\/\/ab-marineservice.com\/product\/pneumolube\/"},"modified":"2025-11-20T17:44:25","modified_gmt":"2025-11-20T16:44:25","slug":"pneumolube-4","status":"publish","type":"product","link":"https:\/\/ab-marineservice.com\/de\/produkt\/pneumolube-4\/","title":{"rendered":"Pneumolube \u2013 20 Liter"},"content":{"rendered":"<p>Pneumolube ist das perfekte Schmiermittel f\u00fcr pneumatisch angetriebene Werkzeuge. Pneumolube ist ein wasserl\u00f6sliches, synthetisches Schmiermittel, dem spezielle Additive hinzugef\u00fcgt werden, um folgende Eigenschaften zu erzielen:<\/p>\n<ul>\n<li>Wirkungsvoller Korrosions-, Oxidations- und Verschlei\u00dfschutz<\/li>\n<li>Verhindert Vereisung in Druckluftwerkzeugen und -maschinen.<\/li>\n<li>Verhindert Ablagerungen in Druckluftsystemen.<\/li>\n<li>Milde Reinigungswirkung<\/li>\n<li>Greift weder Gummi noch synthetische Materialien an.<\/li>\n<\/ul>\n<h4>Typische Standardanalysen<\/h4>\n<table class=\"table analyse-table\">\n<tr>\n<td>Dichte bei 15 \u00b0C<\/td>\n<td>\n<b>1,102<\/b>  kg\/l<\/td>\n<\/tr>\n<tr>\n<td>Viskosit\u00e4t 20 \u00b0C<\/td>\n<td>\n<b>23,00<\/b>  mm\u00b2\/s<\/td>\n<\/tr>\n<tr>\n<td>Viskosit\u00e4t 40 \u00b0C<\/td>\n<td>\n<b>10,00<\/b>  mm\u00b2\/s<\/td>\n<\/tr>\n<tr>\n<td>Flie\u00dfpunkt<\/td>\n<td>\n<b>-75<\/b>  \u00b0C<\/td>\n<\/tr>\n<tr>\n<td>Brechungs Index 20\u00b0C<\/td>\n<td>\n<b>1,417<\/b> <\/td>\n<\/tr>\n<tr>\n<td>pH &#8211; 10 % in Wasser<\/td>\n<td>\n<b>8,5<\/b> <\/td>\n<\/tr>\n<\/table>\n","protected":false},"excerpt":{"rendered":"<p>Pneumolube wird zur \u00d6lnebelschmierung in Pneumatiksystemen verwendet, z. B.: Presslufth\u00e4mmer, Bohrer, Luftmotoren und Aufbruchh\u00e4mmer. Das Produkt l\u00e4sst sich nicht mit anderen Mineral\u00f6len mischen; die Ger\u00e4te brauchen aber nicht gereinigt zu werden. Die Arbeit kann bis zu -25 C ausgef\u00fchrt werden, ohne dass die Druckluftger\u00e4te einfrieren.<\/p>\n","protected":false},"featured_media":364782,"comment_status":"open","ping_status":"open","template":"","meta":[],"location":[4275,4276],"product_brand":[25894],"product_cat":[1436,2187,9884],"product_tag":[],"class_list":{"0":"post-366216","1":"product","2":"type-product","3":"status-publish","4":"has-post-thumbnail","6":"location-aes-emmeloord","7":"location-aes-lemmer","8":"product_brand-kroon-oil","9":"product_cat-wartung","10":"product_cat-schmiermittel","11":"product_cat-kroon-oil","12":"product_shipping_class-paket-0-10-kg","14":"first","15":"onbackorder","16":"sale","17":"taxable","18":"shipping-taxable","19":"purchasable","20":"product-type-simple"},"group_of_quantity":0,"min_quantity":0,"max_quantity":"","exclude_order_quantity_value_rules":"no","exclude_category_quantity_rules":"no","combine_variations":"no","locations":[{"id":4275,"name":"AES Emmeloord","slug":"aes-emmeloord","quantity":""},{"id":4276,"name":"AES Lemmer","slug":"aes-lemmer","quantity":""}],"_links":{"self":[{"href":"https:\/\/ab-marineservice.com\/de\/wp-json\/wp\/v2\/product\/366216","targetHints":{"allow":["GET"]}}],"collection":[{"href":"https:\/\/ab-marineservice.com\/de\/wp-json\/wp\/v2\/product"}],"about":[{"href":"https:\/\/ab-marineservice.com\/de\/wp-json\/wp\/v2\/types\/product"}],"replies":[{"embeddable":true,"href":"https:\/\/ab-marineservice.com\/de\/wp-json\/wp\/v2\/comments?post=366216"}],"wp:featuredmedia":[{"embeddable":true,"href":"https:\/\/ab-marineservice.com\/de\/wp-json\/wp\/v2\/media\/364782"}],"wp:attachment":[{"href":"https:\/\/ab-marineservice.com\/de\/wp-json\/wp\/v2\/media?parent=366216"}],"wp:term":[{"taxonomy":"location","embeddable":true,"href":"https:\/\/ab-marineservice.com\/de\/wp-json\/wp\/v2\/location?post=366216"},{"taxonomy":"product_brand","embeddable":true,"href":"https:\/\/ab-marineservice.com\/de\/wp-json\/wp\/v2\/product_brand?post=366216"},{"taxonomy":"product_cat","embeddable":true,"href":"https:\/\/ab-marineservice.com\/de\/wp-json\/wp\/v2\/product_cat?post=366216"},{"taxonomy":"product_tag","embeddable":true,"href":"https:\/\/ab-marineservice.com\/de\/wp-json\/wp\/v2\/product_tag?post=366216"}],"curies":[{"name":"wp","href":"https:\/\/api.w.org\/{rel}","templated":true}]}}