{"id":366228,"date":"2025-06-15T16:56:42","date_gmt":"2025-06-15T14:56:42","guid":{"rendered":"https:\/\/ab-marineservice.com\/product\/perlus-af-10\/"},"modified":"2025-11-20T17:43:37","modified_gmt":"2025-11-20T16:43:37","slug":"perlus-af-10-3","status":"publish","type":"product","link":"https:\/\/ab-marineservice.com\/de\/produkt\/perlus-af-10-3\/","title":{"rendered":"Perlus AF 10 \u2013 20 Liter"},"content":{"rendered":"<p>Perlus AF 10 ist ein hochwertiges Hydraulik\u00f6l Typ HLP. Es wird aus sorgf\u00e4ltig ausgew\u00e4hlten Solvent Raffinierten Grund\u00f6len mit nat\u00fcrlichem Viskosit\u00e4tsindex hergestellt. Wirkungsvolle Zus\u00e4tze gew\u00e4hrleisten:<\/p>\n<ul>\n<li>Ausgezeichneter Schutz vor Verschlei\u00df<\/li>\n<li>Sehr guter Schutz vor Rost und Korrosion<\/li>\n<li>Sehr hohe Oxydationsstabilit\u00e4t<\/li>\n<li>Sehr gute Demulgierung<\/li>\n<li>Hervorragendes Luftabscheideverm\u00f6gen, das Schaumbildung weitestgehend ausschlie\u00dft<\/li>\n<li>Neutrales Verhalten gegen\u00fcber Dichtungen aus Kunststoffen<\/li>\n<li>Niedriger Flie\u00dfpunkt<\/li>\n<\/ul>\n<h4>Produktdaten<\/h4>\n<ul>\n<li>AFNOR NF E 48-603 HM<\/li>\n<li>ASTM D 6158 HM<\/li>\n<li>DIN 51524-2 HLP<\/li>\n<li>ISO 11158 HM \/ 6743-4 HM<\/li>\n<\/ul>\n<h4>Typische Standardanalysen<\/h4>\n<table class=\"table analyse-table\">\n<tr>\n<td>Dichte bei 15 \u00b0C<\/td>\n<td>\n<b>0,888<\/b>  kg\/l<\/td>\n<\/tr>\n<tr>\n<td>Viskosit\u00e4t 40 \u00b0C<\/td>\n<td>\n<b>10,00<\/b>  mm\u00b2\/s<\/td>\n<\/tr>\n<tr>\n<td>Viskosit\u00e4t 100 \u00b0C<\/td>\n<td>\n<b>2,60<\/b>  mm\u00b2\/s<\/td>\n<\/tr>\n<tr>\n<td>Viskosit\u00e4tsindex<\/td>\n<td>\n<b>90<\/b> <\/td>\n<\/tr>\n<tr>\n<td>Flammpunkt COC<\/td>\n<td>\n<b>172<\/b>  \u00b0C<\/td>\n<\/tr>\n<tr>\n<td>Flie\u00dfpunkt<\/td>\n<td>\n<b>-60<\/b>  \u00b0C<\/td>\n<\/tr>\n<tr>\n<td>S\u00e4urenzahl<\/td>\n<td>\n<b>0,30<\/b>  mgKOH\/g<\/td>\n<\/tr>\n<tr>\n<td>Sulfataschegehalt<\/td>\n<td>\n<b>0,06<\/b>  %<\/td>\n<\/tr>\n<\/table>\n","protected":false},"excerpt":{"rendered":"<p>Perlus AF 10 Hydraulik\u00f6l ist in allen Hydrauliksystemen voll einsetzbar, wenn Hydraulik\u00f6le des Typs HLP oder HL gefordert werden. Ausserdem geeignet als Umlauf\u00f6l, f\u00fcr Vakuumpumpen und algemeine Maschinenschmierung (nicht als Turbinen\u00f6l) In Systeme, in denen Silber\/Silberlegierungen vorhanden sind, soll dieses Hydraulik\u00f6l nich eingesetzt werden.<\/p>\n","protected":false},"featured_media":364830,"comment_status":"open","ping_status":"open","template":"","meta":[],"location":[4275,4276],"product_brand":[25894],"product_cat":[1436,2187,9884],"product_tag":[],"class_list":{"0":"post-366228","1":"product","2":"type-product","3":"status-publish","4":"has-post-thumbnail","6":"location-aes-emmeloord","7":"location-aes-lemmer","8":"product_brand-kroon-oil","9":"product_cat-wartung","10":"product_cat-schmiermittel","11":"product_cat-kroon-oil","12":"product_shipping_class-paket-0-10-kg","14":"first","15":"onbackorder","16":"sale","17":"taxable","18":"shipping-taxable","19":"purchasable","20":"product-type-simple"},"group_of_quantity":0,"min_quantity":0,"max_quantity":"","exclude_order_quantity_value_rules":"no","exclude_category_quantity_rules":"no","combine_variations":"no","locations":[{"id":4275,"name":"AES Emmeloord","slug":"aes-emmeloord","quantity":""},{"id":4276,"name":"AES Lemmer","slug":"aes-lemmer","quantity":""}],"_links":{"self":[{"href":"https:\/\/ab-marineservice.com\/de\/wp-json\/wp\/v2\/product\/366228","targetHints":{"allow":["GET"]}}],"collection":[{"href":"https:\/\/ab-marineservice.com\/de\/wp-json\/wp\/v2\/product"}],"about":[{"href":"https:\/\/ab-marineservice.com\/de\/wp-json\/wp\/v2\/types\/product"}],"replies":[{"embeddable":true,"href":"https:\/\/ab-marineservice.com\/de\/wp-json\/wp\/v2\/comments?post=366228"}],"wp:featuredmedia":[{"embeddable":true,"href":"https:\/\/ab-marineservice.com\/de\/wp-json\/wp\/v2\/media\/364830"}],"wp:attachment":[{"href":"https:\/\/ab-marineservice.com\/de\/wp-json\/wp\/v2\/media?parent=366228"}],"wp:term":[{"taxonomy":"location","embeddable":true,"href":"https:\/\/ab-marineservice.com\/de\/wp-json\/wp\/v2\/location?post=366228"},{"taxonomy":"product_brand","embeddable":true,"href":"https:\/\/ab-marineservice.com\/de\/wp-json\/wp\/v2\/product_brand?post=366228"},{"taxonomy":"product_cat","embeddable":true,"href":"https:\/\/ab-marineservice.com\/de\/wp-json\/wp\/v2\/product_cat?post=366228"},{"taxonomy":"product_tag","embeddable":true,"href":"https:\/\/ab-marineservice.com\/de\/wp-json\/wp\/v2\/product_tag?post=366228"}],"curies":[{"name":"wp","href":"https:\/\/api.w.org\/{rel}","templated":true}]}}