{"id":366238,"date":"2025-06-15T16:57:36","date_gmt":"2025-06-15T16:42:22","guid":{"rendered":"https:\/\/ab-marineservice.com\/product\/compressol-as-68\/"},"modified":"2025-11-20T17:43:04","modified_gmt":"2025-11-20T16:43:04","slug":"compressol-as-68-3","status":"publish","type":"product","link":"https:\/\/ab-marineservice.com\/de\/produkt\/compressol-as-68-3\/","title":{"rendered":"Compressol AS 68 \u2013 208 Liter"},"content":{"rendered":"<p>Compressol AS 68 ist ein hochwertiges, vollsynthetisches Langzeit\u00f6l f\u00fcr \u00f6lgeschmierte Kolbenkompressoren. Es besteht aus speziell ausgew\u00e4hlten, synthetischen PAO-Grund\u00f6len und wegweisenden Additiven f\u00fcr folgende Eigenschaften:<br \/>\u00b7         Niedriger \u00d6lverbrauch dank niedriger Fl\u00fcchtigkeit<br \/>\u00b7         Hohe Oxidationsbest\u00e4ndigkeit<br \/>\u00b7         Hervorragender Korrosionsschutz<br \/>\u00b7         Ausgezeichnete Anti-Verschlei\u00df-Eigenschaften<br \/>\u00b7         \u00dcberragende Hitzebest\u00e4ndigkeit<br \/>\u00b7         Hoher Viskosit\u00e4tsindex<br \/>\u00b7         Gute Schaumunterdr\u00fcckung<br \/>\u00b7         Geeignet f\u00fcr verl\u00e4ngerte \u00d6lwechselintervalle<br \/>\u00b7         Verhinderung von \u00d6lkohleablagerungen<\/p>\n<h4>Produktdaten<\/h4>\n<ul>\n<li>ISO 6743-3A DAJ<\/li>\n<\/ul>\n<h4>Typische Standardanalysen<\/h4>\n<table class=\"table analyse-table\">\n<tr>\n<td>Dichte bei 15 \u00b0C<\/td>\n<td>\n<b>0,835<\/b>  kg\/l<\/td>\n<\/tr>\n<tr>\n<td>Viskosit\u00e4t 40 \u00b0C<\/td>\n<td>\n<b>68,00<\/b>  mm\u00b2\/s<\/td>\n<\/tr>\n<tr>\n<td>Viskosit\u00e4t 100 \u00b0C<\/td>\n<td>\n<b>10,60<\/b>  mm\u00b2\/s<\/td>\n<\/tr>\n<tr>\n<td>Viskosit\u00e4tsindex<\/td>\n<td>\n<b>148<\/b> <\/td>\n<\/tr>\n<tr>\n<td>Flammpunkt COC<\/td>\n<td>\n<b>268<\/b>  \u00b0C<\/td>\n<\/tr>\n<tr>\n<td>Flie\u00dfpunkt<\/td>\n<td>\n<b>-42<\/b>  \u00b0C<\/td>\n<\/tr>\n<\/table>\n","protected":false},"excerpt":{"rendered":"<p>Compressol AS 68 ist ein hochwertiges, vollsynthetisches Langzeit-Kompressor\u00f6l. Prim\u00e4r f\u00fcr Hochleistungs-Kolbenkompressoren mit hohem Verdichtungsdruck und hohen Verdichtungstemperaturen gedacht. Das \u00d6L bietet \u00fcberragende Schmierung selbst unter h\u00e4rtesten Bedingungen bei hohen Betriebstemperaturen.<\/p>\n","protected":false},"featured_media":364864,"comment_status":"open","ping_status":"open","template":"","meta":[],"location":[4275,4276],"product_brand":[25894],"product_cat":[1436,2187,9884],"product_tag":[],"class_list":{"0":"post-366238","1":"product","2":"type-product","3":"status-publish","4":"has-post-thumbnail","6":"location-aes-emmeloord","7":"location-aes-lemmer","8":"product_brand-kroon-oil","9":"product_cat-wartung","10":"product_cat-schmiermittel","11":"product_cat-kroon-oil","12":"product_shipping_class-paket-0-10-kg","14":"first","15":"onbackorder","16":"sale","17":"taxable","18":"shipping-taxable","19":"purchasable","20":"product-type-simple"},"group_of_quantity":0,"min_quantity":0,"max_quantity":"","exclude_order_quantity_value_rules":"no","exclude_category_quantity_rules":"no","combine_variations":"no","locations":[{"id":4275,"name":"AES Emmeloord","slug":"aes-emmeloord","quantity":""},{"id":4276,"name":"AES Lemmer","slug":"aes-lemmer","quantity":""}],"_links":{"self":[{"href":"https:\/\/ab-marineservice.com\/de\/wp-json\/wp\/v2\/product\/366238","targetHints":{"allow":["GET"]}}],"collection":[{"href":"https:\/\/ab-marineservice.com\/de\/wp-json\/wp\/v2\/product"}],"about":[{"href":"https:\/\/ab-marineservice.com\/de\/wp-json\/wp\/v2\/types\/product"}],"replies":[{"embeddable":true,"href":"https:\/\/ab-marineservice.com\/de\/wp-json\/wp\/v2\/comments?post=366238"}],"wp:featuredmedia":[{"embeddable":true,"href":"https:\/\/ab-marineservice.com\/de\/wp-json\/wp\/v2\/media\/364864"}],"wp:attachment":[{"href":"https:\/\/ab-marineservice.com\/de\/wp-json\/wp\/v2\/media?parent=366238"}],"wp:term":[{"taxonomy":"location","embeddable":true,"href":"https:\/\/ab-marineservice.com\/de\/wp-json\/wp\/v2\/location?post=366238"},{"taxonomy":"product_brand","embeddable":true,"href":"https:\/\/ab-marineservice.com\/de\/wp-json\/wp\/v2\/product_brand?post=366238"},{"taxonomy":"product_cat","embeddable":true,"href":"https:\/\/ab-marineservice.com\/de\/wp-json\/wp\/v2\/product_cat?post=366238"},{"taxonomy":"product_tag","embeddable":true,"href":"https:\/\/ab-marineservice.com\/de\/wp-json\/wp\/v2\/product_tag?post=366238"}],"curies":[{"name":"wp","href":"https:\/\/api.w.org\/{rel}","templated":true}]}}