{"id":366239,"date":"2025-06-15T16:57:36","date_gmt":"2025-06-15T14:57:36","guid":{"rendered":"https:\/\/ab-marineservice.com\/product\/syngear-tdl-75w-90\/"},"modified":"2026-05-04T15:39:36","modified_gmt":"2026-05-04T13:39:36","slug":"syngear-tdl-75w-90-20-liter","status":"publish","type":"product","link":"https:\/\/ab-marineservice.com\/de\/produkt\/syngear-tdl-75w-90-20-liter\/","title":{"rendered":"Syngear TDL 75W-90 \u2013 20 Liter"},"content":{"rendered":"<p>Syngear TDL 75W-90 ist ein universelles Synthetikgetriebe\u00f6l, basierend auf hochwertigen synthetischen Grund\u00f6len und einem fortschrittlichen modernen Additivpaket f\u00fcr folgende Eigenschaften: <\/p>\n<ul>\n<li>Hervorragende Hochtemperaturfestigkeit<\/li>\n<li>Sehr wirkungsvoller Schutz vor Verschlei\u00df, Korrosion und Schaumbildung<\/li>\n<li>Niedriger Flie\u00dfpunkt<\/li>\n<li>Ganz besondere Extremdruckeigenschaften<\/li>\n<li>Breiter Anwendungsbereich<\/li>\n<\/ul>\n<h4>Produktdaten<\/h4>\n<ul>\n<li>API GL-3 \/ GL-4 \/ GL-5 \/ MT-1<\/li>\n<li>MIL-L-2105D \/ MIL-PRF-2105E, SAE J2360<\/li>\n<li>Arvin Meritor 076-N<\/li>\n<li>DAF, Iveco<\/li>\n<li>DTFR 12B140<\/li>\n<li>Mack GO-J<\/li>\n<li>MAN 3343 Typ S \/ 341 Typ E3 \/ 341 Typ GA1<\/li>\n<li>MAN 341 Typ Z2 \/ 342 Typ S1<\/li>\n<li>MB 235.8 \/ 235.9<\/li>\n<li>Scania STO 1:0 \/ 1:1 G \/ 2:0 A FS<\/li>\n<li>Volvo 97312<\/li>\n<li>ZF TE-ML 02B \/ 05A \/ 07A \/ 12B \/ 12L \/ 12N \/ 16B<\/li>\n<li>ZF TE-ML 16F \/ 17B \/ 19C \/ 21A<\/li>\n<\/ul>\n<h4>Typische Standardanalysen<\/h4>\n<table class=\"table analyse-table\">\n<tr>\n<td>Dichte bei 15 \u00b0C<\/td>\n<td>\n<b>0,871<\/b>  kg\/l<\/td>\n<\/tr>\n<tr>\n<td>Viskosit\u00e4t 40 \u00b0C<\/td>\n<td>\n<b>95,00<\/b>  mm\u00b2\/s<\/td>\n<\/tr>\n<tr>\n<td>Viskosit\u00e4t 100 \u00b0C<\/td>\n<td>\n<b>17,70<\/b>  mm\u00b2\/s<\/td>\n<\/tr>\n<tr>\n<td>Viskosit\u00e4tsindex<\/td>\n<td>\n<b>205<\/b> <\/td>\n<\/tr>\n<tr>\n<td>Flammpunkt COC<\/td>\n<td>\n<b>198<\/b>  \u00b0C<\/td>\n<\/tr>\n<tr>\n<td>Flie\u00dfpunkt<\/td>\n<td>\n<b>-45<\/b>  \u00b0C<\/td>\n<\/tr>\n<tr>\n<td>Basenzahl<\/td>\n<td>\n<b>1,4<\/b>  mgKOH\/g<\/td>\n<\/tr>\n<\/table>\n","protected":false},"excerpt":{"rendered":"<p>Syngear TDL 75W-90 ist ein universelles Synthetikgetriebe\u00f6l, geeignet f\u00fcr den Einsatz in Schaltgetrieben und Differenzialen von Pkw, Transportern, schweren Nutzfahrzeugen usw. Syngear TDL 75W-90 eignet sich auch hervorragend f\u00fcr den Einsatz in allen Arten von Achsgetrieben und Getrieben verschiedener Landwirtschafts- und Erdbewegungsmaschinen. Als Universalprodukt ist dieses &#8220;Gesamtantriebsstrang&#8221;-Getriebe\u00f6l f\u00fcr die unterschiedlichsten Anwendungen bestens geeignet.<\/p>\n","protected":false},"featured_media":364868,"comment_status":"open","ping_status":"open","template":"","meta":[],"location":[4275,4276],"product_brand":[25894],"product_cat":[1436,2187,9884],"product_tag":[],"class_list":{"0":"post-366239","1":"product","2":"type-product","3":"status-publish","4":"has-post-thumbnail","6":"location-aes-emmeloord","7":"location-aes-lemmer","8":"product_brand-kroon-oil","9":"product_cat-wartung","10":"product_cat-schmiermittel","11":"product_cat-kroon-oil","12":"product_shipping_class-paket-0-10-kg","14":"first","15":"onbackorder","16":"sale","17":"taxable","18":"shipping-taxable","19":"purchasable","20":"product-type-simple"},"group_of_quantity":0,"min_quantity":0,"max_quantity":"","exclude_order_quantity_value_rules":"no","exclude_category_quantity_rules":"no","combine_variations":"no","locations":[{"id":4275,"name":"AES Emmeloord","slug":"aes-emmeloord","quantity":""},{"id":4276,"name":"AES Lemmer","slug":"aes-lemmer","quantity":""}],"_links":{"self":[{"href":"https:\/\/ab-marineservice.com\/de\/wp-json\/wp\/v2\/product\/366239","targetHints":{"allow":["GET"]}}],"collection":[{"href":"https:\/\/ab-marineservice.com\/de\/wp-json\/wp\/v2\/product"}],"about":[{"href":"https:\/\/ab-marineservice.com\/de\/wp-json\/wp\/v2\/types\/product"}],"replies":[{"embeddable":true,"href":"https:\/\/ab-marineservice.com\/de\/wp-json\/wp\/v2\/comments?post=366239"}],"wp:featuredmedia":[{"embeddable":true,"href":"https:\/\/ab-marineservice.com\/de\/wp-json\/wp\/v2\/media\/364868"}],"wp:attachment":[{"href":"https:\/\/ab-marineservice.com\/de\/wp-json\/wp\/v2\/media?parent=366239"}],"wp:term":[{"taxonomy":"location","embeddable":true,"href":"https:\/\/ab-marineservice.com\/de\/wp-json\/wp\/v2\/location?post=366239"},{"taxonomy":"product_brand","embeddable":true,"href":"https:\/\/ab-marineservice.com\/de\/wp-json\/wp\/v2\/product_brand?post=366239"},{"taxonomy":"product_cat","embeddable":true,"href":"https:\/\/ab-marineservice.com\/de\/wp-json\/wp\/v2\/product_cat?post=366239"},{"taxonomy":"product_tag","embeddable":true,"href":"https:\/\/ab-marineservice.com\/de\/wp-json\/wp\/v2\/product_tag?post=366239"}],"curies":[{"name":"wp","href":"https:\/\/api.w.org\/{rel}","templated":true}]}}