{"id":366243,"date":"2025-06-15T16:58:28","date_gmt":"2025-06-15T14:58:28","guid":{"rendered":"https:\/\/ab-marineservice.com\/product\/kroontrak-mth-10w-30\/"},"modified":"2025-11-20T17:42:34","modified_gmt":"2025-11-20T16:42:34","slug":"kroontrak-mth-10w-30-5","status":"publish","type":"product","link":"https:\/\/ab-marineservice.com\/de\/produkt\/kroontrak-mth-10w-30-5\/","title":{"rendered":"Kroontrak MTH 10W-30 \u2013 208 Liter"},"content":{"rendered":"<p>Kroontrak MTH 10W-30 ist ein Multifunktions\u00f6l f\u00fcr den Einsatz in Landwirtschafts- und Erdbewegungsmaschinen. Das Produkt basiert auf hochwertigen mineralischen Grund\u00f6len und Spezialadditiven, um folgende Eigenschaften zu gew\u00e4hren:<\/p>\n<ul>\n<li>Starke Dispersions- und Detergenswirkung<\/li>\n<li>Wirkungsvoller Schutz vor Verschlei\u00df, Korrosion und Schaumbildung<\/li>\n<li>Sehr hohe Oxidationsbest\u00e4ndigkeit<\/li>\n<li>\u00dcberlegene Extremdruckfestigkeit<\/li>\n<li>Hoher und stabiler Viskosit\u00e4tsindex<\/li>\n<\/ul>\n<h4>Produktdaten<\/h4>\n<ul>\n<li>API SF\/CG-4\/GL-4<\/li>\n<li>ACEA E3, MIL-L-2104D<\/li>\n<li>Allison C4<\/li>\n<li>Cat TO-2<\/li>\n<li>Ford M2C159-C \/ M2C134-D<\/li>\n<li>John Deere J27 \/ J20C<\/li>\n<li>Massey Ferguson CMS M1145 \/ M1144 \/ M1139<\/li>\n<li>Massey Ferguson CMS M1143 \/ M1135<\/li>\n<li>MB 227.1<\/li>\n<li>NH 410B<\/li>\n<li>ZF TE-ML 06B \/ 07B<\/li>\n<\/ul>\n<h4>Typische Standardanalysen<\/h4>\n<table class=\"table analyse-table\">\n<tr>\n<td>Dichte bei 15 \u00b0C<\/td>\n<td>\n<b>0,872<\/b>  kg\/l<\/td>\n<\/tr>\n<tr>\n<td>Viskosit\u00e4t -25 \u00b0C<\/td>\n<td>\n<b>4730<\/b>  mPa.s<\/td>\n<\/tr>\n<tr>\n<td>Viskosit\u00e4t 40 \u00b0C<\/td>\n<td>\n<b>70,60<\/b>  mm\u00b2\/s<\/td>\n<\/tr>\n<tr>\n<td>Viskosit\u00e4t 100 \u00b0C<\/td>\n<td>\n<b>11,40<\/b>  mm\u00b2\/s<\/td>\n<\/tr>\n<tr>\n<td>Viskosit\u00e4tsindex<\/td>\n<td>\n<b>154<\/b> <\/td>\n<\/tr>\n<tr>\n<td>Flammpunkt COC<\/td>\n<td>\n<b>228<\/b>  \u00b0C<\/td>\n<\/tr>\n<tr>\n<td>Flie\u00dfpunkt<\/td>\n<td>\n<b>-33<\/b>  \u00b0C<\/td>\n<\/tr>\n<tr>\n<td>Basenzahl<\/td>\n<td>\n<b>11,3<\/b>  mgKOH\/g<\/td>\n<\/tr>\n<tr>\n<td>Sulfataschegehalt<\/td>\n<td>\n<b>1,57<\/b>  %<\/td>\n<\/tr>\n<\/table>\n","protected":false},"excerpt":{"rendered":"<p>Kroontrak MTH 10W-30 ist ein sogenanntes STOU-\u00d6l: Super Tractor Oil Universal. Es eignet sich daher als Universalschmiermittel f\u00fcr:<\/p>\n<p>&#8211; Benzinmotoren<br \/>&#8211; Dieselmotoren<br \/>&#8211; Getriebe, einschlie\u00dflich Nassbremsen<br \/>&#8211; Hydrauliksysteme<\/p>\n<p>Kroontrak MTH 10W-30 eignet sich f\u00fcr alle Anwendungen, bei denen eine der unten aufgef\u00fchrten Spezifikationen erforderlich ist. Dieses Produkt eignet sich auch f\u00fcr den Einsatz in F\u00e4llen, in denen ein SAE 15W30 STOU vorgeschrieben ist.<\/p>\n","protected":false},"featured_media":364881,"comment_status":"open","ping_status":"open","template":"","meta":[],"location":[4275,4276],"product_brand":[25894],"product_cat":[1436,2187,9884],"product_tag":[],"class_list":{"0":"post-366243","1":"product","2":"type-product","3":"status-publish","4":"has-post-thumbnail","6":"location-aes-emmeloord","7":"location-aes-lemmer","8":"product_brand-kroon-oil","9":"product_cat-wartung","10":"product_cat-schmiermittel","11":"product_cat-kroon-oil","12":"product_shipping_class-palettenversand","14":"first","15":"onbackorder","16":"sale","17":"taxable","18":"shipping-taxable","19":"purchasable","20":"product-type-simple"},"group_of_quantity":0,"min_quantity":0,"max_quantity":"","exclude_order_quantity_value_rules":"no","exclude_category_quantity_rules":"no","combine_variations":"no","locations":[{"id":4275,"name":"AES Emmeloord","slug":"aes-emmeloord","quantity":""},{"id":4276,"name":"AES Lemmer","slug":"aes-lemmer","quantity":""}],"_links":{"self":[{"href":"https:\/\/ab-marineservice.com\/de\/wp-json\/wp\/v2\/product\/366243","targetHints":{"allow":["GET"]}}],"collection":[{"href":"https:\/\/ab-marineservice.com\/de\/wp-json\/wp\/v2\/product"}],"about":[{"href":"https:\/\/ab-marineservice.com\/de\/wp-json\/wp\/v2\/types\/product"}],"replies":[{"embeddable":true,"href":"https:\/\/ab-marineservice.com\/de\/wp-json\/wp\/v2\/comments?post=366243"}],"wp:featuredmedia":[{"embeddable":true,"href":"https:\/\/ab-marineservice.com\/de\/wp-json\/wp\/v2\/media\/364881"}],"wp:attachment":[{"href":"https:\/\/ab-marineservice.com\/de\/wp-json\/wp\/v2\/media?parent=366243"}],"wp:term":[{"taxonomy":"location","embeddable":true,"href":"https:\/\/ab-marineservice.com\/de\/wp-json\/wp\/v2\/location?post=366243"},{"taxonomy":"product_brand","embeddable":true,"href":"https:\/\/ab-marineservice.com\/de\/wp-json\/wp\/v2\/product_brand?post=366243"},{"taxonomy":"product_cat","embeddable":true,"href":"https:\/\/ab-marineservice.com\/de\/wp-json\/wp\/v2\/product_cat?post=366243"},{"taxonomy":"product_tag","embeddable":true,"href":"https:\/\/ab-marineservice.com\/de\/wp-json\/wp\/v2\/product_tag?post=366243"}],"curies":[{"name":"wp","href":"https:\/\/api.w.org\/{rel}","templated":true}]}}