{"id":366257,"date":"2025-06-15T16:59:21","date_gmt":"2025-06-15T14:59:21","guid":{"rendered":"https:\/\/ab-marineservice.com\/product\/q5-mp-calcep-grease-ep-2\/"},"modified":"2025-11-20T17:42:14","modified_gmt":"2025-11-20T16:42:14","slug":"q5-mp-calcep-grease-ep-2-4","status":"publish","type":"product","link":"https:\/\/ab-marineservice.com\/de\/produkt\/q5-mp-calcep-grease-ep-2-4\/","title":{"rendered":"Q5 MP Calcep Grease EP 2 \u2013 180 kg"},"content":{"rendered":"<p>Q5 MP Calcep Grease EP 2 ist ein hochwertiges Mehrzweckfett auf Basis von stark raffinierten hochviskosen Grund\u00f6len mit wasserfreier Calciumseife als Verdickungsmittel. Dank seiner Erg\u00e4nzung durch Extremdruck- und andere Additive bietet es folgende Eigenschaften:<\/p>\n<ul>\n<li>Starke Haftung auf Metall, auch in feuchter Umgebung<\/li>\n<li>Extrem gute Wasserbest\u00e4ndigkeit<\/li>\n<li>Sehr hohe Stabilit\u00e4t<\/li>\n<li>Sehr hohe Lasttragf\u00e4higkeit<\/li>\n<li>\u00dcberlegener Korrosions- und Verschlei\u00dfschutz<\/li>\n<li>Ausgezeichnete Pumpbarkeit<\/li>\n<li>\u00dcberragende EP-Hochdruckeigenschaften<\/li>\n<\/ul>\n<h4>Produktdaten<\/h4>\n<ul>\n<li>NLGI Grade 2<\/li>\n<li>ISO 12924, L-XB(F)CIB2<\/li>\n<li>DIN 51 502, KP2K-30<\/li>\n<\/ul>\n<h4>Typische Standardanalysen<\/h4>\n<table class=\"table analyse-table\">\n<tr>\n<td>Dichte bei 15 \u00b0C<\/td>\n<td>\n<b>0,910<\/b>  kg\/l<\/td>\n<\/tr>\n<tr>\n<td>Walkpenetration bei 25 \u00b0C<\/td>\n<td>\n<b>265-295<\/b>  0<\/td>\n<\/tr>\n<tr>\n<td>Tropfpunkt<\/td>\n<td>\n<b>140<\/b>  \u00b0C<\/td>\n<\/tr>\n<tr>\n<td>Temperaturbereich<\/td>\n<td>\n<b>-30 \/ +120<\/b>  \u00b0C<\/td>\n<\/tr>\n<tr>\n<td>Viskosit\u00e4t des Grund\u00f6ls<\/td>\n<td>\n<b>220,00<\/b>  40 \u00b0C<\/td>\n<\/tr>\n<tr>\n<td>4-ball welding load<\/td>\n<td>\n<b>3400<\/b>  N<\/td>\n<\/tr>\n<\/table>\n","protected":false},"excerpt":{"rendered":"<p>Q5 MP Calcep Grease EP 2 ist ein hochwertiges Mehrzweckfett f\u00fcr den Einsatz in der Industrie sowie in verschiedenen Kfz-Anwendungen. Durch das wasserfreie Kalziumverdickungsmittel und die spezielle Grund\u00f6lmischung eignet sich das Produkt ideal f\u00fcr die Schmierung einer breiten Palette von Gleit- und W\u00e4lzlagern sowie f\u00fcr nasse und korrosive Umgebungen.<\/p>\n","protected":false},"featured_media":364929,"comment_status":"open","ping_status":"open","template":"","meta":[],"location":[4275,4276],"product_brand":[25894],"product_cat":[1436,2187,9884],"product_tag":[],"class_list":{"0":"post-366257","1":"product","2":"type-product","3":"status-publish","4":"has-post-thumbnail","6":"location-aes-emmeloord","7":"location-aes-lemmer","8":"product_brand-kroon-oil","9":"product_cat-wartung","10":"product_cat-schmiermittel","11":"product_cat-kroon-oil","12":"product_shipping_class-paket-0-10-kg","14":"first","15":"onbackorder","16":"sale","17":"taxable","18":"shipping-taxable","19":"purchasable","20":"product-type-simple"},"group_of_quantity":0,"min_quantity":0,"max_quantity":"","exclude_order_quantity_value_rules":"no","exclude_category_quantity_rules":"no","combine_variations":"no","locations":[{"id":4275,"name":"AES Emmeloord","slug":"aes-emmeloord","quantity":""},{"id":4276,"name":"AES Lemmer","slug":"aes-lemmer","quantity":""}],"_links":{"self":[{"href":"https:\/\/ab-marineservice.com\/de\/wp-json\/wp\/v2\/product\/366257","targetHints":{"allow":["GET"]}}],"collection":[{"href":"https:\/\/ab-marineservice.com\/de\/wp-json\/wp\/v2\/product"}],"about":[{"href":"https:\/\/ab-marineservice.com\/de\/wp-json\/wp\/v2\/types\/product"}],"replies":[{"embeddable":true,"href":"https:\/\/ab-marineservice.com\/de\/wp-json\/wp\/v2\/comments?post=366257"}],"wp:featuredmedia":[{"embeddable":true,"href":"https:\/\/ab-marineservice.com\/de\/wp-json\/wp\/v2\/media\/364929"}],"wp:attachment":[{"href":"https:\/\/ab-marineservice.com\/de\/wp-json\/wp\/v2\/media?parent=366257"}],"wp:term":[{"taxonomy":"location","embeddable":true,"href":"https:\/\/ab-marineservice.com\/de\/wp-json\/wp\/v2\/location?post=366257"},{"taxonomy":"product_brand","embeddable":true,"href":"https:\/\/ab-marineservice.com\/de\/wp-json\/wp\/v2\/product_brand?post=366257"},{"taxonomy":"product_cat","embeddable":true,"href":"https:\/\/ab-marineservice.com\/de\/wp-json\/wp\/v2\/product_cat?post=366257"},{"taxonomy":"product_tag","embeddable":true,"href":"https:\/\/ab-marineservice.com\/de\/wp-json\/wp\/v2\/product_tag?post=366257"}],"curies":[{"name":"wp","href":"https:\/\/api.w.org\/{rel}","templated":true}]}}