{"id":366260,"date":"2025-06-15T16:59:21","date_gmt":"2025-06-15T14:59:21","guid":{"rendered":"https:\/\/ab-marineservice.com\/product\/q7-mp-calcep-grease-wr-2\/"},"modified":"2025-11-20T17:42:23","modified_gmt":"2025-11-20T16:42:23","slug":"q7-mp-calcep-grease-wr-2-4","status":"publish","type":"product","link":"https:\/\/ab-marineservice.com\/de\/produkt\/q7-mp-calcep-grease-wr-2-4\/","title":{"rendered":"Q7 MP Calcep Grease WR 2 \u2013 180 kg"},"content":{"rendered":"<p>Q7 MP Calcep Grease WR 2 ist ein langlebiges Premium-Universalfett f\u00fcr hochbelastete Lager mit niedrigen bis mittleren Drehzahlen. Basierend auf wasserfreiem Kalziumseifenverdicker und mineralischem Grund\u00f6l mit Antioxidantien, Korrosionsinhibitoren und Verschlei\u00dfschutzadditiven. Durch Beimischung eines geringen Polymeranteils gew\u00e4hrleistet es effektive Adh\u00e4sion und eine exzellente, langfaserige Struktur. Die spezielle Zusammensetzung verleiht diesem Produkt folgende Eigenschaften: <br \/>o Sehr starke Haftf\u00e4higkeit an Metallen <br \/>o Ausgezeichnete Wasserbest\u00e4ndigkeit <br \/>o Exzellente Korrosionsbest\u00e4ndigkeit <br \/>o Exzellente (Salz-)Wasserbest\u00e4ndigkeit<br \/>o Exzellenter Verschlei\u00dfschutz<br \/>o Hervorragende EP-Eigenschaften und Best\u00e4ndigkeit gegen Sto\u00dfbelastungen<br \/>o Sehr breiter Anwendungsbereich<\/p>\n<h4>Produktdaten<\/h4>\n<ul>\n<li>NLGI Grade 2<\/li>\n<li>ISO 12924: L-XC(F)CIB2<\/li>\n<li>DIN 51502: KP2K-30<\/li>\n<\/ul>\n<h4>Typische Standardanalysen<\/h4>\n<table class=\"table analyse-table\">\n<tr>\n<td>Dichte bei 15 \u00b0C<\/td>\n<td>\n<b>0,900<\/b>  kg\/l<\/td>\n<\/tr>\n<tr>\n<td>Walkpenetration bei 25 \u00b0C<\/td>\n<td>\n<b>265 &#8211; 295<\/b>  0<\/td>\n<\/tr>\n<tr>\n<td>Tropfpunkt<\/td>\n<td>\n<b>&gt; 140<\/b>  \u00b0C<\/td>\n<\/tr>\n<tr>\n<td>Temperaturbereich<\/td>\n<td>\n<b>-30\/+130<\/b>  \u00b0C<\/td>\n<\/tr>\n<tr>\n<td>Viskosit\u00e4t des Grund\u00f6ls<\/td>\n<td>\n<b>320,00<\/b>  40 \u00b0C<\/td>\n<\/tr>\n<tr>\n<td>4-ball welding load<\/td>\n<td>\n<b>3400<\/b>  N<\/td>\n<\/tr>\n<\/table>\n","protected":false},"excerpt":{"rendered":"<p>Q7 MP Calcep Grease WR 2 ist ein universelles und hochwertiges Langzeitfett, geeignet u.a. f\u00fcr industrielle, land- und forstwirtschaftliche Anwendungen. Dazu geh\u00f6ren Radlager, Gleitlager, Bolzen- und Buchsenverbindungen, Spindeln, Drehverbindungen und offene Getriebe. Die ausgezeichnete Haftung und Wasserbest\u00e4ndigkeit machen es zur ersten Wahl f\u00fcr langsam bis mittelschnell rotierende Schwerlastanwendungen in feuchter Umgebung, sowohl im S\u00fc\u00df- als auch im Salzwasser.<\/p>\n","protected":false},"featured_media":364941,"comment_status":"open","ping_status":"open","template":"","meta":[],"location":[4275,4276],"product_brand":[25894],"product_cat":[1436,2187,9884],"product_tag":[],"class_list":{"0":"post-366260","1":"product","2":"type-product","3":"status-publish","4":"has-post-thumbnail","6":"location-aes-emmeloord","7":"location-aes-lemmer","8":"product_brand-kroon-oil","9":"product_cat-wartung","10":"product_cat-schmiermittel","11":"product_cat-kroon-oil","12":"product_shipping_class-palettenversand","14":"first","15":"onbackorder","16":"sale","17":"taxable","18":"shipping-taxable","19":"purchasable","20":"product-type-simple"},"group_of_quantity":0,"min_quantity":0,"max_quantity":"","exclude_order_quantity_value_rules":"no","exclude_category_quantity_rules":"no","combine_variations":"no","locations":[{"id":4275,"name":"AES Emmeloord","slug":"aes-emmeloord","quantity":""},{"id":4276,"name":"AES Lemmer","slug":"aes-lemmer","quantity":""}],"_links":{"self":[{"href":"https:\/\/ab-marineservice.com\/de\/wp-json\/wp\/v2\/product\/366260","targetHints":{"allow":["GET"]}}],"collection":[{"href":"https:\/\/ab-marineservice.com\/de\/wp-json\/wp\/v2\/product"}],"about":[{"href":"https:\/\/ab-marineservice.com\/de\/wp-json\/wp\/v2\/types\/product"}],"replies":[{"embeddable":true,"href":"https:\/\/ab-marineservice.com\/de\/wp-json\/wp\/v2\/comments?post=366260"}],"wp:featuredmedia":[{"embeddable":true,"href":"https:\/\/ab-marineservice.com\/de\/wp-json\/wp\/v2\/media\/364941"}],"wp:attachment":[{"href":"https:\/\/ab-marineservice.com\/de\/wp-json\/wp\/v2\/media?parent=366260"}],"wp:term":[{"taxonomy":"location","embeddable":true,"href":"https:\/\/ab-marineservice.com\/de\/wp-json\/wp\/v2\/location?post=366260"},{"taxonomy":"product_brand","embeddable":true,"href":"https:\/\/ab-marineservice.com\/de\/wp-json\/wp\/v2\/product_brand?post=366260"},{"taxonomy":"product_cat","embeddable":true,"href":"https:\/\/ab-marineservice.com\/de\/wp-json\/wp\/v2\/product_cat?post=366260"},{"taxonomy":"product_tag","embeddable":true,"href":"https:\/\/ab-marineservice.com\/de\/wp-json\/wp\/v2\/product_tag?post=366260"}],"curies":[{"name":"wp","href":"https:\/\/api.w.org\/{rel}","templated":true}]}}