{"id":366271,"date":"2025-06-15T17:00:16","date_gmt":"2025-06-15T15:00:16","guid":{"rendered":"https:\/\/ab-marineservice.com\/product\/coolant-sp-14\/"},"modified":"2025-11-20T17:42:00","modified_gmt":"2025-11-20T16:42:00","slug":"coolant-sp-14-4","status":"publish","type":"product","link":"https:\/\/ab-marineservice.com\/de\/produkt\/coolant-sp-14-4\/","title":{"rendered":"Coolant SP 14+ \u2013 208 Liter"},"content":{"rendered":"<p>Coolant SP 14+ ist ein hochwertiges, gebrauchsfertiges Langzeitk\u00fchlmittel (Frostschutz bis -37\u00a0\u00b0C), basierend auf einer patentierten silikatfreien P-OAT-Technologie (Technologie phosphororganischer Verbindungen). Die Anwendung dieser fortschrittlichen Technologie verleiht diesem Produkt die folgenden Vorteile:<\/p>\n<ul>\n<li>Lange Lebensdauer durch den Einsatz moderner P-OAT-Korrosionsinhibitoren<\/li>\n<li>Hervorragender Kavitationsschutz<\/li>\n<li>Hervorragender Korrosionsschutz f\u00fcr alle g\u00e4ngigen Metalle in modernen K\u00fchlsystemen, einschlie\u00dflich Aluminium und Ferrolegierungen<\/li>\n<li>Das einzigartige Inhibitorpaket neutralisiert auch die negativen Auswirkungen von Flussmittelr\u00fcckst\u00e4nden, die bei der Herstellung von Aluminiumk\u00fchlern entstehen<\/li>\n<li>Hervorragende K\u00fchleigenschaften durch die silikatfreie Formel<\/li>\n<\/ul>\n<h4>Produktdaten<\/h4>\n<ul>\n<li>ASTM D3306 \/ D6210<\/li>\n<li>JIS K 2234<\/li>\n<li>Fiat 9.55523<\/li>\n<li>Ford WSS-M97B57-A2<\/li>\n<li>MB 326.7<\/li>\n<li>PSA B71 1111<\/li>\n<li>Renault 41-01-001 -V \/ RNES-B-00014 v2.1<\/li>\n<\/ul>\n<h4>Typische Standardanalysen<\/h4>\n<table class=\"table analyse-table\">\n<tr>\n<td>Dichte bei 15 \u00b0C<\/td>\n<td>\n<b>1,071<\/b>  kg\/l<\/td>\n<\/tr>\n<tr>\n<td>pH &#8211; Wert<\/td>\n<td>\n<b>7,9<\/b> <\/td>\n<\/tr>\n<tr>\n<td>Kristallisationspunkt<\/td>\n<td>\n<b>-37<\/b>  \u00b0C<\/td>\n<\/tr>\n<\/table>\n","protected":false},"excerpt":{"rendered":"<p>Coolant SP 14+ ist ein modernes gr\u00fcn\/blaues, gebrauchsfertiges Frostschutzmittel f\u00fcr den Einsatz in modernen K\u00fchlsystemen verschiedener japanischer und koreanischer Modelle. Dieses Produkt eignet sich auch f\u00fcr verschiedene Modelle der Stellantis-Gruppe und unter anderem f\u00fcr die Renault-Gruppe (einschlie\u00dflich Dacia, Nissan und Mitsubishi). Schauen Sie in unserer Datenbank mit Produktempfehlungen unter www.kroon-oil.com nach, ob das Coolant SP 14+ auch f\u00fcr Ihr Fahrzeug geeignet ist.<\/p>\n","protected":false},"featured_media":364979,"comment_status":"open","ping_status":"open","template":"","meta":[],"location":[4275,4276],"product_brand":[25894],"product_cat":[1436,2187,9884],"product_tag":[],"class_list":{"0":"post-366271","1":"product","2":"type-product","3":"status-publish","4":"has-post-thumbnail","6":"location-aes-emmeloord","7":"location-aes-lemmer","8":"product_brand-kroon-oil","9":"product_cat-wartung","10":"product_cat-schmiermittel","11":"product_cat-kroon-oil","12":"product_shipping_class-paket-0-10-kg","14":"first","15":"onbackorder","16":"sale","17":"taxable","18":"shipping-taxable","19":"purchasable","20":"product-type-simple"},"group_of_quantity":0,"min_quantity":0,"max_quantity":"","exclude_order_quantity_value_rules":"no","exclude_category_quantity_rules":"no","combine_variations":"no","locations":[{"id":4275,"name":"AES Emmeloord","slug":"aes-emmeloord","quantity":""},{"id":4276,"name":"AES Lemmer","slug":"aes-lemmer","quantity":""}],"_links":{"self":[{"href":"https:\/\/ab-marineservice.com\/de\/wp-json\/wp\/v2\/product\/366271","targetHints":{"allow":["GET"]}}],"collection":[{"href":"https:\/\/ab-marineservice.com\/de\/wp-json\/wp\/v2\/product"}],"about":[{"href":"https:\/\/ab-marineservice.com\/de\/wp-json\/wp\/v2\/types\/product"}],"replies":[{"embeddable":true,"href":"https:\/\/ab-marineservice.com\/de\/wp-json\/wp\/v2\/comments?post=366271"}],"wp:featuredmedia":[{"embeddable":true,"href":"https:\/\/ab-marineservice.com\/de\/wp-json\/wp\/v2\/media\/364979"}],"wp:attachment":[{"href":"https:\/\/ab-marineservice.com\/de\/wp-json\/wp\/v2\/media?parent=366271"}],"wp:term":[{"taxonomy":"location","embeddable":true,"href":"https:\/\/ab-marineservice.com\/de\/wp-json\/wp\/v2\/location?post=366271"},{"taxonomy":"product_brand","embeddable":true,"href":"https:\/\/ab-marineservice.com\/de\/wp-json\/wp\/v2\/product_brand?post=366271"},{"taxonomy":"product_cat","embeddable":true,"href":"https:\/\/ab-marineservice.com\/de\/wp-json\/wp\/v2\/product_cat?post=366271"},{"taxonomy":"product_tag","embeddable":true,"href":"https:\/\/ab-marineservice.com\/de\/wp-json\/wp\/v2\/product_tag?post=366271"}],"curies":[{"name":"wp","href":"https:\/\/api.w.org\/{rel}","templated":true}]}}