{"id":366275,"date":"2025-06-15T17:01:09","date_gmt":"2025-06-15T15:01:09","guid":{"rendered":"https:\/\/ab-marineservice.com\/product\/avanza-msp-0w-20\/"},"modified":"2025-11-20T17:40:56","modified_gmt":"2025-11-20T16:40:56","slug":"avanza-msp-0w-20-4","status":"publish","type":"product","link":"https:\/\/ab-marineservice.com\/de\/produkt\/avanza-msp-0w-20-4\/","title":{"rendered":"Avanza MSP 0W-20 \u2013 208 Liter"},"content":{"rendered":"<p>Avanza MSP 0W-20 ist ein kraftstoffsparendes synthetisches Motor\u00f6l, entwickelt mit neuesten Mid-SAPS-Techniken f\u00fcr den Einsatz in der neuen Fahrzeuggeneration mit modernen Technologien wie Partikelfiltern, Katalysatoren, Start\/Stopp-System, Nassriemen und Hybridsystemen. Es besteht aus ausgew\u00e4hlten, synthetischen Grund\u00f6len und wegweisenden Additiven und bietet folgende Eigenschaften:<\/p>\n<ul>\n<li>Kraftstoffeinsparung<\/li>\n<li>Weniger Verbrennungsr\u00fcckst\u00e4nde durch reduzierten Schwefelaschegehalt (SAPS)<\/li>\n<li>L\u00e4ngere Lebensdauer von Partikelfiltern und Katalysatoren<\/li>\n<li>Zuverl\u00e4ssige Kaltstarts<\/li>\n<li>Zuverl\u00e4ssiger Schmierfilm bei hohen Betriebstemperaturen<\/li>\n<li>Verl\u00e4ngerte \u00d6lwechselintervalle<\/li>\n<li>Hervorragende Dispersions- und Detergenswirkung<\/li>\n<li>Hocheffektiver Schutz vor Verschlei\u00df, Korrosion und Schaumbildung<\/li>\n<\/ul>\n<h4>Produktdaten<\/h4>\n<ul>\n<li>ACEA C5, C6<\/li>\n<li>API SP<\/li>\n<li>PSA B71 2010<\/li>\n<li>Fiat 9.55535-DM1\/GSX<\/li>\n<\/ul>\n<h4>Typische Standardanalysen<\/h4>\n<table class=\"table analyse-table\">\n<tr>\n<td>Dichte bei 15 \u00b0C<\/td>\n<td>\n<b>0,848<\/b>  kg\/l<\/td>\n<\/tr>\n<tr>\n<td>Viskosit\u00e4t -35 \u00b0C<\/td>\n<td>\n<b>5020<\/b>  mPa.s<\/td>\n<\/tr>\n<tr>\n<td>Viskosit\u00e4t 40 \u00b0C<\/td>\n<td>\n<b>42,30<\/b>  mm\u00b2\/s<\/td>\n<\/tr>\n<tr>\n<td>Viskosit\u00e4t 100 \u00b0C<\/td>\n<td>\n<b>8,28<\/b>  mm\u00b2\/s<\/td>\n<\/tr>\n<tr>\n<td>Viskosit\u00e4tsindex<\/td>\n<td>\n<b>175<\/b> <\/td>\n<\/tr>\n<tr>\n<td>Flammpunkt COC<\/td>\n<td>\n<b>238<\/b>  \u00b0C<\/td>\n<\/tr>\n<tr>\n<td>Flie\u00dfpunkt<\/td>\n<td>\n<b>-48<\/b>  \u00b0C<\/td>\n<\/tr>\n<tr>\n<td>Basenzahl<\/td>\n<td>\n<b>10,0<\/b>  mgKOH\/g<\/td>\n<\/tr>\n<tr>\n<td>Sulfataschegehalt<\/td>\n<td>\n<b>0,72<\/b>  %<\/td>\n<\/tr>\n<tr>\n<td>Noack<\/td>\n<td>\n<b>11,4<\/b>  %<\/td>\n<\/tr>\n<\/table>\n","protected":false},"excerpt":{"rendered":"<p>Avanza MSP 0W-20 wurde speziell f\u00fcr den Einsatz in PSA-Motoren der neuesten Generation entwickelt, f\u00fcr die die Spezifikation PSA B71 2010 erforderlich ist. Dazu geh\u00f6ren vor allem Modelle mit Blue HDI-, PureTech- und Hybrid-Motoren (DV5R und EB2DT), mit oder ohne Stop\/Start-Technologie, die kraftstoffsparende synthetische Motor\u00f6le der neuen Generation ben\u00f6tigen. Es ist auch f\u00fcr andere Stellantis-Fahrzeuge geeignet, f\u00fcr die die unten aufgef\u00fchrten Opel- oder Fiat-Spezifikationen gelten.<\/p>\n","protected":false},"featured_media":364995,"comment_status":"open","ping_status":"open","template":"","meta":[],"location":[4275,4276],"product_brand":[25894],"product_cat":[1436,2187,9884],"product_tag":[],"class_list":{"0":"post-366275","1":"product","2":"type-product","3":"status-publish","4":"has-post-thumbnail","6":"location-aes-emmeloord","7":"location-aes-lemmer","8":"product_brand-kroon-oil","9":"product_cat-wartung","10":"product_cat-schmiermittel","11":"product_cat-kroon-oil","12":"product_shipping_class-palettenversand","14":"first","15":"onbackorder","16":"sale","17":"taxable","18":"shipping-taxable","19":"purchasable","20":"product-type-simple"},"group_of_quantity":0,"min_quantity":0,"max_quantity":"","exclude_order_quantity_value_rules":"no","exclude_category_quantity_rules":"no","combine_variations":"no","locations":[{"id":4275,"name":"AES Emmeloord","slug":"aes-emmeloord","quantity":""},{"id":4276,"name":"AES Lemmer","slug":"aes-lemmer","quantity":""}],"_links":{"self":[{"href":"https:\/\/ab-marineservice.com\/de\/wp-json\/wp\/v2\/product\/366275","targetHints":{"allow":["GET"]}}],"collection":[{"href":"https:\/\/ab-marineservice.com\/de\/wp-json\/wp\/v2\/product"}],"about":[{"href":"https:\/\/ab-marineservice.com\/de\/wp-json\/wp\/v2\/types\/product"}],"replies":[{"embeddable":true,"href":"https:\/\/ab-marineservice.com\/de\/wp-json\/wp\/v2\/comments?post=366275"}],"wp:featuredmedia":[{"embeddable":true,"href":"https:\/\/ab-marineservice.com\/de\/wp-json\/wp\/v2\/media\/364995"}],"wp:attachment":[{"href":"https:\/\/ab-marineservice.com\/de\/wp-json\/wp\/v2\/media?parent=366275"}],"wp:term":[{"taxonomy":"location","embeddable":true,"href":"https:\/\/ab-marineservice.com\/de\/wp-json\/wp\/v2\/location?post=366275"},{"taxonomy":"product_brand","embeddable":true,"href":"https:\/\/ab-marineservice.com\/de\/wp-json\/wp\/v2\/product_brand?post=366275"},{"taxonomy":"product_cat","embeddable":true,"href":"https:\/\/ab-marineservice.com\/de\/wp-json\/wp\/v2\/product_cat?post=366275"},{"taxonomy":"product_tag","embeddable":true,"href":"https:\/\/ab-marineservice.com\/de\/wp-json\/wp\/v2\/product_tag?post=366275"}],"curies":[{"name":"wp","href":"https:\/\/api.w.org\/{rel}","templated":true}]}}