{"id":366285,"date":"2025-06-15T17:02:02","date_gmt":"2025-06-15T15:02:02","guid":{"rendered":"https:\/\/ab-marineservice.com\/product\/mos2-grease-ep-2\/"},"modified":"2025-11-20T17:40:31","modified_gmt":"2025-11-20T16:40:31","slug":"mos2-grease-ep-2-4","status":"publish","type":"product","link":"https:\/\/ab-marineservice.com\/de\/produkt\/mos2-grease-ep-2-4\/","title":{"rendered":"MoS2 Grease EP 2 \u2013 18 kg"},"content":{"rendered":"<p>MoS2 Grease EP 2 ist ein Mehrzweckfett auf Basis hochraffinierter Grund\u00f6le mit Lithiumseife als Verdickungsmittel. Durch Zusatz von Molybd\u00e4ndisulfid und anderen Additiven sind folgende Eigenschaften gew\u00e4hrleistet:<\/p>\n<ul>\n<li>Starke Haftf\u00e4higkeit an Metallen<\/li>\n<li>Sehr gute Schmierung im Grenzreibungsbereich<\/li>\n<li>Ausgezeichnete Wasserverdr\u00e4ngung<\/li>\n<li>Sehr hohe Stabilit\u00e4t<\/li>\n<li>Wirkungsvoller Korrosions- und Verschlei\u00dfschutz<\/li>\n<li>Niedriger Reibungskoeffizient<\/li>\n<li>Hochdruckfestigkeit<\/li>\n<\/ul>\n<h4>Produktdaten<\/h4>\n<ul>\n<li>N.L.G.I. Klasse 2<\/li>\n<li>DIN 51 502, KPF 2 K-30<\/li>\n<\/ul>\n<h4>Typische Standardanalysen<\/h4>\n<table class=\"table analyse-table\">\n<tr>\n<td>Walkpenetration bei 25 \u00b0C<\/td>\n<td>\n<b>280<\/b>  0<\/td>\n<\/tr>\n<tr>\n<td>Tropfpunkt<\/td>\n<td>\n<b>185<\/b>  \u00b0C<\/td>\n<\/tr>\n<tr>\n<td>Temperaturbereich<\/td>\n<td>\n<b>-30\/130<\/b>  \u00b0C<\/td>\n<\/tr>\n<tr>\n<td>Viskosit\u00e4t des Grund\u00f6ls<\/td>\n<td>\n<b>195,00<\/b>  40 \u00b0C<\/td>\n<\/tr>\n<tr>\n<td>4-ball welding load<\/td>\n<td>\n<b>3200<\/b>  N<\/td>\n<\/tr>\n<\/table>\n","protected":false},"excerpt":{"rendered":"<p>MoS2 Grease EP 2 kann zum Schmieren von Hochlast-Drehgelenken und -Aufliegerkupplungen von Lkw eingesetzt werden. Dieses Fett eignet sich auch f\u00fcr schwer zug\u00e4ngliche Schmierstellen.<\/p>\n","protected":false},"featured_media":365035,"comment_status":"open","ping_status":"open","template":"","meta":[],"location":[4275,4276],"product_brand":[25894],"product_cat":[1436,2187,9884],"product_tag":[],"class_list":{"0":"post-366285","1":"product","2":"type-product","3":"status-publish","4":"has-post-thumbnail","6":"location-aes-emmeloord","7":"location-aes-lemmer","8":"product_brand-kroon-oil","9":"product_cat-wartung","10":"product_cat-schmiermittel","11":"product_cat-kroon-oil","12":"product_shipping_class-paket-0-10-kg","14":"first","15":"onbackorder","16":"sale","17":"taxable","18":"shipping-taxable","19":"purchasable","20":"product-type-simple"},"group_of_quantity":0,"min_quantity":0,"max_quantity":"","exclude_order_quantity_value_rules":"no","exclude_category_quantity_rules":"no","combine_variations":"no","locations":[{"id":4275,"name":"AES Emmeloord","slug":"aes-emmeloord","quantity":""},{"id":4276,"name":"AES Lemmer","slug":"aes-lemmer","quantity":""}],"_links":{"self":[{"href":"https:\/\/ab-marineservice.com\/de\/wp-json\/wp\/v2\/product\/366285","targetHints":{"allow":["GET"]}}],"collection":[{"href":"https:\/\/ab-marineservice.com\/de\/wp-json\/wp\/v2\/product"}],"about":[{"href":"https:\/\/ab-marineservice.com\/de\/wp-json\/wp\/v2\/types\/product"}],"replies":[{"embeddable":true,"href":"https:\/\/ab-marineservice.com\/de\/wp-json\/wp\/v2\/comments?post=366285"}],"wp:featuredmedia":[{"embeddable":true,"href":"https:\/\/ab-marineservice.com\/de\/wp-json\/wp\/v2\/media\/365035"}],"wp:attachment":[{"href":"https:\/\/ab-marineservice.com\/de\/wp-json\/wp\/v2\/media?parent=366285"}],"wp:term":[{"taxonomy":"location","embeddable":true,"href":"https:\/\/ab-marineservice.com\/de\/wp-json\/wp\/v2\/location?post=366285"},{"taxonomy":"product_brand","embeddable":true,"href":"https:\/\/ab-marineservice.com\/de\/wp-json\/wp\/v2\/product_brand?post=366285"},{"taxonomy":"product_cat","embeddable":true,"href":"https:\/\/ab-marineservice.com\/de\/wp-json\/wp\/v2\/product_cat?post=366285"},{"taxonomy":"product_tag","embeddable":true,"href":"https:\/\/ab-marineservice.com\/de\/wp-json\/wp\/v2\/product_tag?post=366285"}],"curies":[{"name":"wp","href":"https:\/\/api.w.org\/{rel}","templated":true}]}}