{"id":366300,"date":"2025-06-15T17:02:54","date_gmt":"2025-06-15T15:02:54","guid":{"rendered":"https:\/\/ab-marineservice.com\/product\/heat-transfer-oil-32\/"},"modified":"2026-05-04T15:36:53","modified_gmt":"2026-05-04T13:36:53","slug":"heat-transfer-oil-32-3","status":"publish","type":"product","link":"https:\/\/ab-marineservice.com\/de\/produkt\/heat-transfer-oil-32-3\/","title":{"rendered":"Heat Transfer Oil 32 \u2013 20 Liter"},"content":{"rendered":"<p>Heat Transfer Oil 32 ist ein W\u00e4rme\u00fcbertragungs\u00f6l, das auf sorgf\u00e4ltig selektierten und raffinierten Grund\u00f6len basiert, um folgende Eigenschaften sicherzustellen:<\/p>\n<ul>\n<li>Gute Temperaturfestigkeit<\/li>\n<li>Gute Oxidationsstabilit\u00e4t<\/li>\n<li>Minimierte Ablagerungen in Ger\u00e4ten<\/li>\n<li>Nicht korrosiv<\/li>\n<\/ul>\n<h4>Typische Standardanalysen<\/h4>\n<table class=\"table analyse-table\">\n<tr>\n<td>Dichte bei 15 \u00b0C<\/td>\n<td>\n<b>0,870<\/b>  kg\/l<\/td>\n<\/tr>\n<tr>\n<td>Viskosit\u00e4t 40 \u00b0C<\/td>\n<td>\n<b>32,00<\/b>  mm\u00b2\/s<\/td>\n<\/tr>\n<tr>\n<td>Viskosit\u00e4t 100 \u00b0C<\/td>\n<td>\n<b>5,36<\/b>  mm\u00b2\/s<\/td>\n<\/tr>\n<tr>\n<td>Viskosit\u00e4tsindex<\/td>\n<td>\n<b>104<\/b> <\/td>\n<\/tr>\n<tr>\n<td>Flammpunkt COC<\/td>\n<td>\n<b>224<\/b>  \u00b0C<\/td>\n<\/tr>\n<tr>\n<td>Flie\u00dfpunkt<\/td>\n<td>\n<b>-15<\/b>  \u00b0C<\/td>\n<\/tr>\n<\/table>\n","protected":false},"excerpt":{"rendered":"<p>Heat Transfer Oil 32 wird als W\u00e4rmetr\u00e4ger in geschlossenen Kreisl\u00e4ufen verwendet, die mit indirektem W\u00e4rmetausch und hohen Temperaturen (\u00fcber 100\u00b0C) arbeiten. Der Einsatz ist in Systemen ohne Inertgas bei Temperaturen bis zu 300 \u00b0C m\u00f6glich. Bei Temperaturen zwischen 300 und 320 \u00b0C muss ein leichter \u00dcberdruck durch ein Inertgas bestehen.<\/p>\n","protected":false},"featured_media":365092,"comment_status":"open","ping_status":"open","template":"","meta":[],"location":[4275,4276],"product_brand":[25894],"product_cat":[1436,2187,9884],"product_tag":[],"class_list":{"0":"post-366300","1":"product","2":"type-product","3":"status-publish","4":"has-post-thumbnail","6":"location-aes-emmeloord","7":"location-aes-lemmer","8":"product_brand-kroon-oil","9":"product_cat-wartung","10":"product_cat-schmiermittel","11":"product_cat-kroon-oil","12":"product_shipping_class-paket-0-10-kg","14":"first","15":"onbackorder","16":"sale","17":"taxable","18":"shipping-taxable","19":"purchasable","20":"product-type-simple"},"group_of_quantity":0,"min_quantity":0,"max_quantity":"","exclude_order_quantity_value_rules":"no","exclude_category_quantity_rules":"no","combine_variations":"no","locations":[{"id":4275,"name":"AES Emmeloord","slug":"aes-emmeloord","quantity":""},{"id":4276,"name":"AES Lemmer","slug":"aes-lemmer","quantity":""}],"_links":{"self":[{"href":"https:\/\/ab-marineservice.com\/de\/wp-json\/wp\/v2\/product\/366300","targetHints":{"allow":["GET"]}}],"collection":[{"href":"https:\/\/ab-marineservice.com\/de\/wp-json\/wp\/v2\/product"}],"about":[{"href":"https:\/\/ab-marineservice.com\/de\/wp-json\/wp\/v2\/types\/product"}],"replies":[{"embeddable":true,"href":"https:\/\/ab-marineservice.com\/de\/wp-json\/wp\/v2\/comments?post=366300"}],"wp:featuredmedia":[{"embeddable":true,"href":"https:\/\/ab-marineservice.com\/de\/wp-json\/wp\/v2\/media\/365092"}],"wp:attachment":[{"href":"https:\/\/ab-marineservice.com\/de\/wp-json\/wp\/v2\/media?parent=366300"}],"wp:term":[{"taxonomy":"location","embeddable":true,"href":"https:\/\/ab-marineservice.com\/de\/wp-json\/wp\/v2\/location?post=366300"},{"taxonomy":"product_brand","embeddable":true,"href":"https:\/\/ab-marineservice.com\/de\/wp-json\/wp\/v2\/product_brand?post=366300"},{"taxonomy":"product_cat","embeddable":true,"href":"https:\/\/ab-marineservice.com\/de\/wp-json\/wp\/v2\/product_cat?post=366300"},{"taxonomy":"product_tag","embeddable":true,"href":"https:\/\/ab-marineservice.com\/de\/wp-json\/wp\/v2\/product_tag?post=366300"}],"curies":[{"name":"wp","href":"https:\/\/api.w.org\/{rel}","templated":true}]}}