{"id":366304,"date":"2025-06-15T17:03:48","date_gmt":"2025-06-15T15:03:48","guid":{"rendered":"https:\/\/ab-marineservice.com\/product\/gearlube-hs-gl-5-80w-140\/"},"modified":"2025-11-20T17:39:30","modified_gmt":"2025-11-20T16:39:30","slug":"gearlube-hs-gl-5-80w-140-3","status":"publish","type":"product","link":"https:\/\/ab-marineservice.com\/de\/produkt\/gearlube-hs-gl-5-80w-140-3\/","title":{"rendered":"Gearlube HS GL-5 80W-140 \u2013 20 Liter"},"content":{"rendered":"<p>Gearlube HS GL-5 80W-140 ist ein hochmodernes, synthetisches Getriebe\u00f6l. Durch die Kombination von synthetischen Grund\u00f6len niedriger Viskosit\u00e4t mit wegweisenden Additiven werden folgende Eigenschaften erzielt:<\/p>\n<ul>\n<li>Kraftstoffeinsparung (Kosteneinsparung)<\/li>\n<li>Greift Dichtungen nicht an (kein Leckagerisiko).<\/li>\n<li>Zuverl\u00e4ssiger Schmierfilm auch unter extremsten Betriebsbedingungen (hohe technische Zuverl\u00e4ssigkeit)<\/li>\n<li>Niedrige Viskosit\u00e4t sorgt f\u00fcr direktere und pr\u00e4zisere Schaltansprechung (leichtg\u00e4ngiges Schalten).<\/li>\n<li>Verhindert effektiv Verschlei\u00df von Getriebe und Lagern (verl\u00e4ngert Lebensdauer des Antriebsstrangs).<\/li>\n<li>Perfekt f\u00fcr die verl\u00e4ngerten \u00d6lwechselintervalle der heutigen Zeit (zus\u00e4tzliche Sicherheit)<\/li>\n<\/ul>\n<h4>Produktdaten<\/h4>\n<ul>\n<li>API GL-5<\/li>\n<li>MIL-L-2105D<\/li>\n<\/ul>\n<h4>Typische Standardanalysen<\/h4>\n<table class=\"table analyse-table\">\n<tr>\n<td>Dichte bei 15 \u00b0C<\/td>\n<td>\n<b>0,900<\/b>  kg\/l<\/td>\n<\/tr>\n<tr>\n<td>Viskosit\u00e4t 40 \u00b0C<\/td>\n<td>\n<b>228,00<\/b>  mm\u00b2\/s<\/td>\n<\/tr>\n<tr>\n<td>Viskosit\u00e4t 100 \u00b0C<\/td>\n<td>\n<b>27,80<\/b>  mm\u00b2\/s<\/td>\n<\/tr>\n<tr>\n<td>Viskosit\u00e4tsindex<\/td>\n<td>\n<b>158<\/b> <\/td>\n<\/tr>\n<tr>\n<td>Flammpunkt COC<\/td>\n<td>\n<b>220<\/b>  \u00b0C<\/td>\n<\/tr>\n<tr>\n<td>Flie\u00dfpunkt<\/td>\n<td>\n<b>-33<\/b>  \u00b0C<\/td>\n<\/tr>\n<\/table>\n","protected":false},"excerpt":{"rendered":"<p>Gearlube HS GL-5 80W-140 ist ein kraftstoffsparendes Synthetik-Getriebe\u00f6l und wurde f\u00fcr Heavy-Duty-Hypoidgetriebe in Hinterachsen und Schaltgetriebe formuliert. Es kann zudem in Getrieben verwendet werden, f\u00fcr die \u201eExtreme Pressure\u201c-Getriebe\u00f6le (EP-\u00d6le) vorgeschrieben sind.<\/p>\n","protected":false},"featured_media":365108,"comment_status":"open","ping_status":"open","template":"","meta":[],"location":[4275,4276],"product_brand":[25894],"product_cat":[1436,2187,9884],"product_tag":[],"class_list":{"0":"post-366304","1":"product","2":"type-product","3":"status-publish","4":"has-post-thumbnail","6":"location-aes-emmeloord","7":"location-aes-lemmer","8":"product_brand-kroon-oil","9":"product_cat-wartung","10":"product_cat-schmiermittel","11":"product_cat-kroon-oil","12":"product_shipping_class-paket-0-10-kg","14":"first","15":"onbackorder","16":"sale","17":"taxable","18":"shipping-taxable","19":"purchasable","20":"product-type-simple"},"group_of_quantity":0,"min_quantity":0,"max_quantity":"","exclude_order_quantity_value_rules":"no","exclude_category_quantity_rules":"no","combine_variations":"no","locations":[{"id":4275,"name":"AES Emmeloord","slug":"aes-emmeloord","quantity":""},{"id":4276,"name":"AES Lemmer","slug":"aes-lemmer","quantity":""}],"_links":{"self":[{"href":"https:\/\/ab-marineservice.com\/de\/wp-json\/wp\/v2\/product\/366304","targetHints":{"allow":["GET"]}}],"collection":[{"href":"https:\/\/ab-marineservice.com\/de\/wp-json\/wp\/v2\/product"}],"about":[{"href":"https:\/\/ab-marineservice.com\/de\/wp-json\/wp\/v2\/types\/product"}],"replies":[{"embeddable":true,"href":"https:\/\/ab-marineservice.com\/de\/wp-json\/wp\/v2\/comments?post=366304"}],"wp:featuredmedia":[{"embeddable":true,"href":"https:\/\/ab-marineservice.com\/de\/wp-json\/wp\/v2\/media\/365108"}],"wp:attachment":[{"href":"https:\/\/ab-marineservice.com\/de\/wp-json\/wp\/v2\/media?parent=366304"}],"wp:term":[{"taxonomy":"location","embeddable":true,"href":"https:\/\/ab-marineservice.com\/de\/wp-json\/wp\/v2\/location?post=366304"},{"taxonomy":"product_brand","embeddable":true,"href":"https:\/\/ab-marineservice.com\/de\/wp-json\/wp\/v2\/product_brand?post=366304"},{"taxonomy":"product_cat","embeddable":true,"href":"https:\/\/ab-marineservice.com\/de\/wp-json\/wp\/v2\/product_cat?post=366304"},{"taxonomy":"product_tag","embeddable":true,"href":"https:\/\/ab-marineservice.com\/de\/wp-json\/wp\/v2\/product_tag?post=366304"}],"curies":[{"name":"wp","href":"https:\/\/api.w.org\/{rel}","templated":true}]}}