{"id":366306,"date":"2025-06-15T17:03:48","date_gmt":"2025-06-15T15:03:48","guid":{"rendered":"https:\/\/ab-marineservice.com\/product\/perlus-biosynth-46\/"},"modified":"2025-11-20T17:39:05","modified_gmt":"2025-11-20T16:39:05","slug":"perlus-biosynth-46-4","status":"publish","type":"product","link":"https:\/\/ab-marineservice.com\/de\/produkt\/perlus-biosynth-46-4\/","title":{"rendered":"Perlus Biosynth 46 \u2013 20 Liter"},"content":{"rendered":"<p>Perlus Biosynth 46 ist ein hochmodernes, biologisch abbaubares Hydraulik\u00f6l auf Basis von synthetischen Estern. Durch die Kombination von synthetischen Grund\u00f6len mit der neusten Additivtechnologie bietet Perlus Biosynth 46 die folgenden Vorteile:<\/p>\n<ul>\n<li>Hervorragender Verschlei\u00df- und Korrosionsschutz: lange Lebensdauer und Zuverl\u00e4ssigkeit von Hydraulikkomponenten<\/li>\n<li>Hoher und stabiler Viskosit\u00e4tsindex: Gew\u00e4hrleistet stabile Funktion von Hydrauliksystemen unter allen Temperaturbedingungen.<\/li>\n<li>Greift Dichtungen nicht an: Kein Leckagerisiko<\/li>\n<li>Effiziente Luftfreigabe und stark minimierte Schaumneigung: Zuverl\u00e4ssigkeit auf h\u00f6chstem Niveau<\/li>\n<li>Oxidationsfestigkeit auch bei hohen Temperaturen: Langlebigkeit des Hydraulik\u00f6ls<\/li>\n<li>Effektive Wasserabweisung<\/li>\n<\/ul>\n<h4>Produktdaten<\/h4>\n<ul>\n<li>EU Ecolabel<\/li>\n<li>Swedish Standard SS 15 54 34<\/li>\n<li>ISO 15380 HEES<\/li>\n<li>Biodegradability according OECD 301 B &gt;70%<\/li>\n<\/ul>\n<h4>Typische Standardanalysen<\/h4>\n<table class=\"table analyse-table\">\n<tr>\n<td>Dichte bei 15 \u00b0C<\/td>\n<td>\n<b>0,919<\/b>  kg\/l<\/td>\n<\/tr>\n<tr>\n<td>Viskosit\u00e4t 40 \u00b0C<\/td>\n<td>\n<b>47,00<\/b>  mm\u00b2\/s<\/td>\n<\/tr>\n<tr>\n<td>Viskosit\u00e4t 100 \u00b0C<\/td>\n<td>\n<b>9,35<\/b>  mm\u00b2\/s<\/td>\n<\/tr>\n<tr>\n<td>Viskosit\u00e4tsindex<\/td>\n<td>\n<b>192<\/b> <\/td>\n<\/tr>\n<tr>\n<td>Flammpunkt COC<\/td>\n<td>\n<b>292<\/b>  \u00b0C<\/td>\n<\/tr>\n<tr>\n<td>Flie\u00dfpunkt<\/td>\n<td>\n<b>-33<\/b>  \u00b0C<\/td>\n<\/tr>\n<tr>\n<td>S\u00e4urenzahl<\/td>\n<td>\n<b>1,31<\/b>  mgKOH\/g<\/td>\n<\/tr>\n<tr>\n<td>Konduktivit\u00e4t<\/td>\n<td>\n<b>26<\/b>   pS<\/td>\n<\/tr>\n<\/table>\n","protected":false},"excerpt":{"rendered":"<p>Perlus Biosynth 46 ist ein hervorragendes Hydraulik\u00f6l f\u00fcr Schwerlast-Hydrauliksysteme, in denen hohe Dr\u00fccke und starke Temperaturschwankungen auftreten. Dieses Hydraulik\u00f6l wurde f\u00fcr Bedingungen entwickelt, unter denen ein Risiko von Umweltverschmutzung besteht sowie hohe Betriebstemperaturen zu erwarten sind.<\/p>\n","protected":false},"featured_media":365116,"comment_status":"open","ping_status":"open","template":"","meta":[],"location":[4275,4276],"product_brand":[25894],"product_cat":[1436,2187,9884],"product_tag":[],"class_list":{"0":"post-366306","1":"product","2":"type-product","3":"status-publish","4":"has-post-thumbnail","6":"location-aes-emmeloord","7":"location-aes-lemmer","8":"product_brand-kroon-oil","9":"product_cat-wartung","10":"product_cat-schmiermittel","11":"product_cat-kroon-oil","12":"product_shipping_class-paket-0-10-kg","14":"first","15":"onbackorder","16":"sale","17":"taxable","18":"shipping-taxable","19":"purchasable","20":"product-type-simple"},"group_of_quantity":0,"min_quantity":0,"max_quantity":"","exclude_order_quantity_value_rules":"no","exclude_category_quantity_rules":"no","combine_variations":"no","locations":[{"id":4275,"name":"AES Emmeloord","slug":"aes-emmeloord","quantity":""},{"id":4276,"name":"AES Lemmer","slug":"aes-lemmer","quantity":""}],"_links":{"self":[{"href":"https:\/\/ab-marineservice.com\/de\/wp-json\/wp\/v2\/product\/366306","targetHints":{"allow":["GET"]}}],"collection":[{"href":"https:\/\/ab-marineservice.com\/de\/wp-json\/wp\/v2\/product"}],"about":[{"href":"https:\/\/ab-marineservice.com\/de\/wp-json\/wp\/v2\/types\/product"}],"replies":[{"embeddable":true,"href":"https:\/\/ab-marineservice.com\/de\/wp-json\/wp\/v2\/comments?post=366306"}],"wp:featuredmedia":[{"embeddable":true,"href":"https:\/\/ab-marineservice.com\/de\/wp-json\/wp\/v2\/media\/365116"}],"wp:attachment":[{"href":"https:\/\/ab-marineservice.com\/de\/wp-json\/wp\/v2\/media?parent=366306"}],"wp:term":[{"taxonomy":"location","embeddable":true,"href":"https:\/\/ab-marineservice.com\/de\/wp-json\/wp\/v2\/location?post=366306"},{"taxonomy":"product_brand","embeddable":true,"href":"https:\/\/ab-marineservice.com\/de\/wp-json\/wp\/v2\/product_brand?post=366306"},{"taxonomy":"product_cat","embeddable":true,"href":"https:\/\/ab-marineservice.com\/de\/wp-json\/wp\/v2\/product_cat?post=366306"},{"taxonomy":"product_tag","embeddable":true,"href":"https:\/\/ab-marineservice.com\/de\/wp-json\/wp\/v2\/product_tag?post=366306"}],"curies":[{"name":"wp","href":"https:\/\/api.w.org\/{rel}","templated":true}]}}