{"id":366316,"date":"2025-06-15T17:04:40","date_gmt":"2025-06-15T15:04:40","guid":{"rendered":"https:\/\/ab-marineservice.com\/product\/armado-synth-5w-30\/"},"modified":"2025-11-20T17:38:47","modified_gmt":"2025-11-20T16:38:47","slug":"armado-synth-5w-30-3","status":"publish","type":"product","link":"https:\/\/ab-marineservice.com\/de\/produkt\/armado-synth-5w-30-3\/","title":{"rendered":"Armado Synth 5W-30 \u2013 20 Liter"},"content":{"rendered":"<p>Armado Synth 5W-30 stellt ein modernes, synthetisches Nutzfahrzeug-Dieselmotor\u00f6l von \u00fcberragender Qualit\u00e4t dar. Durch die Kombination von synthetischen Grund\u00f6len mit der neusten Additivtechnologie setzt Armado Synth 5W-30 neue Ma\u00dfst\u00e4be f\u00fcr Lkw-Motor\u00f6le. Dadurch bietet es folgende Eigenschaften:<\/p>\n<ul>\n<li>Kraftstoffsparend und au\u00dfergew\u00f6hnlich \u00f6lverbrauchsmindernd<\/li>\n<li>Zuverl\u00e4ssige Kaltstarts auch bei extrem niedrigen Au\u00dfentemperaturen<\/li>\n<li>Starker, zuverl\u00e4ssiger Schmierfilm auch unter extremsten Betriebsbedingungen.<\/li>\n<li>Hervorragende Reinigungswirkung<\/li>\n<li>Sch\u00fctzt Motor vor Verschlei\u00df.<\/li>\n<li>Perfekt f\u00fcr die verl\u00e4ngerten \u00d6lwechselintervalle der heutigen Zeit<\/li>\n<li>Verhindert zudem Bore-Polishing (Zylinderwandverschlei\u00df).<\/li>\n<\/ul>\n<h4>Produktdaten<\/h4>\n<ul>\n<li>ACEA E4, E7<\/li>\n<li>Mack EO-N<\/li>\n<li>Renault VI RLD-2<\/li>\n<li>Scania LDF-3<\/li>\n<li>Volvo VDS-3<\/li>\n<li>Cummins CES 20077<\/li>\n<li>DAF Extended Drain<\/li>\n<li>Deutz DQC IV-10<\/li>\n<li>DTFR 15B120<\/li>\n<li>MAN M 3277<\/li>\n<li>MB 228.5<\/li>\n<li>MTU Type 3<\/li>\n<\/ul>\n<h4>Typische Standardanalysen<\/h4>\n<table class=\"table analyse-table\">\n<tr>\n<td>Dichte bei 15 \u00b0C<\/td>\n<td>\n<b>0,858<\/b>  kg\/l<\/td>\n<\/tr>\n<tr>\n<td>Viskosit\u00e4t -30 \u00b0C<\/td>\n<td>\n<b>6330<\/b>  mPa.s<\/td>\n<\/tr>\n<tr>\n<td>Viskosit\u00e4t 40 \u00b0C<\/td>\n<td>\n<b>70,80<\/b>  mm\u00b2\/s<\/td>\n<\/tr>\n<tr>\n<td>Viskosit\u00e4t 100 \u00b0C<\/td>\n<td>\n<b>12,00<\/b>  mm\u00b2\/s<\/td>\n<\/tr>\n<tr>\n<td>Viskosit\u00e4tsindex<\/td>\n<td>\n<b>165<\/b> <\/td>\n<\/tr>\n<tr>\n<td>Flammpunkt COC<\/td>\n<td>\n<b>226<\/b>  \u00b0C<\/td>\n<\/tr>\n<tr>\n<td>Flie\u00dfpunkt<\/td>\n<td>\n<b>-48<\/b>  \u00b0C<\/td>\n<\/tr>\n<tr>\n<td>Basenzahl<\/td>\n<td>\n<b>15,3<\/b>  mgKOH\/g<\/td>\n<\/tr>\n<tr>\n<td>Sulfataschegehalt<\/td>\n<td>\n<b>1,80<\/b>  %<\/td>\n<\/tr>\n<\/table>\n","protected":false},"excerpt":{"rendered":"<p>Armado Synth 5W-30 empfiehlt sich f\u00fcr Dieselmotoren, die unter schwersten Betriebsbedingungen eingesetzt werden. Auch f\u00fcr \u00e4u\u00dferst schadstoffarme Dieselmotoren in Kombination mit Kraftstoffen mit niedrigem Schwefelgehalt. Armado Synth 5W-30 wurde unter Ber\u00fccksichtigung von Herstellervorschriften entwickelt, um extrem verl\u00e4ngerte \u00d6lwechselintervalle (100.000 km und mehr) zu erm\u00f6glichen und dabei einen st\u00f6rungsfreien Betrieb zu garantieren.<\/p>\n","protected":false},"featured_media":365156,"comment_status":"open","ping_status":"open","template":"","meta":[],"location":[4275,4276],"product_brand":[25894],"product_cat":[1436,2187,9884],"product_tag":[],"class_list":{"0":"post-366316","1":"product","2":"type-product","3":"status-publish","4":"has-post-thumbnail","6":"location-aes-emmeloord","7":"location-aes-lemmer","8":"product_brand-kroon-oil","9":"product_cat-wartung","10":"product_cat-schmiermittel","11":"product_cat-kroon-oil","12":"product_shipping_class-paket-0-10-kg","14":"first","15":"onbackorder","16":"sale","17":"taxable","18":"shipping-taxable","19":"purchasable","20":"product-type-simple"},"group_of_quantity":0,"min_quantity":0,"max_quantity":"","exclude_order_quantity_value_rules":"no","exclude_category_quantity_rules":"no","combine_variations":"no","locations":[{"id":4275,"name":"AES Emmeloord","slug":"aes-emmeloord","quantity":""},{"id":4276,"name":"AES Lemmer","slug":"aes-lemmer","quantity":""}],"_links":{"self":[{"href":"https:\/\/ab-marineservice.com\/de\/wp-json\/wp\/v2\/product\/366316","targetHints":{"allow":["GET"]}}],"collection":[{"href":"https:\/\/ab-marineservice.com\/de\/wp-json\/wp\/v2\/product"}],"about":[{"href":"https:\/\/ab-marineservice.com\/de\/wp-json\/wp\/v2\/types\/product"}],"replies":[{"embeddable":true,"href":"https:\/\/ab-marineservice.com\/de\/wp-json\/wp\/v2\/comments?post=366316"}],"wp:featuredmedia":[{"embeddable":true,"href":"https:\/\/ab-marineservice.com\/de\/wp-json\/wp\/v2\/media\/365156"}],"wp:attachment":[{"href":"https:\/\/ab-marineservice.com\/de\/wp-json\/wp\/v2\/media?parent=366316"}],"wp:term":[{"taxonomy":"location","embeddable":true,"href":"https:\/\/ab-marineservice.com\/de\/wp-json\/wp\/v2\/location?post=366316"},{"taxonomy":"product_brand","embeddable":true,"href":"https:\/\/ab-marineservice.com\/de\/wp-json\/wp\/v2\/product_brand?post=366316"},{"taxonomy":"product_cat","embeddable":true,"href":"https:\/\/ab-marineservice.com\/de\/wp-json\/wp\/v2\/product_cat?post=366316"},{"taxonomy":"product_tag","embeddable":true,"href":"https:\/\/ab-marineservice.com\/de\/wp-json\/wp\/v2\/product_tag?post=366316"}],"curies":[{"name":"wp","href":"https:\/\/api.w.org\/{rel}","templated":true}]}}