{"id":366349,"date":"2025-06-15T17:07:23","date_gmt":"2025-06-15T15:07:23","guid":{"rendered":"https:\/\/ab-marineservice.com\/product\/coolant-26\/"},"modified":"2025-11-20T17:36:06","modified_gmt":"2025-11-20T16:36:06","slug":"coolant-26-5-liter","status":"publish","type":"product","link":"https:\/\/ab-marineservice.com\/de\/produkt\/coolant-26-5-liter\/","title":{"rendered":"Coolant -26 \u2013 5 Liter"},"content":{"rendered":"<p>Coolant -26 ist ein klassisches K\u00fchlmittel, das auf Monoethylenglykol und weichem Wasser basiert. Dank einer speziellen Additivmischung bietet es folgende Eigenschaften:<\/p>\n<ul>\n<li>Effektiver Schutz aller Metalle, die in Motoren und K\u00fchlsystemen zum Einsatz kommen<\/li>\n<li>Greift Dichtungen und Schl\u00e4uche nicht an<\/li>\n<li>Gute Schaumunterdr\u00fcckung<\/li>\n<li>Schutz von Aluminium-Zylinderk\u00f6pfen<\/li>\n<\/ul>\n<h4>Produktdaten<\/h4>\n<ul>\n<li>BS 6580:2010<\/li>\n<\/ul>\n<h4>Typische Standardanalysen<\/h4>\n<table class=\"table analyse-table\">\n<tr>\n<td>Dichte bei 15 \u00b0C<\/td>\n<td>\n<b>1,056<\/b>  kg\/l<\/td>\n<\/tr>\n<tr>\n<td>pH &#8211; Wert<\/td>\n<td>\n<b>8,2<\/b> <\/td>\n<\/tr>\n<tr>\n<td>Reservealkalit\u00e4t<\/td>\n<td>\n<b>8,3<\/b>  pH<\/td>\n<\/tr>\n<tr>\n<td>Kristallisationspunkt<\/td>\n<td>\n<b>-26<\/b>  \u00b0C<\/td>\n<\/tr>\n<\/table>\n","protected":false},"excerpt":{"rendered":"<p>Coolant -26 kann ganzj\u00e4hrig in den K\u00fchlsystemen von Benzin- und Dieselmotoren eingesetzt werden. Coolant -26 sollte unverd\u00fcnnt verwendet werden und bietet dann einen Schutz bis -26\u00b0C.<\/p>\n","protected":false},"featured_media":365288,"comment_status":"open","ping_status":"open","template":"","meta":[],"location":[4275,4276],"product_brand":[25894],"product_cat":[1436,2187,9884],"product_tag":[],"class_list":{"0":"post-366349","1":"product","2":"type-product","3":"status-publish","4":"has-post-thumbnail","6":"location-aes-emmeloord","7":"location-aes-lemmer","8":"product_brand-kroon-oil","9":"product_cat-wartung","10":"product_cat-schmiermittel","11":"product_cat-kroon-oil","12":"product_shipping_class-paket-0-10-kg","14":"first","15":"instock","16":"sale","17":"taxable","18":"shipping-taxable","19":"purchasable","20":"product-type-simple"},"group_of_quantity":0,"min_quantity":0,"max_quantity":"","exclude_order_quantity_value_rules":"no","exclude_category_quantity_rules":"no","combine_variations":"no","locations":[{"id":4275,"name":"AES Emmeloord","slug":"aes-emmeloord","quantity":""},{"id":4276,"name":"AES Lemmer","slug":"aes-lemmer","quantity":""}],"_links":{"self":[{"href":"https:\/\/ab-marineservice.com\/de\/wp-json\/wp\/v2\/product\/366349","targetHints":{"allow":["GET"]}}],"collection":[{"href":"https:\/\/ab-marineservice.com\/de\/wp-json\/wp\/v2\/product"}],"about":[{"href":"https:\/\/ab-marineservice.com\/de\/wp-json\/wp\/v2\/types\/product"}],"replies":[{"embeddable":true,"href":"https:\/\/ab-marineservice.com\/de\/wp-json\/wp\/v2\/comments?post=366349"}],"wp:featuredmedia":[{"embeddable":true,"href":"https:\/\/ab-marineservice.com\/de\/wp-json\/wp\/v2\/media\/365288"}],"wp:attachment":[{"href":"https:\/\/ab-marineservice.com\/de\/wp-json\/wp\/v2\/media?parent=366349"}],"wp:term":[{"taxonomy":"location","embeddable":true,"href":"https:\/\/ab-marineservice.com\/de\/wp-json\/wp\/v2\/location?post=366349"},{"taxonomy":"product_brand","embeddable":true,"href":"https:\/\/ab-marineservice.com\/de\/wp-json\/wp\/v2\/product_brand?post=366349"},{"taxonomy":"product_cat","embeddable":true,"href":"https:\/\/ab-marineservice.com\/de\/wp-json\/wp\/v2\/product_cat?post=366349"},{"taxonomy":"product_tag","embeddable":true,"href":"https:\/\/ab-marineservice.com\/de\/wp-json\/wp\/v2\/product_tag?post=366349"}],"curies":[{"name":"wp","href":"https:\/\/api.w.org\/{rel}","templated":true}]}}