{"id":366353,"date":"2025-06-15T17:08:16","date_gmt":"2025-06-15T15:08:16","guid":{"rendered":"https:\/\/ab-marineservice.com\/product\/helar-sp-ll-03-0w-30\/"},"modified":"2025-11-20T17:35:36","modified_gmt":"2025-11-20T16:35:36","slug":"helar-sp-ll-03-0w-30-6","status":"publish","type":"product","link":"https:\/\/ab-marineservice.com\/de\/produkt\/helar-sp-ll-03-0w-30-6\/","title":{"rendered":"Helar SP LL-03 0W-30 \u2013 5 Liter"},"content":{"rendered":"<p>Helar SP LL-03 0W-30 ist ein vollsynthetisches, kraftstoffsparendes Universalmotor\u00f6l auf Basis von Grund\u00f6len mit einem von Natur aus hohem Viskosit\u00e4tsindex. Helar SP LL-03 0W-30 wurde mithilfe der neuesten Technologie mit wegweisenden Additiven formuliert, um folgende Eigenschaften zu gew\u00e4hrleisten:<\/p>\n<ul>\n<li>Kraftstoffeinsparung<\/li>\n<li>Extrem hoher Viskosit\u00e4tsindex und hohe Scherstabilit\u00e4t<\/li>\n<li>Zuverl\u00e4ssige Kaltstarts<\/li>\n<li>Zuverl\u00e4ssiger Schmierfilm auch bei hohen Betriebstemperaturen<\/li>\n<li>Hervorragende Dispersions- und Detergenswirkung<\/li>\n<li>Sehr wirkungsvoller Schutz vor Verschlei\u00df, Korrosion und Schaumbildung<\/li>\n<\/ul>\n<h4>Produktdaten<\/h4>\n<ul>\n<li>ACEA C3<\/li>\n<li>Approved under VW 504.00 \/ 507.00<\/li>\n<li>BMW Longlife-04<\/li>\n<li>MB-Approval 229.51<\/li>\n<li>MB 229.52 \/ 229.31<\/li>\n<li>Porsche C30<\/li>\n<\/ul>\n<h4>Typische Standardanalysen<\/h4>\n<table class=\"table analyse-table\">\n<tr>\n<td>Dichte bei 15 \u00b0C<\/td>\n<td>\n<b>0,844<\/b>  kg\/l<\/td>\n<\/tr>\n<tr>\n<td>Viskosit\u00e4t -35 \u00b0C<\/td>\n<td>\n<b>5750<\/b>  mPa.s<\/td>\n<\/tr>\n<tr>\n<td>Viskosit\u00e4t 40 \u00b0C<\/td>\n<td>\n<b>64,00<\/b>  mm\u00b2\/s<\/td>\n<\/tr>\n<tr>\n<td>Viskosit\u00e4t 100 \u00b0C<\/td>\n<td>\n<b>12,00<\/b>  mm\u00b2\/s<\/td>\n<\/tr>\n<tr>\n<td>Viskosit\u00e4tsindex<\/td>\n<td>\n<b>178<\/b> <\/td>\n<\/tr>\n<tr>\n<td>Flammpunkt PM<\/td>\n<td>\n<b>192<\/b>  \u00b0C<\/td>\n<\/tr>\n<tr>\n<td>Flammpunkt COC<\/td>\n<td>\n<b>228<\/b>  \u00b0C<\/td>\n<\/tr>\n<tr>\n<td>Flie\u00dfpunkt<\/td>\n<td>\n<b>-51<\/b>  \u00b0C<\/td>\n<\/tr>\n<tr>\n<td>Basenzahl<\/td>\n<td>\n<b>8,3<\/b>  mgKOH\/g<\/td>\n<\/tr>\n<tr>\n<td>Sulfataschegehalt<\/td>\n<td>\n<b>0,78<\/b>  %<\/td>\n<\/tr>\n<\/table>\n","protected":false},"excerpt":{"rendered":"<p>Helar SP LL-03 0W-30 ist ein kraftstoffsparendes Synthetik-Motor\u00f6l speziell f\u00fcr Volkswagen-Fahrzeuge mit verl\u00e4ngerten \u00d6lwechselintervallen. Helar SP LL-03 0W-30 kann auch f\u00fcr Viertakt-Benzin- und -Dieselmotoren verwendet werden. F\u00fcr korrekte Anwendung siehe Produktspezifikationen auf der Produktseite.<\/p>\n","protected":false},"featured_media":365304,"comment_status":"open","ping_status":"open","template":"","meta":[],"location":[4275,4276],"product_brand":[25894],"product_cat":[1436,2187,9884],"product_tag":[],"class_list":{"0":"post-366353","1":"product","2":"type-product","3":"status-publish","4":"has-post-thumbnail","6":"location-aes-emmeloord","7":"location-aes-lemmer","8":"product_brand-kroon-oil","9":"product_cat-wartung","10":"product_cat-schmiermittel","11":"product_cat-kroon-oil","12":"product_shipping_class-paket-0-10-kg","14":"first","15":"instock","16":"sale","17":"taxable","18":"shipping-taxable","19":"purchasable","20":"product-type-simple"},"group_of_quantity":0,"min_quantity":0,"max_quantity":"","exclude_order_quantity_value_rules":"no","exclude_category_quantity_rules":"no","combine_variations":"no","locations":[{"id":4275,"name":"AES Emmeloord","slug":"aes-emmeloord","quantity":""},{"id":4276,"name":"AES Lemmer","slug":"aes-lemmer","quantity":""}],"_links":{"self":[{"href":"https:\/\/ab-marineservice.com\/de\/wp-json\/wp\/v2\/product\/366353","targetHints":{"allow":["GET"]}}],"collection":[{"href":"https:\/\/ab-marineservice.com\/de\/wp-json\/wp\/v2\/product"}],"about":[{"href":"https:\/\/ab-marineservice.com\/de\/wp-json\/wp\/v2\/types\/product"}],"replies":[{"embeddable":true,"href":"https:\/\/ab-marineservice.com\/de\/wp-json\/wp\/v2\/comments?post=366353"}],"wp:featuredmedia":[{"embeddable":true,"href":"https:\/\/ab-marineservice.com\/de\/wp-json\/wp\/v2\/media\/365304"}],"wp:attachment":[{"href":"https:\/\/ab-marineservice.com\/de\/wp-json\/wp\/v2\/media?parent=366353"}],"wp:term":[{"taxonomy":"location","embeddable":true,"href":"https:\/\/ab-marineservice.com\/de\/wp-json\/wp\/v2\/location?post=366353"},{"taxonomy":"product_brand","embeddable":true,"href":"https:\/\/ab-marineservice.com\/de\/wp-json\/wp\/v2\/product_brand?post=366353"},{"taxonomy":"product_cat","embeddable":true,"href":"https:\/\/ab-marineservice.com\/de\/wp-json\/wp\/v2\/product_cat?post=366353"},{"taxonomy":"product_tag","embeddable":true,"href":"https:\/\/ab-marineservice.com\/de\/wp-json\/wp\/v2\/product_tag?post=366353"}],"curies":[{"name":"wp","href":"https:\/\/api.w.org\/{rel}","templated":true}]}}