{"id":366359,"date":"2025-06-15T17:08:16","date_gmt":"2025-06-15T15:08:16","guid":{"rendered":"https:\/\/ab-marineservice.com\/product\/sp-matic-4026\/"},"modified":"2025-11-20T17:35:54","modified_gmt":"2025-11-20T16:35:54","slug":"sp-matic-4026-6","status":"publish","type":"product","link":"https:\/\/ab-marineservice.com\/de\/produkt\/sp-matic-4026-6\/","title":{"rendered":"SP Matic 4026 \u2013 5 Liter"},"content":{"rendered":"<p>SP Matic 4026 ist ein synthetisches, multifunktionelles Automatikgetriebe\u00f6l. Dieses Produkt wurde speziell f\u00fcr moderne Automatikgetriebe von Kfz und Lieferwagen entwickelt. Dank modernster Additive und hochwertiger synthetischer Grund\u00f6le bietet es die folgenden Eigenschaften:<\/p>\n<ul>\n<li>Hervorragende Oxidationsstabilit\u00e4t: Verl\u00e4ngert Lebensdauer der Fl\u00fcssigkeit.<\/li>\n<li>Hervorragende Schmiereigenschaften auch unter extremsten Bedingungen<\/li>\n<li>Sehr wirkungsvoller Schutz vor Verschlei\u00df, Korrosion und Schaumbildung<\/li>\n<li>Sehr hohe Scherfestigkeit<\/li>\n<li>Sehr niedriger Flie\u00dfpunkt: Kann auch bei sehr niedrigen Temperaturen verwendet werden.<\/li>\n<li>Sehr hoher Viskosit\u00e4tsindex: zuverl\u00e4ssige Getriebefunktion bei hohen wie bei niedrigen Temperaturen<\/li>\n<\/ul>\n<h4>Produktdaten<\/h4>\n<ul>\n<li>Aisin Warner JWS 3309 \/ JWS 3317<\/li>\n<li>Allison C4 \/ TES-389 \/ TES-295<\/li>\n<li>BMW ATF 6 (83 22 2 355 599)<\/li>\n<li>BMW 7045E \/ 8072B \/ LA2634 \/ LT71141<\/li>\n<li>Chrysler \/ Dodge \/ Jeep MS 9602, ATF +4, ATF +3<\/li>\n<li>Fiat 9.55550-AV4<\/li>\n<li>Ford Mercon V, WSS-M2C922-A1, WSS-M2C924-A<\/li>\n<li>DTFR 13C110 \/ 13C140 \/ 13C150 \/ 13C170 \/ 13C180<\/li>\n<li>GM Dexron IID, Dexron IIE, Dexron IIIG, Dexron IIIH<\/li>\n<li>Honda ATF-Z1 (except in CVT)<\/li>\n<li>Hyundai\/Kia SP-II\/SP-III\/RED-1K, Isuzu ATF II\/III<\/li>\n<li>Jaguar JLM 20238\/20292\/21044, JASO M315 Type 1A<\/li>\n<li>Mazda M-III\/Type T-IV \/ JWS 3309<\/li>\n<li>Mercedes MB 236.14, MB 236.12<\/li>\n<li>Mercedes MB 236.91, MB 236.11, MB 236.10<\/li>\n<li>Mitsubishi SP-II, SP-III, ATF-J2<\/li>\n<li>Nissan Matic-D, Matic-J, Matic-K<\/li>\n<li>Subaru ATF HP, Suzuki ATF 3314\/3317<\/li>\n<li>Toyota \/ Lexus T, T-II, T-III, T-IV<\/li>\n<li>VW G 052 025 \/ 052 055<\/li>\n<li>Volvo 1161540<\/li>\n<li>VW G 052 162 \/ 052 990 \/ 055 025<\/li>\n<li>ZF TE-ML 11A \/ 11B<\/li>\n<li>ZF ATF 1375.4 (6HP Transmissions)<\/li>\n<\/ul>\n<h4>Typische Standardanalysen<\/h4>\n<table class=\"table analyse-table\">\n<tr>\n<td>Dichte bei 15 \u00b0C<\/td>\n<td>\n<b>0,861<\/b>  kg\/l<\/td>\n<\/tr>\n<tr>\n<td>Viskosit\u00e4t -30 \u00b0C<\/td>\n<td>\n<b>2980<\/b>  mPa.s<\/td>\n<\/tr>\n<tr>\n<td>Viskosit\u00e4t 40 \u00b0C<\/td>\n<td>\n<b>33,10<\/b>  mm\u00b2\/s<\/td>\n<\/tr>\n<tr>\n<td>Viskosit\u00e4t 100 \u00b0C<\/td>\n<td>\n<b>7,10<\/b>  mm\u00b2\/s<\/td>\n<\/tr>\n<tr>\n<td>Viskosit\u00e4tsindex<\/td>\n<td>\n<b>185<\/b> <\/td>\n<\/tr>\n<tr>\n<td>Flammpunkt COC<\/td>\n<td>\n<b>200<\/b>  \u00b0C<\/td>\n<\/tr>\n<tr>\n<td>Flie\u00dfpunkt<\/td>\n<td>\n<b>-54<\/b>  \u00b0C<\/td>\n<\/tr>\n<tr>\n<td>Basenzahl<\/td>\n<td>\n<b>4,0<\/b>  mgKOH\/g<\/td>\n<\/tr>\n<\/table>\n","protected":false},"excerpt":{"rendered":"<p>SP Matic 4026 ist ein multifunktionelles, synthetisches Langzeit-Automatikgetriebe\u00f6l f\u00fcr elektronische gesteuerte Automatikgetriebe von Kfz und Kleintransportern. Es eignet sich auch f\u00fcr Servolenkungen.<\/p>\n<p>Wichtig! Dieses Automatikgetriebe\u00f6l kann farblich vom urspr\u00fcnglichen \u00d6l abweichen. SP Matic 4026 ist rot. Aus Vermarktungsgr\u00fcnden verwenden gewisse Originalhersteller ein Automatikgetriebe\u00f6l mit einer anderen Farbe. SP Matic 4026 ist mit solchen Automatikgetriebe\u00f6len anderer Farbe kompatibel.<\/p>\n","protected":false},"featured_media":365328,"comment_status":"open","ping_status":"open","template":"","meta":[],"location":[4275,4276],"product_brand":[25894],"product_cat":[1436,2187,9884],"product_tag":[],"class_list":{"0":"post-366359","1":"product","2":"type-product","3":"status-publish","4":"has-post-thumbnail","6":"location-aes-emmeloord","7":"location-aes-lemmer","8":"product_brand-kroon-oil","9":"product_cat-wartung","10":"product_cat-schmiermittel","11":"product_cat-kroon-oil","12":"product_shipping_class-paket-0-10-kg","14":"first","15":"instock","16":"sale","17":"taxable","18":"shipping-taxable","19":"purchasable","20":"product-type-simple"},"group_of_quantity":0,"min_quantity":0,"max_quantity":"","exclude_order_quantity_value_rules":"no","exclude_category_quantity_rules":"no","combine_variations":"no","locations":[{"id":4275,"name":"AES Emmeloord","slug":"aes-emmeloord","quantity":""},{"id":4276,"name":"AES Lemmer","slug":"aes-lemmer","quantity":""}],"_links":{"self":[{"href":"https:\/\/ab-marineservice.com\/de\/wp-json\/wp\/v2\/product\/366359","targetHints":{"allow":["GET"]}}],"collection":[{"href":"https:\/\/ab-marineservice.com\/de\/wp-json\/wp\/v2\/product"}],"about":[{"href":"https:\/\/ab-marineservice.com\/de\/wp-json\/wp\/v2\/types\/product"}],"replies":[{"embeddable":true,"href":"https:\/\/ab-marineservice.com\/de\/wp-json\/wp\/v2\/comments?post=366359"}],"wp:featuredmedia":[{"embeddable":true,"href":"https:\/\/ab-marineservice.com\/de\/wp-json\/wp\/v2\/media\/365328"}],"wp:attachment":[{"href":"https:\/\/ab-marineservice.com\/de\/wp-json\/wp\/v2\/media?parent=366359"}],"wp:term":[{"taxonomy":"location","embeddable":true,"href":"https:\/\/ab-marineservice.com\/de\/wp-json\/wp\/v2\/location?post=366359"},{"taxonomy":"product_brand","embeddable":true,"href":"https:\/\/ab-marineservice.com\/de\/wp-json\/wp\/v2\/product_brand?post=366359"},{"taxonomy":"product_cat","embeddable":true,"href":"https:\/\/ab-marineservice.com\/de\/wp-json\/wp\/v2\/product_cat?post=366359"},{"taxonomy":"product_tag","embeddable":true,"href":"https:\/\/ab-marineservice.com\/de\/wp-json\/wp\/v2\/product_tag?post=366359"}],"curies":[{"name":"wp","href":"https:\/\/api.w.org\/{rel}","templated":true}]}}