{"id":366363,"date":"2025-06-15T17:09:10","date_gmt":"2025-06-15T15:09:10","guid":{"rendered":"https:\/\/ab-marineservice.com\/product\/torsynth-msp-5w-30\/"},"modified":"2025-11-20T17:35:30","modified_gmt":"2025-11-20T16:35:30","slug":"torsynth-msp-5w-30-7","status":"publish","type":"product","link":"https:\/\/ab-marineservice.com\/de\/produkt\/torsynth-msp-5w-30-7\/","title":{"rendered":"Torsynth MSP 5W-30 \u2013 5 Liter"},"content":{"rendered":"<p>Torsynth MSP 5W-30 ist ein synthetisches Mid-SAPS Motor\u00f6l, das spezifisch f\u00fcr moderne Pkw und Transporter mit Partikelfilter und\/oder Dreiwege-Katalysator der neuesten Generation konzipiert wurde. Die Performanz dieses Produkts erf\u00fcllt s\u00e4mtliche Herstellervorgaben. Da die notwendigen Feldversuche f\u00fcr Torsynth MSP 5W-30 noch nicht durchgef\u00fchrt wurden, k\u00f6nnen wir gegenw\u00e4rtig nur angeben, dass das Produkt den spezifischen Leistungsvorgaben der Hersteller voll entspricht.<\/p>\n<h4>Produktdaten<\/h4>\n<ul>\n<li>Suitable for use:<\/li>\n<li>ACEA C2, C3<\/li>\n<li>API SN<\/li>\n<li>BMW Longlife-04<\/li>\n<li>GM dexos 2<\/li>\n<li>MB 229.51 \/ 229.52<\/li>\n<li>Opel OV 040 1547 &#8211; D30<\/li>\n<li>VW 505.01<\/li>\n<\/ul>\n<h4>Typische Standardanalysen<\/h4>\n<table class=\"table analyse-table\">\n<tr>\n<td>Dichte bei 15 \u00b0C<\/td>\n<td>\n<b>0,853<\/b>  kg\/l<\/td>\n<\/tr>\n<tr>\n<td>Viskosit\u00e4t -30 \u00b0C<\/td>\n<td>\n<b>6000<\/b>  mPa.s<\/td>\n<\/tr>\n<tr>\n<td>Viskosit\u00e4t 40 \u00b0C<\/td>\n<td>\n<b>73,00<\/b>  mm\u00b2\/s<\/td>\n<\/tr>\n<tr>\n<td>Viskosit\u00e4t 100 \u00b0C<\/td>\n<td>\n<b>12,10<\/b>  mm\u00b2\/s<\/td>\n<\/tr>\n<tr>\n<td>Viskosit\u00e4tsindex<\/td>\n<td>\n<b>163<\/b> <\/td>\n<\/tr>\n<tr>\n<td>Flammpunkt COC<\/td>\n<td>\n<b>230<\/b>  \u00b0C<\/td>\n<\/tr>\n<tr>\n<td>Flie\u00dfpunkt<\/td>\n<td>\n<b>-36<\/b>  \u00b0C<\/td>\n<\/tr>\n<tr>\n<td>Basenzahl<\/td>\n<td>\n<b>7,8<\/b>  mgKOH\/g<\/td>\n<\/tr>\n<tr>\n<td>Sulfataschegehalt<\/td>\n<td>\n<b>0,77<\/b>  %<\/td>\n<\/tr>\n<\/table>\n","protected":false},"excerpt":{"rendered":"<p>Torsynth MSP 5W-30 ist ein Mid-SAPS Motor\u00f6l f\u00fcr moderne Benzin-, Autogas- und Dieselmotoren, die nicht mehr durch die Herstellergarantie gedeckt sind. Dieses Produkt erm\u00f6glicht auch verl\u00e4ngerte \u00d6lwechselintervalle. Aufgrund seines niedrigen Schwefelaschegehalts (SAPS) eignet es sich f\u00fcr Fahrzeuge mit Partikelfilter und\/oder Dreiwege-Katalysator der neuesten Generation. Durch seine spezielle Formulierung ist das Produkt ideal f\u00fcr Fahrzeuge, die eine der folgenden Spezifikationen erfordern.<\/p>\n","protected":false},"featured_media":365341,"comment_status":"open","ping_status":"open","template":"","meta":[],"location":[4275,4276],"product_brand":[25894],"product_cat":[1436,2187,9884],"product_tag":[],"class_list":{"0":"post-366363","1":"product","2":"type-product","3":"status-publish","4":"has-post-thumbnail","6":"location-aes-emmeloord","7":"location-aes-lemmer","8":"product_brand-kroon-oil","9":"product_cat-wartung","10":"product_cat-schmiermittel","11":"product_cat-kroon-oil","12":"product_shipping_class-paket-0-10-kg","14":"first","15":"outofstock","16":"sale","17":"taxable","18":"shipping-taxable","19":"purchasable","20":"product-type-simple"},"group_of_quantity":0,"min_quantity":0,"max_quantity":"","exclude_order_quantity_value_rules":"no","exclude_category_quantity_rules":"no","combine_variations":"no","locations":[{"id":4275,"name":"AES Emmeloord","slug":"aes-emmeloord","quantity":""},{"id":4276,"name":"AES Lemmer","slug":"aes-lemmer","quantity":""}],"_links":{"self":[{"href":"https:\/\/ab-marineservice.com\/de\/wp-json\/wp\/v2\/product\/366363","targetHints":{"allow":["GET"]}}],"collection":[{"href":"https:\/\/ab-marineservice.com\/de\/wp-json\/wp\/v2\/product"}],"about":[{"href":"https:\/\/ab-marineservice.com\/de\/wp-json\/wp\/v2\/types\/product"}],"replies":[{"embeddable":true,"href":"https:\/\/ab-marineservice.com\/de\/wp-json\/wp\/v2\/comments?post=366363"}],"wp:featuredmedia":[{"embeddable":true,"href":"https:\/\/ab-marineservice.com\/de\/wp-json\/wp\/v2\/media\/365341"}],"wp:attachment":[{"href":"https:\/\/ab-marineservice.com\/de\/wp-json\/wp\/v2\/media?parent=366363"}],"wp:term":[{"taxonomy":"location","embeddable":true,"href":"https:\/\/ab-marineservice.com\/de\/wp-json\/wp\/v2\/location?post=366363"},{"taxonomy":"product_brand","embeddable":true,"href":"https:\/\/ab-marineservice.com\/de\/wp-json\/wp\/v2\/product_brand?post=366363"},{"taxonomy":"product_cat","embeddable":true,"href":"https:\/\/ab-marineservice.com\/de\/wp-json\/wp\/v2\/product_cat?post=366363"},{"taxonomy":"product_tag","embeddable":true,"href":"https:\/\/ab-marineservice.com\/de\/wp-json\/wp\/v2\/product_tag?post=366363"}],"curies":[{"name":"wp","href":"https:\/\/api.w.org\/{rel}","templated":true}]}}