{"id":366370,"date":"2025-06-15T17:09:10","date_gmt":"2025-06-15T15:09:10","guid":{"rendered":"https:\/\/ab-marineservice.com\/product\/helar-sp-ll-03-5w-30\/"},"modified":"2025-11-20T17:35:22","modified_gmt":"2025-11-20T16:35:22","slug":"helar-sp-ll-03-5w-30-7","status":"publish","type":"product","link":"https:\/\/ab-marineservice.com\/de\/produkt\/helar-sp-ll-03-5w-30-7\/","title":{"rendered":"Helar SP LL-03 5W-30 \u2013 5 Liter"},"content":{"rendered":"<p>Helar SP LL-03 5W-30 ist ein synthetisches, kraftstoffsparendes Mid-SAPS-Motor\u00f6l. Speziell ausgew\u00e4hlte Grund\u00f6le in Kombination mit der neuesten Generation von Low-SAPS-Additiven verleihen diesem Produkt folgende Eigenschaften:<\/p>\n<ul>\n<li>Kraftstoffeinsparung<\/li>\n<li>Verl\u00e4ngerte \u00d6lwechselintervalle<\/li>\n<li>Zuverl\u00e4ssige Kaltstarts<\/li>\n<li>L\u00e4ngere Lebensdauer des Abgasnachbehandlungsystems<\/li>\n<li>Sch\u00fctzender Schmierfilm auch bei extrem hohen Betriebstemperaturen<\/li>\n<li>Hervorragende Dispersions- und Detergenswirkung<\/li>\n<li>Hocheffektiver Schutz vor Verschlei\u00df, Korrosion und Schaumbildung<\/li>\n<\/ul>\n<h4>Produktdaten<\/h4>\n<ul>\n<li>ACEA C3<\/li>\n<li>API SP<\/li>\n<li>Approved under VW 504.00 \/ 507.00<\/li>\n<li>MB-Approval 229.51<\/li>\n<li>MB 229.31\/229.52<\/li>\n<li>BMW Longlife-04<\/li>\n<li>Porsche C30<\/li>\n<li>Opel OV 040 1547 &#8211; D30 \/ G30<\/li>\n<\/ul>\n<h4>Typische Standardanalysen<\/h4>\n<table class=\"table analyse-table\">\n<tr>\n<td>Dichte bei 15 \u00b0C<\/td>\n<td>\n<b>0,855<\/b>  kg\/l<\/td>\n<\/tr>\n<tr>\n<td>Viskosit\u00e4t -30 \u00b0C<\/td>\n<td>\n<b>5980<\/b>  mPa.s<\/td>\n<\/tr>\n<tr>\n<td>Viskosit\u00e4t 40 \u00b0C<\/td>\n<td>\n<b>69,80<\/b>  mm\u00b2\/s<\/td>\n<\/tr>\n<tr>\n<td>Viskosit\u00e4t 100 \u00b0C<\/td>\n<td>\n<b>12,30<\/b>  mm\u00b2\/s<\/td>\n<\/tr>\n<tr>\n<td>Viskosit\u00e4tsindex<\/td>\n<td>\n<b>176<\/b> <\/td>\n<\/tr>\n<tr>\n<td>Flammpunkt COC<\/td>\n<td>\n<b>224<\/b>  \u00b0C<\/td>\n<\/tr>\n<tr>\n<td>Flie\u00dfpunkt<\/td>\n<td>\n<b>-42<\/b>  \u00b0C<\/td>\n<\/tr>\n<tr>\n<td>Basenzahl<\/td>\n<td>\n<b>8,3<\/b>  mgKOH\/g<\/td>\n<\/tr>\n<tr>\n<td>Sulfataschegehalt<\/td>\n<td>\n<b>0,75<\/b>  %<\/td>\n<\/tr>\n<\/table>\n","protected":false},"excerpt":{"rendered":"<p>Helar SP LL-03 5W-30 ist ein synthetisches Mid-SAPS Universalmotor\u00f6l. Dieses Langzeit-Motor\u00f6l wurde f\u00fcr Pkw und Vans der Volkswagengruppe (VAG), Mercedes, BMW und andere Marken entwickelt. Helar SP LL-03 5W-30 ist auf Benzin- und Dieselmotoren mit und ohne Pumpe\/D\u00fcse-Technologie ausgelegt. Eignet sich f\u00fcr l\u00e4ngere Wechselintervalle und f\u00fcr Fahrzeuge mit Dieselpartikelfilter. Zur korrekten Anwendung siehe Datenbank \u201eProduktberatung\u201c und\/oder die Schmiervorschriften des Fahrzeugherstellers.<\/p>\n","protected":false},"featured_media":365369,"comment_status":"open","ping_status":"open","template":"","meta":[],"location":[4275,4276],"product_brand":[25894],"product_cat":[1436,2187,9884],"product_tag":[],"class_list":{"0":"post-366370","1":"product","2":"type-product","3":"status-publish","4":"has-post-thumbnail","6":"location-aes-emmeloord","7":"location-aes-lemmer","8":"product_brand-kroon-oil","9":"product_cat-wartung","10":"product_cat-schmiermittel","11":"product_cat-kroon-oil","12":"product_shipping_class-paket-0-10-kg","14":"first","15":"outofstock","16":"sale","17":"taxable","18":"shipping-taxable","19":"purchasable","20":"product-type-simple"},"group_of_quantity":0,"min_quantity":0,"max_quantity":"","exclude_order_quantity_value_rules":"no","exclude_category_quantity_rules":"no","combine_variations":"no","locations":[{"id":4275,"name":"AES Emmeloord","slug":"aes-emmeloord","quantity":""},{"id":4276,"name":"AES Lemmer","slug":"aes-lemmer","quantity":""}],"_links":{"self":[{"href":"https:\/\/ab-marineservice.com\/de\/wp-json\/wp\/v2\/product\/366370","targetHints":{"allow":["GET"]}}],"collection":[{"href":"https:\/\/ab-marineservice.com\/de\/wp-json\/wp\/v2\/product"}],"about":[{"href":"https:\/\/ab-marineservice.com\/de\/wp-json\/wp\/v2\/types\/product"}],"replies":[{"embeddable":true,"href":"https:\/\/ab-marineservice.com\/de\/wp-json\/wp\/v2\/comments?post=366370"}],"wp:featuredmedia":[{"embeddable":true,"href":"https:\/\/ab-marineservice.com\/de\/wp-json\/wp\/v2\/media\/365369"}],"wp:attachment":[{"href":"https:\/\/ab-marineservice.com\/de\/wp-json\/wp\/v2\/media?parent=366370"}],"wp:term":[{"taxonomy":"location","embeddable":true,"href":"https:\/\/ab-marineservice.com\/de\/wp-json\/wp\/v2\/location?post=366370"},{"taxonomy":"product_brand","embeddable":true,"href":"https:\/\/ab-marineservice.com\/de\/wp-json\/wp\/v2\/product_brand?post=366370"},{"taxonomy":"product_cat","embeddable":true,"href":"https:\/\/ab-marineservice.com\/de\/wp-json\/wp\/v2\/product_cat?post=366370"},{"taxonomy":"product_tag","embeddable":true,"href":"https:\/\/ab-marineservice.com\/de\/wp-json\/wp\/v2\/product_tag?post=366370"}],"curies":[{"name":"wp","href":"https:\/\/api.w.org\/{rel}","templated":true}]}}