{"id":366371,"date":"2025-06-15T17:09:10","date_gmt":"2025-06-15T15:09:10","guid":{"rendered":"https:\/\/ab-marineservice.com\/product\/ceramic-grease\/"},"modified":"2025-11-20T17:35:25","modified_gmt":"2025-11-20T16:35:25","slug":"ceramic-grease-3","status":"publish","type":"product","link":"https:\/\/ab-marineservice.com\/de\/produkt\/ceramic-grease-3\/","title":{"rendered":"Ceramic Grease \u2013 400 ml"},"content":{"rendered":"<p>Ceramic Grease ist hochwertige Montagepaste und wirkungsvolles Schmiermittel zugleich. Dank seiner exklusiven Formulierung bietet dieses Fett hohe Temperatur- (Spitzentemperatur von ca. 1500 \u00b0C) und Druckfestigkeit. Gleichzeitig vermindert es effektiv die Reibung zwischen bewegten Teilen und bewirkt einen wirkungsvollen Korrosionsschutz. Da es sich bei Ceramic Grease um eine Montagepaste ohne Metallpartikel handelt, ist auch ein hervorragender Schutz vor elektrolytischer Korrosion sichergestellt. Diese Art von Korrosion entsteht beim Kontakt zwischen verschiedenen Metallen, z. B. wenn eine Stahlschraube in eine Aluminiumkomponente gedreht wird. Ohne gute Montagepaste wird das unedelste Metall (in diesem Fall Aluminium) angegriffen.<\/p>\n","protected":false},"excerpt":{"rendered":"<p>Ceramic Grease ist ein Keramikfett und eignet sich perfekt f\u00fcr Zerlegung und Zusammenbau von: Komponenten von ABS- und ASR-Systemen, Bremsen, Gl\u00fch- und Z\u00fcndkerzen, Lambdasonden, Auspuffteile, Schraubverbindungen, Verbindungen von verschiedenen Metallen (z. B. Stahl\/Aluminium), Flanschverbindungen und andere Verbindungen in Industrie und Ofenanlagen Zudem eignet sich das Produkt auch hervorragend f\u00fcr Komponenten und Anwendungen, die hohen Temperaturen und\/oder Dr\u00fccken ausgesetzt sind.<\/p>\n","protected":false},"featured_media":365373,"comment_status":"open","ping_status":"open","template":"","meta":[],"location":[4275,4276],"product_brand":[25894],"product_cat":[1436,2187,9884],"product_tag":[],"class_list":{"0":"post-366371","1":"product","2":"type-product","3":"status-publish","4":"has-post-thumbnail","6":"location-aes-emmeloord","7":"location-aes-lemmer","8":"product_brand-kroon-oil","9":"product_cat-wartung","10":"product_cat-schmiermittel","11":"product_cat-kroon-oil","12":"product_shipping_class-paket-0-10-kg","14":"first","15":"outofstock","16":"sale","17":"taxable","18":"shipping-taxable","19":"purchasable","20":"product-type-simple"},"group_of_quantity":0,"min_quantity":0,"max_quantity":"","exclude_order_quantity_value_rules":"no","exclude_category_quantity_rules":"no","combine_variations":"no","locations":[{"id":4275,"name":"AES Emmeloord","slug":"aes-emmeloord","quantity":""},{"id":4276,"name":"AES Lemmer","slug":"aes-lemmer","quantity":""}],"_links":{"self":[{"href":"https:\/\/ab-marineservice.com\/de\/wp-json\/wp\/v2\/product\/366371","targetHints":{"allow":["GET"]}}],"collection":[{"href":"https:\/\/ab-marineservice.com\/de\/wp-json\/wp\/v2\/product"}],"about":[{"href":"https:\/\/ab-marineservice.com\/de\/wp-json\/wp\/v2\/types\/product"}],"replies":[{"embeddable":true,"href":"https:\/\/ab-marineservice.com\/de\/wp-json\/wp\/v2\/comments?post=366371"}],"wp:featuredmedia":[{"embeddable":true,"href":"https:\/\/ab-marineservice.com\/de\/wp-json\/wp\/v2\/media\/365373"}],"wp:attachment":[{"href":"https:\/\/ab-marineservice.com\/de\/wp-json\/wp\/v2\/media?parent=366371"}],"wp:term":[{"taxonomy":"location","embeddable":true,"href":"https:\/\/ab-marineservice.com\/de\/wp-json\/wp\/v2\/location?post=366371"},{"taxonomy":"product_brand","embeddable":true,"href":"https:\/\/ab-marineservice.com\/de\/wp-json\/wp\/v2\/product_brand?post=366371"},{"taxonomy":"product_cat","embeddable":true,"href":"https:\/\/ab-marineservice.com\/de\/wp-json\/wp\/v2\/product_cat?post=366371"},{"taxonomy":"product_tag","embeddable":true,"href":"https:\/\/ab-marineservice.com\/de\/wp-json\/wp\/v2\/product_tag?post=366371"}],"curies":[{"name":"wp","href":"https:\/\/api.w.org\/{rel}","templated":true}]}}