{"id":366377,"date":"2025-06-15T17:10:04","date_gmt":"2025-06-15T15:10:04","guid":{"rendered":"https:\/\/ab-marineservice.com\/product\/specialsynth-msp-5w-40\/"},"modified":"2025-11-20T17:34:43","modified_gmt":"2025-11-20T16:34:43","slug":"specialsynth-msp-5w-40-7","status":"publish","type":"product","link":"https:\/\/ab-marineservice.com\/de\/produkt\/specialsynth-msp-5w-40-7\/","title":{"rendered":"Specialsynth MSP 5W-40 \u2013 5 Liter"},"content":{"rendered":"<p>Specialsynth MSP 5W-40 ist ein vielseitiges, synthetisches High-End-Motor\u00f6l, das auf die neuesten Technologien ausgelegt ist. Dank einer modernen, sorgf\u00e4ltig gewichteten Mid-SAPS-Additivmischung und synthetischer Premium-Grund\u00f6le, bietet das Produkt folgende Eigenschaften:<\/p>\n<ul>\n<li>Kraftstoffeinsparung<\/li>\n<li>\u00dcberlegener Verschlei\u00dfschutz<\/li>\n<li>Zuverl\u00e4ssige Kaltstarts<\/li>\n<li>Volle Kompatibilit\u00e4t mit Ru\u00dfpartikelfiltern und Katalysatoren<\/li>\n<li>Kompatibel mit Motoren fr\u00fcherer Generationen, wodurch das Produkt universal eingesetzt werden kann.<\/li>\n<li>Geeignet f\u00fcr verl\u00e4ngerte \u00d6lwechselintervalle, falls vom Fahrzeughersteller zugelassen.<\/li>\n<\/ul>\n<h4>Produktdaten<\/h4>\n<ul>\n<li>ACEA C3<\/li>\n<li>API SN, API SN Plus<\/li>\n<li>BMW Longlife-04<\/li>\n<li>MB-Approval 229.51<\/li>\n<li>MB 229.31 \/ 229.52<\/li>\n<li>VW 505.00 \/ 505.01<\/li>\n<li>Ford M2C917-A<\/li>\n<\/ul>\n<h4>Typische Standardanalysen<\/h4>\n<table class=\"table analyse-table\">\n<tr>\n<td>Dichte bei 15 \u00b0C<\/td>\n<td>\n<b>0,853<\/b>  kg\/l<\/td>\n<\/tr>\n<tr>\n<td>Viskosit\u00e4t -30 \u00b0C<\/td>\n<td>\n<b>6080<\/b>  mPa.s<\/td>\n<\/tr>\n<tr>\n<td>Viskosit\u00e4t 40 \u00b0C<\/td>\n<td>\n<b>75,80<\/b>  mm\u00b2\/s<\/td>\n<\/tr>\n<tr>\n<td>Viskosit\u00e4t 100 \u00b0C<\/td>\n<td>\n<b>13,20<\/b>  mm\u00b2\/s<\/td>\n<\/tr>\n<tr>\n<td>Viskosit\u00e4tsindex<\/td>\n<td>\n<b>180<\/b> <\/td>\n<\/tr>\n<tr>\n<td>Flammpunkt COC<\/td>\n<td>\n<b>220<\/b>  \u00b0C<\/td>\n<\/tr>\n<tr>\n<td>Flie\u00dfpunkt<\/td>\n<td>\n<b>-36<\/b>  \u00b0C<\/td>\n<\/tr>\n<tr>\n<td>Basenzahl<\/td>\n<td>\n<b>7,0<\/b>  mgKOH\/g<\/td>\n<\/tr>\n<tr>\n<td>Sulfataschegehalt<\/td>\n<td>\n<b>0,75<\/b>  %<\/td>\n<\/tr>\n<\/table>\n","protected":false},"excerpt":{"rendered":"<p>Specialsynth MSP 5W-40 ist ein synthetisches Premium-Motor\u00f6l f\u00fcr Pkw und Vans. Dank der speziellen Mid-SAPS-Formulierung eignet sich dieses Produkt f\u00fcr die j\u00fcngste Generation von Benzin- und Dieselmotoren mit und ohne Ru\u00dfpartikelfilter. Zur korrekten Anwendung siehe Datenbank \u201eProduktberatung\u201c.<\/p>\n","protected":false},"featured_media":365397,"comment_status":"open","ping_status":"open","template":"","meta":[],"location":[4275,4276],"product_brand":[25894],"product_cat":[1436,2187,9884],"product_tag":[],"class_list":{"0":"post-366377","1":"product","2":"type-product","3":"status-publish","4":"has-post-thumbnail","6":"location-aes-emmeloord","7":"location-aes-lemmer","8":"product_brand-kroon-oil","9":"product_cat-wartung","10":"product_cat-schmiermittel","11":"product_cat-kroon-oil","12":"product_shipping_class-paket-0-10-kg","14":"first","15":"outofstock","16":"sale","17":"taxable","18":"shipping-taxable","19":"purchasable","20":"product-type-simple"},"group_of_quantity":0,"min_quantity":0,"max_quantity":"","exclude_order_quantity_value_rules":"no","exclude_category_quantity_rules":"no","combine_variations":"no","locations":[{"id":4275,"name":"AES Emmeloord","slug":"aes-emmeloord","quantity":""},{"id":4276,"name":"AES Lemmer","slug":"aes-lemmer","quantity":""}],"_links":{"self":[{"href":"https:\/\/ab-marineservice.com\/de\/wp-json\/wp\/v2\/product\/366377","targetHints":{"allow":["GET"]}}],"collection":[{"href":"https:\/\/ab-marineservice.com\/de\/wp-json\/wp\/v2\/product"}],"about":[{"href":"https:\/\/ab-marineservice.com\/de\/wp-json\/wp\/v2\/types\/product"}],"replies":[{"embeddable":true,"href":"https:\/\/ab-marineservice.com\/de\/wp-json\/wp\/v2\/comments?post=366377"}],"wp:featuredmedia":[{"embeddable":true,"href":"https:\/\/ab-marineservice.com\/de\/wp-json\/wp\/v2\/media\/365397"}],"wp:attachment":[{"href":"https:\/\/ab-marineservice.com\/de\/wp-json\/wp\/v2\/media?parent=366377"}],"wp:term":[{"taxonomy":"location","embeddable":true,"href":"https:\/\/ab-marineservice.com\/de\/wp-json\/wp\/v2\/location?post=366377"},{"taxonomy":"product_brand","embeddable":true,"href":"https:\/\/ab-marineservice.com\/de\/wp-json\/wp\/v2\/product_brand?post=366377"},{"taxonomy":"product_cat","embeddable":true,"href":"https:\/\/ab-marineservice.com\/de\/wp-json\/wp\/v2\/product_cat?post=366377"},{"taxonomy":"product_tag","embeddable":true,"href":"https:\/\/ab-marineservice.com\/de\/wp-json\/wp\/v2\/product_tag?post=366377"}],"curies":[{"name":"wp","href":"https:\/\/api.w.org\/{rel}","templated":true}]}}