{"id":366391,"date":"2025-06-15T17:10:56","date_gmt":"2025-06-15T15:10:56","guid":{"rendered":"https:\/\/ab-marineservice.com\/product\/presteza-msp-0w-20\/"},"modified":"2025-11-20T17:34:10","modified_gmt":"2025-11-20T16:34:10","slug":"presteza-msp-0w-20-6","status":"publish","type":"product","link":"https:\/\/ab-marineservice.com\/de\/produkt\/presteza-msp-0w-20-6\/","title":{"rendered":"Presteza MSP 0W-20 \u2013 5 Liter"},"content":{"rendered":"<p>Presteza MSP 0W-20 ist ein synthetisches, kraftstoffsparendes Mid-SAPS Motor\u00f6l. Diese Motoren\u00f6le tragen wesentlich zu einem niedrigen Kraftstoffverbrauch bei, weshalb die Hersteller sie zunehmend ab Werk vorschreiben. Speziell synthetische Grund\u00f6le in Kombination mit modernsten Additiven verleihen die folgenden Eigenschaften:<\/p>\n<ul>\n<li>Hohe Kraftstoffeinsparung und stabiler Viskosit\u00e4tsindex<\/li>\n<li>Hohe Scherfestigkeit<\/li>\n<li>Zuverl\u00e4ssige Kaltstarts selbst bei extrem niedrigen Au\u00dfentemperaturen<\/li>\n<li>Weniger Verbrennungsr\u00fcckst\u00e4nde<\/li>\n<li>Verl\u00e4ngerte Lebensdauer von Partikelfiltern und Katalysatoren<\/li>\n<li>Zuverl\u00e4ssiger Schmierfilm auch bei hohen Betriebstemperaturen<\/li>\n<li>Hervorragende Reinigungswirkung, wirkungsvoller Verschlei\u00df- und Korrosionsschutz<\/li>\n<\/ul>\n<h4>Produktdaten<\/h4>\n<ul>\n<li>ACEA C5, C6<\/li>\n<li>API SP Resource Conserving<\/li>\n<li>ILSAC GF-6A<\/li>\n<li>BMW Longlife-17 FE+<\/li>\n<li>Jaguar Land Rover STJLR.03.5006<\/li>\n<li>MB-Approval 229.71 \/ 229.72<\/li>\n<li>Ford WSS-M2C947-B1 \/ WSS-M2C962-A1<\/li>\n<li>Opel OV 040 1547 &#8211; A20<\/li>\n<li>Chrysler MS-12145<\/li>\n<li>Fiat 9.55535-GSX<\/li>\n<li>Volvo VCC RBS0-2AE<\/li>\n<\/ul>\n<h4>Typische Standardanalysen<\/h4>\n<table class=\"table analyse-table\">\n<tr>\n<td>Dichte bei 15 \u00b0C<\/td>\n<td>\n<b>0,847<\/b>  kg\/l<\/td>\n<\/tr>\n<tr>\n<td>Viskosit\u00e4t -35 \u00b0C<\/td>\n<td>\n<b>5260<\/b>  mPa.s<\/td>\n<\/tr>\n<tr>\n<td>Viskosit\u00e4t 40 \u00b0C<\/td>\n<td>\n<b>41,60<\/b>  mm\u00b2\/s<\/td>\n<\/tr>\n<tr>\n<td>Viskosit\u00e4t 100 \u00b0C<\/td>\n<td>\n<b>8,30<\/b>  mm\u00b2\/s<\/td>\n<\/tr>\n<tr>\n<td>Viskosit\u00e4tsindex<\/td>\n<td>\n<b>179<\/b> <\/td>\n<\/tr>\n<tr>\n<td>Flammpunkt COC<\/td>\n<td>\n<b>222<\/b>  \u00b0C<\/td>\n<\/tr>\n<tr>\n<td>Flie\u00dfpunkt<\/td>\n<td>\n<b>-51<\/b>  \u00b0C<\/td>\n<\/tr>\n<tr>\n<td>Basenzahl<\/td>\n<td>\n<b>7,8<\/b>  mgKOH\/g<\/td>\n<\/tr>\n<tr>\n<td>Sulfataschegehalt<\/td>\n<td>\n<b>0,77<\/b>  %<\/td>\n<\/tr>\n<tr>\n<td>Noack<\/td>\n<td>\n<b>10,2<\/b>  %<\/td>\n<\/tr>\n<\/table>\n","protected":false},"excerpt":{"rendered":"<p>Presteza MSP 0W-20 ist ein kraftstoffsparendes Motor\u00f6l mit extrem niedriger Viskosit\u00e4t f\u00fcr die neuesten Fahrzeuggenerationen mit Partikelfilter und\/oder Katalysator. Das Produkt eignet sich auch sehr gut f\u00fcr hocheffiziente Hybridfahrzeuge, die ein SAE 0W-20 Motor\u00f6l mit niedriger Viskosit\u00e4t gem\u00e4\u00df einer der unten aufgef\u00fchrten Spezifikationen erfordern.<\/p>\n","protected":false},"featured_media":365453,"comment_status":"open","ping_status":"open","template":"","meta":[],"location":[4275,4276],"product_brand":[25894],"product_cat":[1436,2187,9884],"product_tag":[],"class_list":{"0":"post-366391","1":"product","2":"type-product","3":"status-publish","4":"has-post-thumbnail","6":"location-aes-emmeloord","7":"location-aes-lemmer","8":"product_brand-kroon-oil","9":"product_cat-wartung","10":"product_cat-schmiermittel","11":"product_cat-kroon-oil","12":"product_shipping_class-paket-0-10-kg","14":"first","15":"instock","16":"sale","17":"taxable","18":"shipping-taxable","19":"purchasable","20":"product-type-simple"},"group_of_quantity":0,"min_quantity":0,"max_quantity":"","exclude_order_quantity_value_rules":"no","exclude_category_quantity_rules":"no","combine_variations":"no","locations":[{"id":4275,"name":"AES Emmeloord","slug":"aes-emmeloord","quantity":""},{"id":4276,"name":"AES Lemmer","slug":"aes-lemmer","quantity":""}],"_links":{"self":[{"href":"https:\/\/ab-marineservice.com\/de\/wp-json\/wp\/v2\/product\/366391","targetHints":{"allow":["GET"]}}],"collection":[{"href":"https:\/\/ab-marineservice.com\/de\/wp-json\/wp\/v2\/product"}],"about":[{"href":"https:\/\/ab-marineservice.com\/de\/wp-json\/wp\/v2\/types\/product"}],"replies":[{"embeddable":true,"href":"https:\/\/ab-marineservice.com\/de\/wp-json\/wp\/v2\/comments?post=366391"}],"wp:featuredmedia":[{"embeddable":true,"href":"https:\/\/ab-marineservice.com\/de\/wp-json\/wp\/v2\/media\/365453"}],"wp:attachment":[{"href":"https:\/\/ab-marineservice.com\/de\/wp-json\/wp\/v2\/media?parent=366391"}],"wp:term":[{"taxonomy":"location","embeddable":true,"href":"https:\/\/ab-marineservice.com\/de\/wp-json\/wp\/v2\/location?post=366391"},{"taxonomy":"product_brand","embeddable":true,"href":"https:\/\/ab-marineservice.com\/de\/wp-json\/wp\/v2\/product_brand?post=366391"},{"taxonomy":"product_cat","embeddable":true,"href":"https:\/\/ab-marineservice.com\/de\/wp-json\/wp\/v2\/product_cat?post=366391"},{"taxonomy":"product_tag","embeddable":true,"href":"https:\/\/ab-marineservice.com\/de\/wp-json\/wp\/v2\/product_tag?post=366391"}],"curies":[{"name":"wp","href":"https:\/\/api.w.org\/{rel}","templated":true}]}}