{"id":366397,"date":"2025-06-15T17:11:49","date_gmt":"2025-06-15T15:11:49","guid":{"rendered":"https:\/\/ab-marineservice.com\/product\/coolant-sp-12-evo\/"},"modified":"2025-11-20T17:33:07","modified_gmt":"2025-11-20T16:33:07","slug":"coolant-sp-12-evo-6","status":"publish","type":"product","link":"https:\/\/ab-marineservice.com\/de\/produkt\/coolant-sp-12-evo-6\/","title":{"rendered":"Coolant SP 12 EVO \u2013 5 Liter"},"content":{"rendered":"<p>Coolant SP 12 EVO ist ein gebrauchsfertiges Premium-Langzeitk\u00fchlmittel f\u00fcr einen Frostschutz bis -37\u00a0\u00b0C. Die patentierte LOBRID-PSi-OAT-Additivtechnologie garantiert einen exzellenten Langzeitkorrosionsschutz und eine exzellente Langzeitstabilit\u00e4t. Das Produkt bietet eine sehr starke S\u00e4ureneutralisierung f\u00fcr sehr lange Wechselintervalle. Einzigartige Additive neutralisieren auch die negativen Auswirkungen von Flussmittelr\u00fcckst\u00e4nden, die bei der Herstellung von Aluminiumk\u00fchlern entstehen. Dar\u00fcber hinaus bietet dieses Produkt sehr schnell vollst\u00e4ndigen Korrosionsschutz; bereits nach einer Betriebsstunde ist der volle Korrosionsschutz erreicht. Coolant SP 12 EVO ist v\u00f6llig frei von Aminen, Nitriten, Boraten und 2-Ethylhexans\u00e4ure.<\/p>\n<h4>Produktdaten<\/h4>\n<ul>\n<li>ASTM D3306<\/li>\n<li>JIS K 2234<\/li>\n<li>CNH JIC-501<\/li>\n<li>Cummins 85T8-2<\/li>\n<li>Deutz DQC CA-14<\/li>\n<li>DTFR 29D120 \/ 29D100<\/li>\n<li>Iveco 18-1830<\/li>\n<li>MAN 324 Si-OAT<\/li>\n<li>MB 326.5 \/ 326.0<\/li>\n<li>MTU 5048<\/li>\n<li>Toyota LLC 1WW\/2WW<\/li>\n<li>VW TL 774-L\/J\/G\/F\/D<\/li>\n<\/ul>\n<h4>Typische Standardanalysen<\/h4>\n<table class=\"table analyse-table\">\n<tr>\n<td>Dichte bei 15 \u00b0C<\/td>\n<td>\n<b>1,072<\/b>  kg\/l<\/td>\n<\/tr>\n<tr>\n<td>pH &#8211; Wert<\/td>\n<td>\n<b>8,0<\/b> <\/td>\n<\/tr>\n<tr>\n<td>Kristallisationspunkt<\/td>\n<td>\n<b>-37<\/b>  \u00b0C<\/td>\n<\/tr>\n<\/table>\n","protected":false},"excerpt":{"rendered":"<p>Coolant SP 12 EVO ist ein modernes gebrauchsfertiges, pink fluoreszierendes Langzeitk\u00fchlmittel. Es wurde speziell f\u00fcr die aktuelle Generation der VAG-Modelle entwickelt, f\u00fcr die VW die Qualit\u00e4t G12 EVO vorschreibt. Coolant SP 12 EVO ist voll abw\u00e4rtskompatibel und kann mit \u00e4lteren VAG-K\u00fchlmitteln (Coolant SP 13, Coolant SP 12++, Coolant SP 12) gemischt werden. Es eignet sich auch f\u00fcr andere Fahrzeuge, f\u00fcr die eine der unten aufgef\u00fchrten Qualit\u00e4ten vorgeschrieben ist.<\/p>\n","protected":false},"featured_media":365477,"comment_status":"open","ping_status":"open","template":"","meta":[],"location":[3905,4275,4276],"product_brand":[25894],"product_cat":[1436,2187,9884],"product_tag":[],"class_list":{"0":"post-366397","1":"product","2":"type-product","3":"status-publish","4":"has-post-thumbnail","6":"location-ab-marine-service","7":"location-aes-emmeloord","8":"location-aes-lemmer","9":"product_brand-kroon-oil","10":"product_cat-wartung","11":"product_cat-schmiermittel","12":"product_cat-kroon-oil","13":"product_shipping_class-paket-0-10-kg","15":"first","16":"instock","17":"sale","18":"taxable","19":"shipping-taxable","20":"purchasable","21":"product-type-simple"},"group_of_quantity":0,"min_quantity":0,"max_quantity":"","exclude_order_quantity_value_rules":"no","exclude_category_quantity_rules":"no","combine_variations":"no","locations":[{"id":3905,"name":"AB Marine","slug":"ab-marine-service","quantity":""},{"id":4275,"name":"AES Emmeloord","slug":"aes-emmeloord","quantity":""},{"id":4276,"name":"AES Lemmer","slug":"aes-lemmer","quantity":""}],"_links":{"self":[{"href":"https:\/\/ab-marineservice.com\/de\/wp-json\/wp\/v2\/product\/366397","targetHints":{"allow":["GET"]}}],"collection":[{"href":"https:\/\/ab-marineservice.com\/de\/wp-json\/wp\/v2\/product"}],"about":[{"href":"https:\/\/ab-marineservice.com\/de\/wp-json\/wp\/v2\/types\/product"}],"replies":[{"embeddable":true,"href":"https:\/\/ab-marineservice.com\/de\/wp-json\/wp\/v2\/comments?post=366397"}],"wp:featuredmedia":[{"embeddable":true,"href":"https:\/\/ab-marineservice.com\/de\/wp-json\/wp\/v2\/media\/365477"}],"wp:attachment":[{"href":"https:\/\/ab-marineservice.com\/de\/wp-json\/wp\/v2\/media?parent=366397"}],"wp:term":[{"taxonomy":"location","embeddable":true,"href":"https:\/\/ab-marineservice.com\/de\/wp-json\/wp\/v2\/location?post=366397"},{"taxonomy":"product_brand","embeddable":true,"href":"https:\/\/ab-marineservice.com\/de\/wp-json\/wp\/v2\/product_brand?post=366397"},{"taxonomy":"product_cat","embeddable":true,"href":"https:\/\/ab-marineservice.com\/de\/wp-json\/wp\/v2\/product_cat?post=366397"},{"taxonomy":"product_tag","embeddable":true,"href":"https:\/\/ab-marineservice.com\/de\/wp-json\/wp\/v2\/product_tag?post=366397"}],"curies":[{"name":"wp","href":"https:\/\/api.w.org\/{rel}","templated":true}]}}