{"id":366400,"date":"2025-06-15T17:11:49","date_gmt":"2025-06-15T15:11:49","guid":{"rendered":"https:\/\/ab-marineservice.com\/product\/duranza-msp-eco-0w-20\/"},"modified":"2025-11-20T17:33:16","modified_gmt":"2025-11-20T16:33:16","slug":"duranza-msp-eco-0w-20-6","status":"publish","type":"product","link":"https:\/\/ab-marineservice.com\/de\/produkt\/duranza-msp-eco-0w-20-6\/","title":{"rendered":"Duranza MSP ECO 0W-20 \u2013 5 Liter"},"content":{"rendered":"<p>Duranza MSP ECO 0W-20 ist ein kraftstoffsparendes und wegweisendes synthetisches Motoren\u00f6l, speziell entwickelt f\u00fcr die neuen Ford EcoBlue-Dieselmotoren. Dieses Produkt basiert auf der neuesten Generation von hochwertigen synthetischen Grund\u00f6len, erg\u00e4nzt durch ein fortschrittliches Additivpaket, um die folgenden Eigenschaften zu erzielen:<\/p>\n<ul>\n<li>Kraftstoffeinsparung auf h\u00f6chstem Niveau<\/li>\n<li>Sehr hoher und stabiler Viskosit\u00e4tsindex<\/li>\n<li>Deutlich erh\u00f6hte Scherfestigkeit<\/li>\n<li>Zuverl\u00e4ssige Kaltstarts selbst bei extrem niedrigen Au\u00dfentemperaturen<\/li>\n<li>Sch\u00fctzender Schmierfilm auch bei extrem hohen Betriebstemperaturen<\/li>\n<li>Weniger Verbrennungsr\u00fcckst\u00e4nde<\/li>\n<li>Hervorragende Dispersions- und Detergenswirkung<\/li>\n<li>Hocheffektiver Schutz vor Verschlei\u00df, Korrosion und Schaumbildung<\/li>\n<\/ul>\n<h4>Produktdaten<\/h4>\n<ul>\n<li>ACEA C5, C6<\/li>\n<li>API SP<\/li>\n<li>Ford WSS-M2C952-A1<\/li>\n<li>Jaguar Land Rover STJLR.03.5006<\/li>\n<li>GM dexos D<\/li>\n<li>MB 229.71<\/li>\n<li>Opel OV 040 1547 &#8211; A20<\/li>\n<\/ul>\n<h4>Typische Standardanalysen<\/h4>\n<table class=\"table analyse-table\">\n<tr>\n<td>Dichte bei 15 \u00b0C<\/td>\n<td>\n<b>0,845<\/b>  kg\/l<\/td>\n<\/tr>\n<tr>\n<td>Viskosit\u00e4t -35 \u00b0C<\/td>\n<td>\n<b>5120<\/b>  mPa.s<\/td>\n<\/tr>\n<tr>\n<td>Viskosit\u00e4t 40 \u00b0C<\/td>\n<td>\n<b>39,70<\/b>  mm\u00b2\/s<\/td>\n<\/tr>\n<tr>\n<td>Viskosit\u00e4t 100 \u00b0C<\/td>\n<td>\n<b>8,26<\/b>  mm\u00b2\/s<\/td>\n<\/tr>\n<tr>\n<td>Viskosit\u00e4tsindex<\/td>\n<td>\n<b>190<\/b> <\/td>\n<\/tr>\n<tr>\n<td>Flammpunkt COC<\/td>\n<td>\n<b>220<\/b>  \u00b0C<\/td>\n<\/tr>\n<tr>\n<td>Flie\u00dfpunkt<\/td>\n<td>\n<b>-39<\/b>  \u00b0C<\/td>\n<\/tr>\n<tr>\n<td>Basenzahl<\/td>\n<td>\n<b>9,4<\/b>  mgKOH\/g<\/td>\n<\/tr>\n<tr>\n<td>Sulfataschegehalt<\/td>\n<td>\n<b>0,80<\/b>  %<\/td>\n<\/tr>\n<\/table>\n","protected":false},"excerpt":{"rendered":"<p>Duranza MSP ECO 0W-20 ist ein ultrad\u00fcnnfl\u00fcssiges, kraftstoffsparendes synthetisches Motoren\u00f6l, speziell entwickelt f\u00fcr den Einsatz in den neuen Ford EcoBlue-Dieselmotoren mit der Ford-Spezifikation WSS-M2C-952. Duranza MSP ECO 0W-20 wird nicht nur in den neuen Ford EcoBlue-Motoren verwendet, sondern kann auch dort eingesetzt werden, wo die Automobilhersteller ein SAE 0W-20-Motoren\u00f6l der Qualit\u00e4t ACEA C5, C6, API SP oder eine der aufgelisteten OE-Spezifikationen vorschreiben.<\/p>\n","protected":false},"featured_media":365489,"comment_status":"open","ping_status":"open","template":"","meta":[],"location":[4275,4276],"product_brand":[25894],"product_cat":[1436,2187,9884],"product_tag":[],"class_list":{"0":"post-366400","1":"product","2":"type-product","3":"status-publish","4":"has-post-thumbnail","6":"location-aes-emmeloord","7":"location-aes-lemmer","8":"product_brand-kroon-oil","9":"product_cat-wartung","10":"product_cat-schmiermittel","11":"product_cat-kroon-oil","12":"product_shipping_class-paket-0-10-kg","14":"first","15":"instock","16":"sale","17":"taxable","18":"shipping-taxable","19":"purchasable","20":"product-type-simple"},"group_of_quantity":0,"min_quantity":0,"max_quantity":"","exclude_order_quantity_value_rules":"no","exclude_category_quantity_rules":"no","combine_variations":"no","locations":[{"id":4275,"name":"AES Emmeloord","slug":"aes-emmeloord","quantity":""},{"id":4276,"name":"AES Lemmer","slug":"aes-lemmer","quantity":""}],"_links":{"self":[{"href":"https:\/\/ab-marineservice.com\/de\/wp-json\/wp\/v2\/product\/366400","targetHints":{"allow":["GET"]}}],"collection":[{"href":"https:\/\/ab-marineservice.com\/de\/wp-json\/wp\/v2\/product"}],"about":[{"href":"https:\/\/ab-marineservice.com\/de\/wp-json\/wp\/v2\/types\/product"}],"replies":[{"embeddable":true,"href":"https:\/\/ab-marineservice.com\/de\/wp-json\/wp\/v2\/comments?post=366400"}],"wp:featuredmedia":[{"embeddable":true,"href":"https:\/\/ab-marineservice.com\/de\/wp-json\/wp\/v2\/media\/365489"}],"wp:attachment":[{"href":"https:\/\/ab-marineservice.com\/de\/wp-json\/wp\/v2\/media?parent=366400"}],"wp:term":[{"taxonomy":"location","embeddable":true,"href":"https:\/\/ab-marineservice.com\/de\/wp-json\/wp\/v2\/location?post=366400"},{"taxonomy":"product_brand","embeddable":true,"href":"https:\/\/ab-marineservice.com\/de\/wp-json\/wp\/v2\/product_brand?post=366400"},{"taxonomy":"product_cat","embeddable":true,"href":"https:\/\/ab-marineservice.com\/de\/wp-json\/wp\/v2\/product_cat?post=366400"},{"taxonomy":"product_tag","embeddable":true,"href":"https:\/\/ab-marineservice.com\/de\/wp-json\/wp\/v2\/product_tag?post=366400"}],"curies":[{"name":"wp","href":"https:\/\/api.w.org\/{rel}","templated":true}]}}