{"id":366405,"date":"2025-06-15T17:12:42","date_gmt":"2025-06-15T15:12:42","guid":{"rendered":"https:\/\/ab-marineservice.com\/product\/avanza-rpc-5w-30\/"},"modified":"2025-11-20T17:32:42","modified_gmt":"2025-11-20T16:32:42","slug":"avanza-rpc-5w-30-6","status":"publish","type":"product","link":"https:\/\/ab-marineservice.com\/de\/produkt\/avanza-rpc-5w-30-6\/","title":{"rendered":"Avanza RPC 5W-30 \u2013 5 Liter"},"content":{"rendered":"<p>Avanza RPC 5W-30 ist ein modernes synthetisches und kraftstoffsparendes Motor\u00f6l gem\u00e4\u00df der aktuellsten Mid-SAPS-Technologie f\u00fcr Fahrzeuge mit Partikelfilter und\/oder Katalysator. Es besteht aus ausgew\u00e4hlten, synthetischen Grund\u00f6len und wegweisenden Additiven und bietet folgende Eigenschaften:<\/p>\n<ul>\n<li>Kraftstoffeinsparung<\/li>\n<li>Hervorragender Schutz vor verfr\u00fchter Z\u00fcndung bei niedrigen Drehzahlen<\/li>\n<li>Weniger Verbrennungsr\u00fcckst\u00e4nde aufgrund reduzierten Schwefelaschegehalts (Mid-SAPS)<\/li>\n<li>L\u00e4ngere Lebensdauer von Partikelfiltern und Katalysatoren<\/li>\n<li>Zuverl\u00e4ssige Kaltstarts<\/li>\n<li>Zuverl\u00e4ssiger Schmierfilm auch bei hohen Betriebstemperaturen<\/li>\n<li>Verl\u00e4ngerte \u00d6lwechselintervalle<\/li>\n<li>Hervorragende Dispersions- und Detergenswirkung<\/li>\n<li>Hocheffektiver Schutz vor Verschlei\u00df, Korrosion und Schaumbildung<\/li>\n<\/ul>\n<h4>Produktdaten<\/h4>\n<ul>\n<li>ACEA C2, C3<\/li>\n<li>API SP<\/li>\n<li>PSA B71 2290<\/li>\n<li>MB 229.31 \/ 229.51 \/ 229.52 \/ 226.52<\/li>\n<li>Renault RN17 \/ RN0700 \/ RN0710<\/li>\n<\/ul>\n<h4>Typische Standardanalysen<\/h4>\n<table class=\"table analyse-table\">\n<tr>\n<td>Dichte bei 15 \u00b0C<\/td>\n<td>\n<b>0,854<\/b>  kg\/l<\/td>\n<\/tr>\n<tr>\n<td>Viskosit\u00e4t -30 \u00b0C<\/td>\n<td>\n<b>6150<\/b>  mPa.s<\/td>\n<\/tr>\n<tr>\n<td>Viskosit\u00e4t 40 \u00b0C<\/td>\n<td>\n<b>73,00<\/b>  mm\u00b2\/s<\/td>\n<\/tr>\n<tr>\n<td>Viskosit\u00e4t 100 \u00b0C<\/td>\n<td>\n<b>12,30<\/b>  mm\u00b2\/s<\/td>\n<\/tr>\n<tr>\n<td>Viskosit\u00e4tsindex<\/td>\n<td>\n<b>167<\/b> <\/td>\n<\/tr>\n<tr>\n<td>Flammpunkt COC<\/td>\n<td>\n<b>240<\/b>  \u00b0C<\/td>\n<\/tr>\n<tr>\n<td>Flie\u00dfpunkt<\/td>\n<td>\n<b>-39<\/b>  \u00b0C<\/td>\n<\/tr>\n<tr>\n<td>Basenzahl<\/td>\n<td>\n<b>8,2<\/b>  mgKOH\/g<\/td>\n<\/tr>\n<tr>\n<td>Sulfataschegehalt<\/td>\n<td>\n<b>0,64<\/b>  %<\/td>\n<\/tr>\n<tr>\n<td>HTHS<\/td>\n<td>\n<b>3,53<\/b>  mPa.s<\/td>\n<\/tr>\n<tr>\n<td>Noack<\/td>\n<td>\n<b>10,1<\/b>  %<\/td>\n<\/tr>\n<\/table>\n","protected":false},"excerpt":{"rendered":"<p>Avanza RPC 5W-30 wurde speziell f\u00fcr moderne Benzin- und Dieselmotoren mit Partikelfilter und\/oder Katalysator in Fahrzeugen konzipiert, f\u00fcr die ein API SP oder ACEA C2 \/ C3 Motor\u00f6l vorgeschrieben ist. Dar\u00fcber hinaus erf\u00fcllt dieses Produkt verschiedene OE-Spezifikationen, darunter PSA B71 2290 >2017, Renault RN17 und MB 229.31\/ 229.51\/ 229.52\/ 226.52. Zur korrekten Anwendung siehe stets unsere Datenbank \u201eProduktberatung\u201c unter www.kroon-oil.com.<\/p>\n","protected":false},"featured_media":365509,"comment_status":"open","ping_status":"open","template":"","meta":[],"location":[4275,4276],"product_brand":[25894],"product_cat":[1436,2187,9884],"product_tag":[],"class_list":{"0":"post-366405","1":"product","2":"type-product","3":"status-publish","4":"has-post-thumbnail","6":"location-aes-emmeloord","7":"location-aes-lemmer","8":"product_brand-kroon-oil","9":"product_cat-wartung","10":"product_cat-schmiermittel","11":"product_cat-kroon-oil","12":"product_shipping_class-paket-0-10-kg","14":"first","15":"instock","16":"sale","17":"taxable","18":"shipping-taxable","19":"purchasable","20":"product-type-simple"},"group_of_quantity":0,"min_quantity":0,"max_quantity":"","exclude_order_quantity_value_rules":"no","exclude_category_quantity_rules":"no","combine_variations":"no","locations":[{"id":4275,"name":"AES Emmeloord","slug":"aes-emmeloord","quantity":""},{"id":4276,"name":"AES Lemmer","slug":"aes-lemmer","quantity":""}],"_links":{"self":[{"href":"https:\/\/ab-marineservice.com\/de\/wp-json\/wp\/v2\/product\/366405","targetHints":{"allow":["GET"]}}],"collection":[{"href":"https:\/\/ab-marineservice.com\/de\/wp-json\/wp\/v2\/product"}],"about":[{"href":"https:\/\/ab-marineservice.com\/de\/wp-json\/wp\/v2\/types\/product"}],"replies":[{"embeddable":true,"href":"https:\/\/ab-marineservice.com\/de\/wp-json\/wp\/v2\/comments?post=366405"}],"wp:featuredmedia":[{"embeddable":true,"href":"https:\/\/ab-marineservice.com\/de\/wp-json\/wp\/v2\/media\/365509"}],"wp:attachment":[{"href":"https:\/\/ab-marineservice.com\/de\/wp-json\/wp\/v2\/media?parent=366405"}],"wp:term":[{"taxonomy":"location","embeddable":true,"href":"https:\/\/ab-marineservice.com\/de\/wp-json\/wp\/v2\/location?post=366405"},{"taxonomy":"product_brand","embeddable":true,"href":"https:\/\/ab-marineservice.com\/de\/wp-json\/wp\/v2\/product_brand?post=366405"},{"taxonomy":"product_cat","embeddable":true,"href":"https:\/\/ab-marineservice.com\/de\/wp-json\/wp\/v2\/product_cat?post=366405"},{"taxonomy":"product_tag","embeddable":true,"href":"https:\/\/ab-marineservice.com\/de\/wp-json\/wp\/v2\/product_tag?post=366405"}],"curies":[{"name":"wp","href":"https:\/\/api.w.org\/{rel}","templated":true}]}}