{"id":366410,"date":"2025-06-15T17:12:42","date_gmt":"2025-06-15T15:12:42","guid":{"rendered":"https:\/\/ab-marineservice.com\/product\/coolant-sp-15\/"},"modified":"2025-11-20T17:32:58","modified_gmt":"2025-11-20T16:32:58","slug":"coolant-sp-15-5","status":"publish","type":"product","link":"https:\/\/ab-marineservice.com\/de\/produkt\/coolant-sp-15-5\/","title":{"rendered":"Coolant SP 15+ \u2013 5 Liter"},"content":{"rendered":"<p>Coolant SP 15+ ist ein gebrauchsfertiges Premium-Langzeitk\u00fchlmittel mit einem Frostschutz bis -38\u00b0C. Die fortschrittliche OAT-Additivtechnologie garantiert einen ausgezeichneten und lang anhaltenden Korrosionsschutz sowie Langzeitstabilit\u00e4t. Das Produkt bietet eine sehr starke S\u00e4ureneutralisierung f\u00fcr sehr lange Wechselintervalle. Einzigartige Additive neutralisieren auch die negativen Auswirkungen von Flussmittelr\u00fcckst\u00e4nden, die bei der Herstellung von Aluminiumk\u00fchlern entstehen. Coolant SP 15+ ist v\u00f6llig frei von Nitriten, Boraten und 2-Ethylhexans\u00e4ure (2-EHA).<\/p>\n<h4>Produktdaten<\/h4>\n<ul>\n<li>ASTM D3306-20 \/ D6210-17<\/li>\n<li>CNH MAT 3624 \/ 3724<\/li>\n<li>DAF 74002<\/li>\n<li>Detroit Diesel DFS 93 K217<\/li>\n<li>Deutz DQC CB-14<\/li>\n<li>DTFR 29D110<\/li>\n<li>Ford WSS-M97B44-D<\/li>\n<li>GM GMW 3420<\/li>\n<li>Komatsu 07.892<\/li>\n<li>Jaguar Land Rover STJLR.03.5212<\/li>\n<li>MAN 324 Typ SNF<\/li>\n<li>MB 326.3<\/li>\n<li>Voith<\/li>\n<li>Volvo VCS-2<\/li>\n<\/ul>\n<h4>Typische Standardanalysen<\/h4>\n<table class=\"table analyse-table\">\n<tr>\n<td>Dichte bei 15 \u00b0C<\/td>\n<td>\n<b>1,070<\/b>  kg\/l<\/td>\n<\/tr>\n<tr>\n<td>pH &#8211; Wert<\/td>\n<td>\n<b>8,4<\/b> <\/td>\n<\/tr>\n<\/table>\n","protected":false},"excerpt":{"rendered":"<p>Coolant SP 15+ ist ein modernes gebrauchsfertiges, orangefarbenes Langzeitk\u00fchlmittel. Das Produkt wurde speziell f\u00fcr die modernen K\u00fchlsysteme von &#8220;Heavy-Duty&#8221;-Dieselmotoren in Lkw, Bussen, landwirtschaftlichen Fahrzeugen, Erdbewegungsmaschinen und Industriefahrzeugen entwickelt. Dieses Produkt ist auch f\u00fcr Pkw und andere Fahrzeuge geeignet, die eine der unten angegebenen Qualit\u00e4tsnormen erfordern.<\/p>\n","protected":false},"featured_media":365531,"comment_status":"open","ping_status":"open","template":"","meta":[],"location":[4275,4276],"product_brand":[25894],"product_cat":[1436,2187,9884],"product_tag":[],"class_list":{"0":"post-366410","1":"product","2":"type-product","3":"status-publish","4":"has-post-thumbnail","6":"location-aes-emmeloord","7":"location-aes-lemmer","8":"product_brand-kroon-oil","9":"product_cat-wartung","10":"product_cat-schmiermittel","11":"product_cat-kroon-oil","12":"product_shipping_class-paket-0-10-kg","14":"first","15":"instock","16":"sale","17":"taxable","18":"shipping-taxable","19":"purchasable","20":"product-type-simple"},"group_of_quantity":0,"min_quantity":0,"max_quantity":"","exclude_order_quantity_value_rules":"no","exclude_category_quantity_rules":"no","combine_variations":"no","locations":[{"id":4275,"name":"AES Emmeloord","slug":"aes-emmeloord","quantity":""},{"id":4276,"name":"AES Lemmer","slug":"aes-lemmer","quantity":""}],"_links":{"self":[{"href":"https:\/\/ab-marineservice.com\/de\/wp-json\/wp\/v2\/product\/366410","targetHints":{"allow":["GET"]}}],"collection":[{"href":"https:\/\/ab-marineservice.com\/de\/wp-json\/wp\/v2\/product"}],"about":[{"href":"https:\/\/ab-marineservice.com\/de\/wp-json\/wp\/v2\/types\/product"}],"replies":[{"embeddable":true,"href":"https:\/\/ab-marineservice.com\/de\/wp-json\/wp\/v2\/comments?post=366410"}],"wp:featuredmedia":[{"embeddable":true,"href":"https:\/\/ab-marineservice.com\/de\/wp-json\/wp\/v2\/media\/365531"}],"wp:attachment":[{"href":"https:\/\/ab-marineservice.com\/de\/wp-json\/wp\/v2\/media?parent=366410"}],"wp:term":[{"taxonomy":"location","embeddable":true,"href":"https:\/\/ab-marineservice.com\/de\/wp-json\/wp\/v2\/location?post=366410"},{"taxonomy":"product_brand","embeddable":true,"href":"https:\/\/ab-marineservice.com\/de\/wp-json\/wp\/v2\/product_brand?post=366410"},{"taxonomy":"product_cat","embeddable":true,"href":"https:\/\/ab-marineservice.com\/de\/wp-json\/wp\/v2\/product_cat?post=366410"},{"taxonomy":"product_tag","embeddable":true,"href":"https:\/\/ab-marineservice.com\/de\/wp-json\/wp\/v2\/product_tag?post=366410"}],"curies":[{"name":"wp","href":"https:\/\/api.w.org\/{rel}","templated":true}]}}