{"id":366412,"date":"2025-06-15T17:12:42","date_gmt":"2025-06-15T15:12:42","guid":{"rendered":"https:\/\/ab-marineservice.com\/product\/atlantic-shipping-grease\/"},"modified":"2026-02-16T18:35:11","modified_gmt":"2026-02-16T17:35:11","slug":"atlantic-shipping-grease-3","status":"publish","type":"product","link":"https:\/\/ab-marineservice.com\/de\/produkt\/atlantic-shipping-grease-3\/","title":{"rendered":"Wellenfett Schmierung f\u00fcr Schraubenwellen Kroon Oil Atlantic Shipping Grease &#8211; 5 kg"},"content":{"rendered":"<p>Atlantic Shipping Grease basiert auf hochraffinierten Grund\u00f6len mit Lithiumseife als Verdickungsmittel. Dank einer speziellen Additivmischung bietet es folgende Eigenschaften:<\/p>\n<ul>\n<li>Gute Haftf\u00e4higkeit an Metallen<\/li>\n<li>Hervorragende S\u00fc\u00df- und Salzwasserbest\u00e4ndigkeit<\/li>\n<li>Hohe mechanische Stabilit\u00e4t<\/li>\n<li>Korrosionsschutz und Oxidationsfestigkeit auf h\u00f6chstem Niveau<\/li>\n<li>Optimale Pumpbarkeit f\u00fcr automatische Schmiersysteme<\/li>\n<\/ul>\n<h4>Produktdaten<\/h4>\n<ul>\n<li>N.L.G.I. Klasse 2<\/li>\n<li>DIN 51 502, KP 2 K-30<\/li>\n<\/ul>\n<h4>Typische Standardanalysen<\/h4>\n<table class=\"table analyse-table\">\n<tr>\n<td>Walkpenetration bei 25 \u00b0C<\/td>\n<td>\n<b>280<\/b>  0<\/td>\n<\/tr>\n<tr>\n<td>Tropfpunkt<\/td>\n<td>\n<b>190<\/b>  \u00b0C<\/td>\n<\/tr>\n<tr>\n<td>Temperaturbereich<\/td>\n<td>\n<b>-30\/130<\/b>  \u00b0C<\/td>\n<\/tr>\n<tr>\n<td>Viskosit\u00e4t des Grund\u00f6ls<\/td>\n<td>\n<b>100,00<\/b>  40 \u00b0C<\/td>\n<\/tr>\n<tr>\n<td>4-ball welding load<\/td>\n<td>\n<b>2600<\/b>  N<\/td>\n<\/tr>\n<\/table>\n","protected":false},"excerpt":{"rendered":"<p>Atlantic Shipping Grease wurde speziell f\u00fcr die Schmierung von Propellerwellen entwickelt. Atlantic Shipping Grease eignet sich universell f\u00fcr alle Schraubenwellenrohre. Dank seiner Zusammensetzung ist dieses Fett auch ein ideales Universal-Bordschmiermittel f\u00fcr Gleit- und Kugellager.<\/p>\n","protected":false},"featured_media":365539,"comment_status":"open","ping_status":"closed","template":"","meta":[],"location":[4275,4276],"product_brand":[25894],"product_cat":[1436,2187,9884,23637],"product_tag":[],"class_list":{"0":"post-366412","1":"product","2":"type-product","3":"status-publish","4":"has-post-thumbnail","6":"location-aes-emmeloord","7":"location-aes-lemmer","8":"product_brand-kroon-oil","9":"product_cat-wartung","10":"product_cat-schmiermittel","11":"product_cat-kroon-oil","12":"product_cat-schraubenwellen-schmierung","13":"product_shipping_class-paket-0-10-kg","15":"first","16":"instock","17":"sale","18":"taxable","19":"shipping-taxable","20":"purchasable","21":"product-type-simple"},"group_of_quantity":0,"min_quantity":0,"max_quantity":"","exclude_order_quantity_value_rules":"no","exclude_category_quantity_rules":"no","combine_variations":"no","locations":[{"id":4275,"name":"AES Emmeloord","slug":"aes-emmeloord","quantity":""},{"id":4276,"name":"AES Lemmer","slug":"aes-lemmer","quantity":""}],"_links":{"self":[{"href":"https:\/\/ab-marineservice.com\/de\/wp-json\/wp\/v2\/product\/366412","targetHints":{"allow":["GET"]}}],"collection":[{"href":"https:\/\/ab-marineservice.com\/de\/wp-json\/wp\/v2\/product"}],"about":[{"href":"https:\/\/ab-marineservice.com\/de\/wp-json\/wp\/v2\/types\/product"}],"replies":[{"embeddable":true,"href":"https:\/\/ab-marineservice.com\/de\/wp-json\/wp\/v2\/comments?post=366412"}],"wp:featuredmedia":[{"embeddable":true,"href":"https:\/\/ab-marineservice.com\/de\/wp-json\/wp\/v2\/media\/365539"}],"wp:attachment":[{"href":"https:\/\/ab-marineservice.com\/de\/wp-json\/wp\/v2\/media?parent=366412"}],"wp:term":[{"taxonomy":"location","embeddable":true,"href":"https:\/\/ab-marineservice.com\/de\/wp-json\/wp\/v2\/location?post=366412"},{"taxonomy":"product_brand","embeddable":true,"href":"https:\/\/ab-marineservice.com\/de\/wp-json\/wp\/v2\/product_brand?post=366412"},{"taxonomy":"product_cat","embeddable":true,"href":"https:\/\/ab-marineservice.com\/de\/wp-json\/wp\/v2\/product_cat?post=366412"},{"taxonomy":"product_tag","embeddable":true,"href":"https:\/\/ab-marineservice.com\/de\/wp-json\/wp\/v2\/product_tag?post=366412"}],"curies":[{"name":"wp","href":"https:\/\/api.w.org\/{rel}","templated":true}]}}