{"id":366415,"date":"2025-06-15T17:13:44","date_gmt":"2025-06-15T15:13:44","guid":{"rendered":"https:\/\/ab-marineservice.com\/product\/teftec-as\/"},"modified":"2025-11-20T17:32:10","modified_gmt":"2025-11-20T16:32:10","slug":"teftec-as-2","status":"publish","type":"product","link":"https:\/\/ab-marineservice.com\/de\/produkt\/teftec-as-2\/","title":{"rendered":"TefTec AS \u2013 100 ml"},"content":{"rendered":"<p>TefTec AS ist ein technologisch fortschrittliches Schmiermittel. Es enth\u00e4lt eine hohe PTFE-Konzentration, wodurch es sich f\u00fcr den normalen Allwettereinsatz eignet. TefTec AS reduziert Reibung und ist feuchtigkeits- sowie schmutzabweisend. Es bietet zudem exzellente Haftung, gute Schmierung und Schutz der Fahrradkomponenten.<\/p>\n","protected":false},"excerpt":{"rendered":"<p>TefTec AS eignet sich f\u00fcr Kettenschaltungen, Ketten, Schaltmechanismen, Seilz\u00fcge und andere bewegliche Teile. Alle zu schmierenden Teile zuerst gr\u00fcndlich mit Kroon-Oil BioSol XT reinigen. Dann TefTec AS auftragen und \u00fcbersch\u00fcssiges Schmiermittel mit einem fusselfreien Tuch abwischen. Regelm\u00e4\u00dfiger Neuauftrag verhindert \u00fcberm\u00e4\u00dfigen Verschlei\u00df. Vor Gebrauch gut sch\u00fctteln! Vanilleduft.<\/p>\n","protected":false},"featured_media":365551,"comment_status":"open","ping_status":"open","template":"","meta":[],"location":[4275,4276],"product_brand":[25894],"product_cat":[1436,2187,9884],"product_tag":[],"class_list":{"0":"post-366415","1":"product","2":"type-product","3":"status-publish","4":"has-post-thumbnail","6":"location-aes-emmeloord","7":"location-aes-lemmer","8":"product_brand-kroon-oil","9":"product_cat-wartung","10":"product_cat-schmiermittel","11":"product_cat-kroon-oil","12":"product_shipping_class-paket-0-10-kg","14":"first","15":"outofstock","16":"sale","17":"taxable","18":"shipping-taxable","19":"purchasable","20":"product-type-simple"},"group_of_quantity":0,"min_quantity":0,"max_quantity":"","exclude_order_quantity_value_rules":"no","exclude_category_quantity_rules":"no","combine_variations":"no","locations":[{"id":4275,"name":"AES Emmeloord","slug":"aes-emmeloord","quantity":""},{"id":4276,"name":"AES Lemmer","slug":"aes-lemmer","quantity":""}],"_links":{"self":[{"href":"https:\/\/ab-marineservice.com\/de\/wp-json\/wp\/v2\/product\/366415","targetHints":{"allow":["GET"]}}],"collection":[{"href":"https:\/\/ab-marineservice.com\/de\/wp-json\/wp\/v2\/product"}],"about":[{"href":"https:\/\/ab-marineservice.com\/de\/wp-json\/wp\/v2\/types\/product"}],"replies":[{"embeddable":true,"href":"https:\/\/ab-marineservice.com\/de\/wp-json\/wp\/v2\/comments?post=366415"}],"wp:featuredmedia":[{"embeddable":true,"href":"https:\/\/ab-marineservice.com\/de\/wp-json\/wp\/v2\/media\/365551"}],"wp:attachment":[{"href":"https:\/\/ab-marineservice.com\/de\/wp-json\/wp\/v2\/media?parent=366415"}],"wp:term":[{"taxonomy":"location","embeddable":true,"href":"https:\/\/ab-marineservice.com\/de\/wp-json\/wp\/v2\/location?post=366415"},{"taxonomy":"product_brand","embeddable":true,"href":"https:\/\/ab-marineservice.com\/de\/wp-json\/wp\/v2\/product_brand?post=366415"},{"taxonomy":"product_cat","embeddable":true,"href":"https:\/\/ab-marineservice.com\/de\/wp-json\/wp\/v2\/product_cat?post=366415"},{"taxonomy":"product_tag","embeddable":true,"href":"https:\/\/ab-marineservice.com\/de\/wp-json\/wp\/v2\/product_tag?post=366415"}],"curies":[{"name":"wp","href":"https:\/\/api.w.org\/{rel}","templated":true}]}}