{"id":366428,"date":"2025-06-15T17:14:39","date_gmt":"2025-06-15T15:14:39","guid":{"rendered":"https:\/\/ab-marineservice.com\/product\/fuel-optimix-2t\/"},"modified":"2026-05-04T15:38:05","modified_gmt":"2026-05-04T13:38:05","slug":"fuel-optimix-2t-2","status":"publish","type":"product","link":"https:\/\/ab-marineservice.com\/de\/produkt\/fuel-optimix-2t-2\/","title":{"rendered":"Fuel Optimix 2T \u2013 200 Liter"},"content":{"rendered":"<p>Fuel Optimix 2T ist ein gebrauchsfertiges Kraftstoff-\/\u00d6lgemisch f\u00fcr 2-Takt-Benzinmotoren (Mischung 1:50) Das Produkt besteht im Wesentlichen aus Alkylatbenzin und hochqualitativem, vollsynthetischem 2-Takt-Motor\u00f6l. Zudem ist es weitgehend frei von gef\u00e4hrlichen Substanzen wie Benzol. Die wichtigsten Eigenschaften von Fuel Optimix 2T:<\/p>\n<ul>\n<li>Reduziert Wartung und verl\u00e4ngert Lebensdauer Ihrer Maschine<\/li>\n<li>Umweltfreundlicher<\/li>\n<li>Dank geringerer Emissionen besser f\u00fcr Ihre Gesundheit<\/li>\n<li>Keine Ru\u00df- oder Rauchbildung bei der Verbrennung<\/li>\n<li>Verhindert Ablagerungen im Inneren der Maschine<\/li>\n<li>Chemisch stabil und daher l\u00e4nger aufbewahrbar als herk\u00f6mmliches Benzin<\/li>\n<\/ul>\n<p>\u2022 Geringere Geruchsbel\u00e4stigung als bei herk\u00f6mmlichem Benzin<br \/>\u2022 Fast vollst\u00e4ndig frei von Benzol und anderen gef\u00e4hrlichen Substanzen<\/p>\n","protected":false},"excerpt":{"rendered":"<p>Fuel Optimix 2T eignet sich f\u00fcr 2-Takt-Benzinmotoren (Mischung 1:50)  von Garten- und Parkpflegemaschinen. Es sorgt f\u00fcr optimale Leistung von Ger\u00e4ten wie Kettens\u00e4gen, Heckenscheren, Plattenverdichtern, Rasenm\u00e4hern, Laubbl\u00e4sern und Trimmern. Fuel Optimix 2T kann auch in anderen Typen von 2-Takt-Motoren verwendet werden.<\/p>\n","protected":false},"featured_media":365591,"comment_status":"open","ping_status":"open","template":"","meta":[],"location":[4275,4276],"product_brand":[25894],"product_cat":[1436,2187,9884],"product_tag":[],"class_list":{"0":"post-366428","1":"product","2":"type-product","3":"status-publish","4":"has-post-thumbnail","6":"location-aes-emmeloord","7":"location-aes-lemmer","8":"product_brand-kroon-oil","9":"product_cat-wartung","10":"product_cat-schmiermittel","11":"product_cat-kroon-oil","12":"product_shipping_class-palettenversand","14":"first","15":"onbackorder","16":"sale","17":"taxable","18":"shipping-taxable","19":"purchasable","20":"product-type-simple"},"group_of_quantity":0,"min_quantity":0,"max_quantity":"","exclude_order_quantity_value_rules":"no","exclude_category_quantity_rules":"no","combine_variations":"no","locations":[{"id":4275,"name":"AES Emmeloord","slug":"aes-emmeloord","quantity":""},{"id":4276,"name":"AES Lemmer","slug":"aes-lemmer","quantity":""}],"_links":{"self":[{"href":"https:\/\/ab-marineservice.com\/de\/wp-json\/wp\/v2\/product\/366428","targetHints":{"allow":["GET"]}}],"collection":[{"href":"https:\/\/ab-marineservice.com\/de\/wp-json\/wp\/v2\/product"}],"about":[{"href":"https:\/\/ab-marineservice.com\/de\/wp-json\/wp\/v2\/types\/product"}],"replies":[{"embeddable":true,"href":"https:\/\/ab-marineservice.com\/de\/wp-json\/wp\/v2\/comments?post=366428"}],"wp:featuredmedia":[{"embeddable":true,"href":"https:\/\/ab-marineservice.com\/de\/wp-json\/wp\/v2\/media\/365591"}],"wp:attachment":[{"href":"https:\/\/ab-marineservice.com\/de\/wp-json\/wp\/v2\/media?parent=366428"}],"wp:term":[{"taxonomy":"location","embeddable":true,"href":"https:\/\/ab-marineservice.com\/de\/wp-json\/wp\/v2\/location?post=366428"},{"taxonomy":"product_brand","embeddable":true,"href":"https:\/\/ab-marineservice.com\/de\/wp-json\/wp\/v2\/product_brand?post=366428"},{"taxonomy":"product_cat","embeddable":true,"href":"https:\/\/ab-marineservice.com\/de\/wp-json\/wp\/v2\/product_cat?post=366428"},{"taxonomy":"product_tag","embeddable":true,"href":"https:\/\/ab-marineservice.com\/de\/wp-json\/wp\/v2\/product_tag?post=366428"}],"curies":[{"name":"wp","href":"https:\/\/api.w.org\/{rel}","templated":true}]}}