{"id":367568,"date":"2025-06-15T16:05:20","date_gmt":"2025-06-15T14:05:20","guid":{"rendered":"https:\/\/ab-marineservice.com\/product\/gearlube-gl-4-80w\/"},"modified":"2025-11-25T17:26:16","modified_gmt":"2025-11-25T16:26:16","slug":"gearlube-gl-4-80w","status":"publish","type":"product","link":"https:\/\/ab-marineservice.com\/de\/produkt\/gearlube-gl-4-80w\/","title":{"rendered":"Gearlube GL-4 80W \u2013 60 Liter"},"content":{"rendered":"<p>Gearlube GL-4 80W ist ein mineralisches Schmier\u00f6l f\u00fcr mechanische Getriebe. Es basiert auf solventraffinierten Premium-Grund\u00f6len, durch spezielle EP-Hochdruckadditive erg\u00e4nzt, um folgende Eigenschaften zu bieten:<\/p>\n<ul>\n<li>Hohe Oxidationsfestigkeit<\/li>\n<li>Wirkungsvoller Schutz vor Verschlei\u00df, Korrosion und Schaumbildung<\/li>\n<li>Niedriger Flie\u00dfpunkt<\/li>\n<li>Gute EP-Hochdruckeigenschaften<\/li>\n<\/ul>\n<h4>Produktdaten<\/h4>\n<ul>\n<li>API GL-4<\/li>\n<li>MIL-L-2105<\/li>\n<\/ul>\n<h4>Typische Standardanalysen<\/h4>\n<table class=\"table analyse-table\">\n<tr>\n<td>Dichte bei 15 \u00b0C, kg\/l<\/td>\n<td><b>0,889<\/b><\/td>\n<\/tr>\n<tr>\n<td>Viskosit\u00e4t 40 \u00b0C, mm\u00b2\/s<\/td>\n<td><b>77,00<\/b><\/td>\n<\/tr>\n<tr>\n<td>Viskosit\u00e4t 100 \u00b0C, mm\u00b2\/s<\/td>\n<td><b>9,50<\/b><\/td>\n<\/tr>\n<tr>\n<td>Viskosit\u00e4tsindex<\/td>\n<td><b>98<\/b><\/td>\n<\/tr>\n<tr>\n<td>Flammpunkt COC, \u00b0C<\/td>\n<td><b>205<\/b><\/td>\n<\/tr>\n<tr>\n<td>Flie\u00dfpunkt, \u00b0C<\/td>\n<td><b>-30<\/b><\/td>\n<\/tr>\n<tr>\n<td>S\u00e4urenzahl, mgKOH\/g<\/td>\n<td><b>1,10<\/b><\/td>\n<\/tr>\n<\/table>\n","protected":false},"excerpt":{"rendered":"<p>Gearlube GL-4 80W ist auf Hypoidgetriebe in Hinterachsen, Wechselgetrieben und anderen Getriebe ausgelegt, f\u00fcr die &#8216;Extreme Pressure&#8217; EP-\u00d6l vorgeschrieben ist.<\/p>\n","protected":false},"featured_media":362800,"comment_status":"open","ping_status":"closed","template":"","meta":[],"location":[4275,4276],"product_brand":[25894],"product_cat":[2187,9884],"product_tag":[],"class_list":{"0":"post-367568","1":"product","2":"type-product","3":"status-publish","4":"has-post-thumbnail","6":"location-aes-emmeloord","7":"location-aes-lemmer","8":"product_brand-kroon-oil","9":"product_cat-schmiermittel","10":"product_cat-kroon-oil","11":"product_shipping_class-palettenversand","13":"first","14":"onbackorder","15":"sale","16":"taxable","17":"shipping-taxable","18":"purchasable","19":"product-type-simple"},"group_of_quantity":0,"min_quantity":0,"max_quantity":"","exclude_order_quantity_value_rules":"no","exclude_category_quantity_rules":"no","combine_variations":"no","locations":[{"id":4275,"name":"AES Emmeloord","slug":"aes-emmeloord","quantity":""},{"id":4276,"name":"AES Lemmer","slug":"aes-lemmer","quantity":""}],"_links":{"self":[{"href":"https:\/\/ab-marineservice.com\/de\/wp-json\/wp\/v2\/product\/367568","targetHints":{"allow":["GET"]}}],"collection":[{"href":"https:\/\/ab-marineservice.com\/de\/wp-json\/wp\/v2\/product"}],"about":[{"href":"https:\/\/ab-marineservice.com\/de\/wp-json\/wp\/v2\/types\/product"}],"replies":[{"embeddable":true,"href":"https:\/\/ab-marineservice.com\/de\/wp-json\/wp\/v2\/comments?post=367568"}],"wp:featuredmedia":[{"embeddable":true,"href":"https:\/\/ab-marineservice.com\/de\/wp-json\/wp\/v2\/media\/362800"}],"wp:attachment":[{"href":"https:\/\/ab-marineservice.com\/de\/wp-json\/wp\/v2\/media?parent=367568"}],"wp:term":[{"taxonomy":"location","embeddable":true,"href":"https:\/\/ab-marineservice.com\/de\/wp-json\/wp\/v2\/location?post=367568"},{"taxonomy":"product_brand","embeddable":true,"href":"https:\/\/ab-marineservice.com\/de\/wp-json\/wp\/v2\/product_brand?post=367568"},{"taxonomy":"product_cat","embeddable":true,"href":"https:\/\/ab-marineservice.com\/de\/wp-json\/wp\/v2\/product_cat?post=367568"},{"taxonomy":"product_tag","embeddable":true,"href":"https:\/\/ab-marineservice.com\/de\/wp-json\/wp\/v2\/product_tag?post=367568"}],"curies":[{"name":"wp","href":"https:\/\/api.w.org\/{rel}","templated":true}]}}