{"id":368579,"date":"2025-06-20T14:02:18","date_gmt":"2025-06-20T12:02:18","guid":{"rendered":"https:\/\/ab-marineservice.com\/product\/hdx-10w-40-60-l-fass\/"},"modified":"2025-11-20T17:30:56","modified_gmt":"2025-11-20T16:30:56","slug":"hdx-10w-40-60-l-fass","status":"publish","type":"product","link":"https:\/\/ab-marineservice.com\/de\/produkt\/hdx-10w-40-60-l-fass\/","title":{"rendered":"HDX 10W-40 \u2013 60 L Fass"},"content":{"rendered":"<p>HDX 10W-40 ist ein Motor\u00f6l, das auf solventraffinierten Premium Grund\u00f6len und speziellen Additiven basiert, um folgende Eigenschaften zu erzielen:<\/p>\n<ul>\n<li>Sehr wirkungsvoller Schutz vor Verschlei\u00df, Korrosion und Schaumbildung<\/li>\n<li>Hoher und stabiler Viskosit\u00e4tsindex<\/li>\n<\/ul>\n<h4>Produktdaten<\/h4>\n<ul>\n<li>API SF\/CC<\/li>\n<li>CCMC G2\/D1<\/li>\n<\/ul>\n<h4>Typische Standardanalysen<\/h4>\n<table class=\"table analyse-table\">\n<tr>\n<td>Dichte bei 15 \u00b0C, kg\/l<\/td>\n<td>\n<b>0,867<\/b> <\/td>\n<\/tr>\n<tr>\n<td>Viskosit\u00e4t -25 \u00b0C, mPa.s<\/td>\n<td>\n<b>5270<\/b> <\/td>\n<\/tr>\n<tr>\n<td>Viskosit\u00e4t 40 \u00b0C, mm\u00b2\/s<\/td>\n<td>\n<b>93,80<\/b> <\/td>\n<\/tr>\n<tr>\n<td>Viskosit\u00e4t 100 \u00b0C, mm\u00b2\/s<\/td>\n<td>\n<b>14,20<\/b> <\/td>\n<\/tr>\n<tr>\n<td>Viskosit\u00e4tsindex<\/td>\n<td>\n<b>154<\/b> <\/td>\n<\/tr>\n<tr>\n<td>Flammpunkt COC, \u00b0C<\/td>\n<td>\n<b>236<\/b> <\/td>\n<\/tr>\n<tr>\n<td>Flie\u00dfpunkt, \u00b0C<\/td>\n<td>\n<b>-30<\/b> <\/td>\n<\/tr>\n<tr>\n<td>Basenzahl, mgKOH\/g<\/td>\n<td>\n<b>3,5<\/b> <\/td>\n<\/tr>\n<tr>\n<td>Sulfataschegehalt, %<\/td>\n<td>\n<b>0,86<\/b> <\/td>\n<\/tr>\n<\/table>\n","protected":false},"excerpt":{"rendered":"<p>HDX 10W-40 ist ein Ganzjahres\u00f6l f\u00fcr Benzin- und Dieselmotoren von Pkw und Vans, die unter leichten Lastbedingungen betrieben werden. Eignet sich nicht f\u00fcr Turbodieselmotoren, die mindestens API CD oder Mil-L-2104 C\/D erfordern.<\/p>\n","protected":false},"featured_media":368521,"comment_status":"open","ping_status":"open","template":"","meta":[],"location":[4275,4276],"product_brand":[25894],"product_cat":[1436,2187,9884],"product_tag":[],"class_list":{"0":"post-368579","1":"product","2":"type-product","3":"status-publish","4":"has-post-thumbnail","6":"location-aes-emmeloord","7":"location-aes-lemmer","8":"product_brand-kroon-oil","9":"product_cat-wartung","10":"product_cat-schmiermittel","11":"product_cat-kroon-oil","12":"product_shipping_class-paket-0-10-kg","14":"first","15":"onbackorder","16":"sale","17":"taxable","18":"shipping-taxable","19":"purchasable","20":"product-type-simple"},"group_of_quantity":0,"min_quantity":0,"max_quantity":"","exclude_order_quantity_value_rules":"no","exclude_category_quantity_rules":"no","combine_variations":"no","locations":[{"id":4275,"name":"AES Emmeloord","slug":"aes-emmeloord","quantity":""},{"id":4276,"name":"AES Lemmer","slug":"aes-lemmer","quantity":""}],"_links":{"self":[{"href":"https:\/\/ab-marineservice.com\/de\/wp-json\/wp\/v2\/product\/368579","targetHints":{"allow":["GET"]}}],"collection":[{"href":"https:\/\/ab-marineservice.com\/de\/wp-json\/wp\/v2\/product"}],"about":[{"href":"https:\/\/ab-marineservice.com\/de\/wp-json\/wp\/v2\/types\/product"}],"replies":[{"embeddable":true,"href":"https:\/\/ab-marineservice.com\/de\/wp-json\/wp\/v2\/comments?post=368579"}],"wp:featuredmedia":[{"embeddable":true,"href":"https:\/\/ab-marineservice.com\/de\/wp-json\/wp\/v2\/media\/368521"}],"wp:attachment":[{"href":"https:\/\/ab-marineservice.com\/de\/wp-json\/wp\/v2\/media?parent=368579"}],"wp:term":[{"taxonomy":"location","embeddable":true,"href":"https:\/\/ab-marineservice.com\/de\/wp-json\/wp\/v2\/location?post=368579"},{"taxonomy":"product_brand","embeddable":true,"href":"https:\/\/ab-marineservice.com\/de\/wp-json\/wp\/v2\/product_brand?post=368579"},{"taxonomy":"product_cat","embeddable":true,"href":"https:\/\/ab-marineservice.com\/de\/wp-json\/wp\/v2\/product_cat?post=368579"},{"taxonomy":"product_tag","embeddable":true,"href":"https:\/\/ab-marineservice.com\/de\/wp-json\/wp\/v2\/product_tag?post=368579"}],"curies":[{"name":"wp","href":"https:\/\/api.w.org\/{rel}","templated":true}]}}