{"id":368586,"date":"2025-06-20T14:02:18","date_gmt":"2025-06-20T12:02:18","guid":{"rendered":"https:\/\/ab-marineservice.com\/product\/coolant-26-20-l-dose\/"},"modified":"2025-11-20T17:31:18","modified_gmt":"2025-11-20T16:31:18","slug":"coolant-26-20-l-dose","status":"publish","type":"product","link":"https:\/\/ab-marineservice.com\/de\/produkt\/coolant-26-20-l-dose\/","title":{"rendered":"Coolant -26 \u2013 20 L Dose"},"content":{"rendered":"<p>Coolant -26 ist ein klassisches K\u00fchlmittel, das auf Monoethylenglykol und weichem Wasser basiert. Dank einer speziellen Additivmischung bietet es folgende Eigenschaften:<\/p>\n<ul>\n<li>Effektiver Schutz aller Metalle, die in Motoren und K\u00fchlsystemen zum Einsatz kommen<\/li>\n<li>Greift Dichtungen und Schl\u00e4uche nicht an<\/li>\n<li>Gute Schaumunterdr\u00fcckung<\/li>\n<li>Schutz von Aluminium-Zylinderk\u00f6pfen<\/li>\n<\/ul>\n<h4>Produktdaten<\/h4>\n<ul>\n<li>BS 6580:2010<\/li>\n<\/ul>\n<h4>Typische Standardanalysen<\/h4>\n<table class=\"table analyse-table\">\n<tr>\n<td>Dichte bei 15 \u00b0C, kg\/l<\/td>\n<td>\n<b>1,056<\/b> <\/td>\n<\/tr>\n<tr>\n<td>pH &#8211; Wert<\/td>\n<td>\n<b>8,2<\/b> <\/td>\n<\/tr>\n<tr>\n<td>Reservealkalit\u00e4t, pH<\/td>\n<td>\n<b>8,3<\/b> <\/td>\n<\/tr>\n<tr>\n<td>Kristallisationspunkt, \u00b0C<\/td>\n<td>\n<b>-26<\/b> <\/td>\n<\/tr>\n<\/table>\n","protected":false},"excerpt":{"rendered":"<p>Coolant -26 kann ganzj\u00e4hrig in den K\u00fchlsystemen von Benzin- und Dieselmotoren eingesetzt werden. Coolant -26 sollte unverd\u00fcnnt verwendet werden und bietet dann einen Schutz bis -26\u00b0C.<\/p>\n","protected":false},"featured_media":368549,"comment_status":"open","ping_status":"open","template":"","meta":[],"location":[4275,4276],"product_brand":[25894],"product_cat":[1436,2187,9884],"product_tag":[],"class_list":{"0":"post-368586","1":"product","2":"type-product","3":"status-publish","4":"has-post-thumbnail","6":"location-aes-emmeloord","7":"location-aes-lemmer","8":"product_brand-kroon-oil","9":"product_cat-wartung","10":"product_cat-schmiermittel","11":"product_cat-kroon-oil","12":"product_shipping_class-paket-0-10-kg","14":"first","15":"onbackorder","16":"sale","17":"taxable","18":"shipping-taxable","19":"purchasable","20":"product-type-simple"},"group_of_quantity":0,"min_quantity":0,"max_quantity":"","exclude_order_quantity_value_rules":"no","exclude_category_quantity_rules":"no","combine_variations":"no","locations":[{"id":4275,"name":"AES Emmeloord","slug":"aes-emmeloord","quantity":""},{"id":4276,"name":"AES Lemmer","slug":"aes-lemmer","quantity":""}],"_links":{"self":[{"href":"https:\/\/ab-marineservice.com\/de\/wp-json\/wp\/v2\/product\/368586","targetHints":{"allow":["GET"]}}],"collection":[{"href":"https:\/\/ab-marineservice.com\/de\/wp-json\/wp\/v2\/product"}],"about":[{"href":"https:\/\/ab-marineservice.com\/de\/wp-json\/wp\/v2\/types\/product"}],"replies":[{"embeddable":true,"href":"https:\/\/ab-marineservice.com\/de\/wp-json\/wp\/v2\/comments?post=368586"}],"wp:featuredmedia":[{"embeddable":true,"href":"https:\/\/ab-marineservice.com\/de\/wp-json\/wp\/v2\/media\/368549"}],"wp:attachment":[{"href":"https:\/\/ab-marineservice.com\/de\/wp-json\/wp\/v2\/media?parent=368586"}],"wp:term":[{"taxonomy":"location","embeddable":true,"href":"https:\/\/ab-marineservice.com\/de\/wp-json\/wp\/v2\/location?post=368586"},{"taxonomy":"product_brand","embeddable":true,"href":"https:\/\/ab-marineservice.com\/de\/wp-json\/wp\/v2\/product_brand?post=368586"},{"taxonomy":"product_cat","embeddable":true,"href":"https:\/\/ab-marineservice.com\/de\/wp-json\/wp\/v2\/product_cat?post=368586"},{"taxonomy":"product_tag","embeddable":true,"href":"https:\/\/ab-marineservice.com\/de\/wp-json\/wp\/v2\/product_tag?post=368586"}],"curies":[{"name":"wp","href":"https:\/\/api.w.org\/{rel}","templated":true}]}}