{"id":368589,"date":"2025-06-20T14:02:18","date_gmt":"2025-06-20T12:02:18","guid":{"rendered":"https:\/\/ab-marineservice.com\/product\/antifreeze-sp-11-5-l-dose\/"},"modified":"2025-11-20T17:31:28","modified_gmt":"2025-11-20T16:31:28","slug":"antifreeze-sp-11-5-l-dose","status":"publish","type":"product","link":"https:\/\/ab-marineservice.com\/de\/produkt\/antifreeze-sp-11-5-l-dose\/","title":{"rendered":"Antifreeze SP 11 \u2013 5 L Dose"},"content":{"rendered":"<p>Antifreeze SP 11 ist ein gebrauchsfertiges, hochwertiges Langzeit-Frostschutzmittel, das auf einer patentierten, silikatfreien Technologie mit Carboxyls\u00e4uren basiert. Aufgrund dieser Technologie gew\u00e4hrleistet Antifreeze SP 11 einen l\u00e4nger wirksamen Korrosionsschutz als herk\u00f6mmliche Frostschutzmittel, wodurch empfindliche Teile wie K\u00fchler, Wasserpumpe und Dichtungen eine l\u00e4ngere Lebensdauer bieten. Wirkungsvolle Spezialadditive verhindern zudem Schlamm und Ablagerungen im K\u00fchler, wodurch eine optimale K\u00fchlleistung \u00fcber lange Zeit gesichert ist. Antifreeze SP 11 wurde speziell f\u00fcr K\u00fchlsysteme aus Leichtmetall wie Aluminium, Magnesium bzw. deren Legierungen entwickelt.<\/p>\n<h4>Produktdaten<\/h4>\n<ul>\n<li>ASTM D3306<\/li>\n<li>DTFR 29C100<\/li>\n<li>MAN 324-NF<\/li>\n<li>MB 325.0<\/li>\n<li>BMW N 600 69.0<\/li>\n<li>Opel\/GM QL 130100<\/li>\n<li>Porsche\/Audi\/Seat\/Skoda TL-774C (G11)<\/li>\n<li>Saab\/GM 6901 599<\/li>\n<\/ul>\n<h4>Typische Standardanalysen<\/h4>\n<table class=\"table analyse-table\">\n<tr>\n<td>Dichte bei 15 \u00b0C, kg\/l<\/td>\n<td>\n<b>1,113<\/b> <\/td>\n<\/tr>\n<tr>\n<td>Kristallisationspunkt: 33 vol%, \u00b0C<\/td>\n<td>\n<b>-22<\/b> <\/td>\n<\/tr>\n<tr>\n<td>Kristallisationspunkt: 40 vol%, \u00b0C<\/td>\n<td>\n<b>-27<\/b> <\/td>\n<\/tr>\n<tr>\n<td>Kristallisationspunkt: 50 vol%, \u00b0C<\/td>\n<td>\n<b>-40<\/b> <\/td>\n<\/tr>\n<tr>\n<td>Kristallisationspunkt: 60 vol%, \u00b0C<\/td>\n<td>\n<b>-56<\/b> <\/td>\n<\/tr>\n<\/table>\n","protected":false},"excerpt":{"rendered":"<p>Antifreeze SP 11 ist ein blaues\/gr\u00fcner Frostschutzmittel f\u00fcr diverse Modelle von Mercedes, BMW, Opel, Saab und der VAG-Gruppe (VW\/Audi\/Porsche\/Seat\/Skoda) mit der Qualit\u00e4tsanforderung G11. Dank wirkungsvoller Korrosionsinhibitoren ist Antifreeze SP 11 nahezu immun gegen Alterung und daher langlebiger als herk\u00f6mmliche Produkte. Vor Einsatz mit entmineralisiertem Wasser im empfohlenen Verh\u00e4ltnis mischen.<\/p>\n","protected":false},"featured_media":368561,"comment_status":"open","ping_status":"closed","template":"","meta":[],"location":[4275,4276],"product_brand":[25894],"product_cat":[1436,2187,9884],"product_tag":[],"class_list":{"0":"post-368589","1":"product","2":"type-product","3":"status-publish","4":"has-post-thumbnail","6":"location-aes-emmeloord","7":"location-aes-lemmer","8":"product_brand-kroon-oil","9":"product_cat-wartung","10":"product_cat-schmiermittel","11":"product_cat-kroon-oil","12":"product_shipping_class-paket-0-10-kg","14":"first","15":"outofstock","16":"sale","17":"taxable","18":"shipping-taxable","19":"purchasable","20":"product-type-simple"},"group_of_quantity":0,"min_quantity":0,"max_quantity":"","exclude_order_quantity_value_rules":"no","exclude_category_quantity_rules":"no","combine_variations":"no","locations":[{"id":4275,"name":"AES Emmeloord","slug":"aes-emmeloord","quantity":""},{"id":4276,"name":"AES Lemmer","slug":"aes-lemmer","quantity":""}],"_links":{"self":[{"href":"https:\/\/ab-marineservice.com\/de\/wp-json\/wp\/v2\/product\/368589","targetHints":{"allow":["GET"]}}],"collection":[{"href":"https:\/\/ab-marineservice.com\/de\/wp-json\/wp\/v2\/product"}],"about":[{"href":"https:\/\/ab-marineservice.com\/de\/wp-json\/wp\/v2\/types\/product"}],"replies":[{"embeddable":true,"href":"https:\/\/ab-marineservice.com\/de\/wp-json\/wp\/v2\/comments?post=368589"}],"wp:featuredmedia":[{"embeddable":true,"href":"https:\/\/ab-marineservice.com\/de\/wp-json\/wp\/v2\/media\/368561"}],"wp:attachment":[{"href":"https:\/\/ab-marineservice.com\/de\/wp-json\/wp\/v2\/media?parent=368589"}],"wp:term":[{"taxonomy":"location","embeddable":true,"href":"https:\/\/ab-marineservice.com\/de\/wp-json\/wp\/v2\/location?post=368589"},{"taxonomy":"product_brand","embeddable":true,"href":"https:\/\/ab-marineservice.com\/de\/wp-json\/wp\/v2\/product_brand?post=368589"},{"taxonomy":"product_cat","embeddable":true,"href":"https:\/\/ab-marineservice.com\/de\/wp-json\/wp\/v2\/product_cat?post=368589"},{"taxonomy":"product_tag","embeddable":true,"href":"https:\/\/ab-marineservice.com\/de\/wp-json\/wp\/v2\/product_tag?post=368589"}],"curies":[{"name":"wp","href":"https:\/\/api.w.org\/{rel}","templated":true}]}}