{"id":37082,"date":"2020-10-14T11:53:10","date_gmt":"2020-10-14T09:53:10","guid":{"rendered":"https:\/\/ab-marineservice.com\/product\/kriechol\/"},"modified":"2022-12-17T14:30:54","modified_gmt":"2022-12-17T13:30:54","slug":"kriechol-l-zum-losen-verrosteter-teile-500ml","status":"publish","type":"product","link":"https:\/\/ab-marineservice.com\/de\/produkt\/kriechol-l-zum-losen-verrosteter-teile-500ml\/","title":{"rendered":"Kriech\u00f6l l Zum L\u00f6sen verrosteter Teile 500ml"},"content":{"rendered":"","protected":false},"excerpt":{"rendered":"<p>Wirksames Hilfsmittel zum L\u00f6sen festgerosteter Teile. Kriech\u00f6l hat eine gute Durchdringungswirkung und enth\u00e4lt Graphit und MoS2. Kriech\u00f6l ist Feuchtigkeitsabweisend und hat einen guten Korrosionsschutz. MoTip Kriech\u00f6l hat ein kr\u00e4ftiges, gerichtetes Spr\u00fchbild und ist in jeder Lage verspr\u00fchbar.<\/p>\n","protected":false},"featured_media":36583,"comment_status":"open","ping_status":"closed","template":"","meta":[],"location":[3905,4275,4276],"product_brand":[],"product_cat":[2187,3014],"product_tag":[],"class_list":{"0":"post-37082","1":"product","2":"type-product","3":"status-publish","4":"has-post-thumbnail","6":"location-ab-marine-service","7":"location-aes-emmeloord","8":"location-aes-lemmer","9":"product_cat-schmiermittel","10":"product_cat-aerosol","11":"product_shipping_class-paket-0-10-kg","13":"first","14":"instock","15":"sale","16":"taxable","17":"shipping-taxable","18":"purchasable","19":"product-type-simple"},"group_of_quantity":0,"min_quantity":0,"max_quantity":"","exclude_order_quantity_value_rules":"no","exclude_category_quantity_rules":"no","combine_variations":"no","locations":[{"id":3905,"name":"AB Marine","slug":"ab-marine-service","quantity":""},{"id":4275,"name":"AES Emmeloord","slug":"aes-emmeloord","quantity":""},{"id":4276,"name":"AES Lemmer","slug":"aes-lemmer","quantity":""}],"_links":{"self":[{"href":"https:\/\/ab-marineservice.com\/de\/wp-json\/wp\/v2\/product\/37082","targetHints":{"allow":["GET"]}}],"collection":[{"href":"https:\/\/ab-marineservice.com\/de\/wp-json\/wp\/v2\/product"}],"about":[{"href":"https:\/\/ab-marineservice.com\/de\/wp-json\/wp\/v2\/types\/product"}],"replies":[{"embeddable":true,"href":"https:\/\/ab-marineservice.com\/de\/wp-json\/wp\/v2\/comments?post=37082"}],"wp:featuredmedia":[{"embeddable":true,"href":"https:\/\/ab-marineservice.com\/de\/wp-json\/wp\/v2\/media\/36583"}],"wp:attachment":[{"href":"https:\/\/ab-marineservice.com\/de\/wp-json\/wp\/v2\/media?parent=37082"}],"wp:term":[{"taxonomy":"location","embeddable":true,"href":"https:\/\/ab-marineservice.com\/de\/wp-json\/wp\/v2\/location?post=37082"},{"taxonomy":"product_brand","embeddable":true,"href":"https:\/\/ab-marineservice.com\/de\/wp-json\/wp\/v2\/product_brand?post=37082"},{"taxonomy":"product_cat","embeddable":true,"href":"https:\/\/ab-marineservice.com\/de\/wp-json\/wp\/v2\/product_cat?post=37082"},{"taxonomy":"product_tag","embeddable":true,"href":"https:\/\/ab-marineservice.com\/de\/wp-json\/wp\/v2\/product_tag?post=37082"}],"curies":[{"name":"wp","href":"https:\/\/api.w.org\/{rel}","templated":true}]}}