{"id":37083,"date":"2020-10-14T11:53:09","date_gmt":"2020-10-14T09:53:09","guid":{"rendered":"https:\/\/ab-marineservice.com\/product\/vaseline-spray\/"},"modified":"2023-02-27T09:32:40","modified_gmt":"2023-02-27T08:32:40","slug":"vaseline-spray-l-universelles-schmier-und-schutzmittel-500ml","status":"publish","type":"product","link":"https:\/\/ab-marineservice.com\/de\/produkt\/vaseline-spray-l-universelles-schmier-und-schutzmittel-500ml\/","title":{"rendered":"Vaseline Spray l Universelles Schmier- und Schutzmittel 500ml"},"content":{"rendered":"","protected":false},"excerpt":{"rendered":"<p>Transparentes, universelles Schmier- und Schutzmittel mit sehr guter Haftung. Vaseline-Spray ist Wasser abweisend, pH-neutral, best\u00e4ndig gegen Witterungseinfl\u00fcssen, schwache S\u00e4uren und Basen. Vaseline Spray hat einen exzellenten Korrosionsschutz und verhindert Abnutzung und Festklemmen. MoTip Vaseline Spray ist Temperaturbest\u00e4ndig von &#8211; 30\u00b0C bis + 160\u00b0C.<\/p>\n","protected":false},"featured_media":36587,"comment_status":"open","ping_status":"closed","template":"","meta":[],"location":[3905,4275,4276],"product_brand":[],"product_cat":[4241,4171,2187,3014],"product_tag":[],"class_list":{"0":"post-37083","1":"product","2":"type-product","3":"status-publish","4":"has-post-thumbnail","6":"location-ab-marine-service","7":"location-aes-emmeloord","8":"location-aes-lemmer","9":"product_cat-sommerfertig","10":"product_cat-winterfest10","11":"product_cat-schmiermittel","12":"product_cat-aerosol","13":"product_shipping_class-paket-0-10-kg","15":"first","16":"instock","17":"taxable","18":"shipping-taxable","19":"purchasable","20":"product-type-simple"},"group_of_quantity":0,"min_quantity":0,"max_quantity":"","exclude_order_quantity_value_rules":"no","exclude_category_quantity_rules":"no","combine_variations":"no","locations":[{"id":3905,"name":"AB Marine","slug":"ab-marine-service","quantity":""},{"id":4275,"name":"AES Emmeloord","slug":"aes-emmeloord","quantity":""},{"id":4276,"name":"AES Lemmer","slug":"aes-lemmer","quantity":""}],"_links":{"self":[{"href":"https:\/\/ab-marineservice.com\/de\/wp-json\/wp\/v2\/product\/37083","targetHints":{"allow":["GET"]}}],"collection":[{"href":"https:\/\/ab-marineservice.com\/de\/wp-json\/wp\/v2\/product"}],"about":[{"href":"https:\/\/ab-marineservice.com\/de\/wp-json\/wp\/v2\/types\/product"}],"replies":[{"embeddable":true,"href":"https:\/\/ab-marineservice.com\/de\/wp-json\/wp\/v2\/comments?post=37083"}],"wp:featuredmedia":[{"embeddable":true,"href":"https:\/\/ab-marineservice.com\/de\/wp-json\/wp\/v2\/media\/36587"}],"wp:attachment":[{"href":"https:\/\/ab-marineservice.com\/de\/wp-json\/wp\/v2\/media?parent=37083"}],"wp:term":[{"taxonomy":"location","embeddable":true,"href":"https:\/\/ab-marineservice.com\/de\/wp-json\/wp\/v2\/location?post=37083"},{"taxonomy":"product_brand","embeddable":true,"href":"https:\/\/ab-marineservice.com\/de\/wp-json\/wp\/v2\/product_brand?post=37083"},{"taxonomy":"product_cat","embeddable":true,"href":"https:\/\/ab-marineservice.com\/de\/wp-json\/wp\/v2\/product_cat?post=37083"},{"taxonomy":"product_tag","embeddable":true,"href":"https:\/\/ab-marineservice.com\/de\/wp-json\/wp\/v2\/product_tag?post=37083"}],"curies":[{"name":"wp","href":"https:\/\/api.w.org\/{rel}","templated":true}]}}