{"id":37089,"date":"2020-10-14T11:52:59","date_gmt":"2020-10-14T09:52:59","guid":{"rendered":"https:\/\/ab-marineservice.com\/product\/ptfe-trocken\/"},"modified":"2022-12-17T14:30:11","modified_gmt":"2022-12-17T13:30:11","slug":"ptfe-trocken-l-hinterlasst-kein-fett-oder-ol","status":"publish","type":"product","link":"https:\/\/ab-marineservice.com\/de\/produkt\/ptfe-trocken-l-hinterlasst-kein-fett-oder-ol\/","title":{"rendered":"PTFE Trocken l Hinterl\u00e4sst kein Fett oder \u00d6l"},"content":{"rendered":"","protected":false},"excerpt":{"rendered":"<p>Trockenes Oberfl\u00e4chenschmiermittel f\u00fcr die Behandlung mechanischer Teile aus Metall und Kunststoff, wenn kein \u00d6l oder Fett zur\u00fcckbleiben darf. PTFE Trocken hinterl\u00e4sst keinen \u00f6ligen oder fettigen Film (Trockenfilm) und verhindert Abnutzung und Festklemmen. PTFE Trocken hat einen sehr niedrigen Reibungskoeffizient, eine exzellente Haftung und ist best\u00e4ndig gegen Witterungseinfl\u00fcssen. PTFE Trocken ist geeignet f\u00fcr Teile die leichten Belastungen und\/oder niedrigen Geschwindigkeiten ausgesetzt sind. MoTip PTFE Trocken ist auch geeignet zum L\u00f6sen von Schablonen, wenn kein Silikon verwendet werden soll. <\/p>\n","protected":false},"featured_media":36611,"comment_status":"open","ping_status":"closed","template":"","meta":[],"location":[3905,4275,4276],"product_brand":[],"product_cat":[2187,3014],"product_tag":[],"class_list":{"0":"post-37089","1":"product","2":"type-product","3":"status-publish","4":"has-post-thumbnail","6":"location-ab-marine-service","7":"location-aes-emmeloord","8":"location-aes-lemmer","9":"product_cat-schmiermittel","10":"product_cat-aerosol","11":"product_shipping_class-paket-0-10-kg","13":"first","14":"instock","15":"sale","16":"taxable","17":"shipping-taxable","18":"purchasable","19":"product-type-simple"},"group_of_quantity":0,"min_quantity":0,"max_quantity":"","exclude_order_quantity_value_rules":"no","exclude_category_quantity_rules":"no","combine_variations":"no","locations":[{"id":3905,"name":"AB Marine","slug":"ab-marine-service","quantity":""},{"id":4275,"name":"AES Emmeloord","slug":"aes-emmeloord","quantity":""},{"id":4276,"name":"AES Lemmer","slug":"aes-lemmer","quantity":""}],"_links":{"self":[{"href":"https:\/\/ab-marineservice.com\/de\/wp-json\/wp\/v2\/product\/37089","targetHints":{"allow":["GET"]}}],"collection":[{"href":"https:\/\/ab-marineservice.com\/de\/wp-json\/wp\/v2\/product"}],"about":[{"href":"https:\/\/ab-marineservice.com\/de\/wp-json\/wp\/v2\/types\/product"}],"replies":[{"embeddable":true,"href":"https:\/\/ab-marineservice.com\/de\/wp-json\/wp\/v2\/comments?post=37089"}],"wp:featuredmedia":[{"embeddable":true,"href":"https:\/\/ab-marineservice.com\/de\/wp-json\/wp\/v2\/media\/36611"}],"wp:attachment":[{"href":"https:\/\/ab-marineservice.com\/de\/wp-json\/wp\/v2\/media?parent=37089"}],"wp:term":[{"taxonomy":"location","embeddable":true,"href":"https:\/\/ab-marineservice.com\/de\/wp-json\/wp\/v2\/location?post=37089"},{"taxonomy":"product_brand","embeddable":true,"href":"https:\/\/ab-marineservice.com\/de\/wp-json\/wp\/v2\/product_brand?post=37089"},{"taxonomy":"product_cat","embeddable":true,"href":"https:\/\/ab-marineservice.com\/de\/wp-json\/wp\/v2\/product_cat?post=37089"},{"taxonomy":"product_tag","embeddable":true,"href":"https:\/\/ab-marineservice.com\/de\/wp-json\/wp\/v2\/product_tag?post=37089"}],"curies":[{"name":"wp","href":"https:\/\/api.w.org\/{rel}","templated":true}]}}