{"id":371954,"date":"2025-06-28T20:41:05","date_gmt":"2025-06-28T18:41:05","guid":{"rendered":"https:\/\/ab-marineservice.com\/product\/mercury-wartungskit-75-80-90-100-und-115-ps\/"},"modified":"2026-02-25T15:34:48","modified_gmt":"2026-02-25T14:34:48","slug":"mercury-wartungskit-75-80-90-100-und-115-ps","status":"publish","type":"product","link":"https:\/\/ab-marineservice.com\/de\/produkt\/mercury-wartungskit-75-80-90-100-und-115-ps\/","title":{"rendered":"Mercury Wartungskit 75, 80, 90, 100 und 115 PS"},"content":{"rendered":"<h3>Mercury Wartungskit 75, 80, 90, 100 und 115 PS<\/h3>\n<p>Dieses Wartungskit enth\u00e4lt die wesentlichen Teile f\u00fcr die Wartung von Mercury 75, 80, 90, 100 und 115 PS Au\u00dfenbordmotoren.<\/p>\n<h4>Inhalt des Kits:<\/h4>\n<ul>\n<li><strong>Z\u00fcndkerze<\/strong>: NGK LFR4AE \u2013 4 St\u00fcck<\/li>\n<li><strong>Anode<\/strong>: REC818298Q01AL<\/li>\n<li><strong>Anode<\/strong>: REC31640Q04AL<\/li>\n<li><strong>Anode<\/strong>: REC826134QAL \u2013 2 St\u00fcck<\/li>\n<li><strong>Thermostat<\/strong>: REC892864T06<\/li>\n<li><strong>Kraftstofffilter<\/strong>: REC35-879885T \u2013 2 St\u00fcck<\/li>\n<li><strong>\u00d6lfilter<\/strong>: REC35-877716Q01<\/li>\n<li><strong>Luftfilter<\/strong>: RM35-8M0082911<\/li>\n<li><strong>Dichtring Ablassschraube<\/strong>: REC12-191833 \u2013 2 St\u00fcck<\/li>\n<li><strong>Dichtring Ablassschraube<\/strong>: REC27-828816<\/li>\n<li><strong>Impellerkit<\/strong>: REC47-43026006<\/li>\n<\/ul>\n<h4>\u00d6lmenge pro Modell:<\/h4>\n<ul>\n<li><strong>Mercury 75, 80, 90, 100 und 115 PS<\/strong>: Motor\u00f6l (einschlie\u00dflich \u00d6lfilter): 5 Liter<\/li>\n<\/ul>\n<h4>Empfohlenes Motor\u00f6l:<\/h4>\n<p><strong>Zweitakt:<\/strong><\/p>\n<ul>\n<li><strong>5 Liter Motor\u00f6l Atlantic 2T DFI:<\/strong> <a href=\"https:\/\/ab-marineservice.com\/de\/produkt\/atlantic-2t-dfi-5-liter\/\">Hier klicken, um zu kaufen<\/a><\/li>\n<li><strong>1 Liter Motor\u00f6l Atlantic 2T Outboard:<\/strong> <a href=\"https:\/\/ab-marineservice.com\/de\/produkt\/zweitakt-motorol-l-kroon-ol-1l\/\">Hier klicken, um zu kaufen<\/a><\/li>\n<\/ul>\n<p><strong>Viertakt:<\/strong><\/p>\n<ul>\n<li><strong>1 Liter Motor\u00f6l Atlantic 4T<\/strong> (Viskosit\u00e4t: 10W-30): <a href=\"https:\/\/ab-marineservice.com\/de\/produkt\/1l-motorol-10w-30-l-viertakt-motorol-fur-ausenborder\/\">Hier klicken, um zu kaufen<\/a><\/li>\n<\/ul>\n<h4>Kompatibilit\u00e4t:<\/h4>\n<p>Dieses Wartungskit ist f\u00fcr Mercury 75, 80, 90, 100 und 115 PS Au\u00dfenbordmotoren geeignet. \u00dcberpr\u00fcfen Sie stets den genauen Motortyp, bevor Sie das Kit erwerben.<\/p>\n<h4>Wartungstipps:<\/h4>\n<p>Es wird empfohlen, das Motor\u00f6l j\u00e4hrlich oder alle 100 Betriebsstunden zu wechseln, abh\u00e4ngig von der Nutzung. Vergessen Sie nicht, die \u00d6lfilter, Kraftstofffilter, den Impeller, das Thermostat und die Z\u00fcndkerzen regelm\u00e4\u00dfig zu ersetzen, um eine optimale Motorleistung sicherzustellen.<\/p>\n","protected":false},"excerpt":{"rendered":"<p>Dieses originale <strong>Wartungskit<\/strong> ist f\u00fcr Mercury 75, 80, 90, 100 und 115 PS Au\u00dfenbordmotoren geeignet. Das Kit enth\u00e4lt alle wesentlichen Komponenten f\u00fcr eine vollst\u00e4ndige und zuverl\u00e4ssige Wartung, einschlie\u00dflich \u00d6lfilter, Kraftstofffilter, Z\u00fcndkerzen, Anoden, Impellerkit, Thermostat und Dichtringe. Alles, was Sie f\u00fcr eine optimale Motorwartung ben\u00f6tigen, in einem kompletten Kit.<\/p>\n","protected":false},"featured_media":370176,"comment_status":"open","ping_status":"closed","template":"","meta":[],"location":[],"product_brand":[],"product_cat":[1436,27549],"product_tag":[],"class_list":{"0":"post-371954","1":"product","2":"type-product","3":"status-publish","4":"has-post-thumbnail","6":"product_cat-wartung","7":"product_cat-mercury-service-kit","8":"product_shipping_class-paket-0-10-kg","10":"first","11":"instock","12":"sale","13":"taxable","14":"shipping-taxable","15":"purchasable","16":"product-type-simple"},"group_of_quantity":0,"min_quantity":0,"max_quantity":"","exclude_order_quantity_value_rules":"no","exclude_category_quantity_rules":"no","combine_variations":"no","locations":[{"id":4275,"name":"AES Emmeloord","slug":"aes-emmeloord","quantity":""},{"id":4276,"name":"AES Lemmer","slug":"aes-lemmer","quantity":""}],"_links":{"self":[{"href":"https:\/\/ab-marineservice.com\/de\/wp-json\/wp\/v2\/product\/371954","targetHints":{"allow":["GET"]}}],"collection":[{"href":"https:\/\/ab-marineservice.com\/de\/wp-json\/wp\/v2\/product"}],"about":[{"href":"https:\/\/ab-marineservice.com\/de\/wp-json\/wp\/v2\/types\/product"}],"replies":[{"embeddable":true,"href":"https:\/\/ab-marineservice.com\/de\/wp-json\/wp\/v2\/comments?post=371954"}],"wp:featuredmedia":[{"embeddable":true,"href":"https:\/\/ab-marineservice.com\/de\/wp-json\/wp\/v2\/media\/370176"}],"wp:attachment":[{"href":"https:\/\/ab-marineservice.com\/de\/wp-json\/wp\/v2\/media?parent=371954"}],"wp:term":[{"taxonomy":"location","embeddable":true,"href":"https:\/\/ab-marineservice.com\/de\/wp-json\/wp\/v2\/location?post=371954"},{"taxonomy":"product_brand","embeddable":true,"href":"https:\/\/ab-marineservice.com\/de\/wp-json\/wp\/v2\/product_brand?post=371954"},{"taxonomy":"product_cat","embeddable":true,"href":"https:\/\/ab-marineservice.com\/de\/wp-json\/wp\/v2\/product_cat?post=371954"},{"taxonomy":"product_tag","embeddable":true,"href":"https:\/\/ab-marineservice.com\/de\/wp-json\/wp\/v2\/product_tag?post=371954"}],"curies":[{"name":"wp","href":"https:\/\/api.w.org\/{rel}","templated":true}]}}