{"id":371964,"date":"2025-06-28T20:41:05","date_gmt":"2025-06-28T18:41:05","guid":{"rendered":"https:\/\/ab-marineservice.com\/product\/suzuki-service-kit-17400-92821\/"},"modified":"2026-02-25T16:57:16","modified_gmt":"2026-02-25T15:57:16","slug":"suzuki-df100a-df115a-df140a-2013-wartungssatz-17400-92821","status":"publish","type":"product","link":"https:\/\/ab-marineservice.com\/de\/produkt\/suzuki-df100a-df115a-df140a-2013-wartungssatz-17400-92821\/","title":{"rendered":"Suzuki DF100A \/ DF115A \/ DF140A (2013+) Wartungssatz 17400-92821"},"content":{"rendered":"<h3>Suzuki DF100A \/ DF115A \/ DF140A (2013+) Wartungskit 17400-92821<\/h3>\n<p>Dieses Wartungskit enth\u00e4lt die wesentlichen Teile f\u00fcr die Wartung der Suzuki DF100A, DF115A und DF140A Motoren von 2013 und sp\u00e4ter.<\/p>\n<h4>Inhalt des Kits:<\/h4>\n<ul>\n<li><strong>Wasserpumpenkit<\/strong>: REC17400-92J21<\/li>\n<li><strong>\u00d6lfilter<\/strong>: REC16510-90J00<\/li>\n<li><strong>Z\u00fcndkerze<\/strong>: NGK BKR6E \u2013 4 St\u00fcck<\/li>\n<li><strong>Splint<\/strong>: REC91490-30025<\/li>\n<li><strong>Dichtungsring \/ O-Ring<\/strong>: REC09168-10022 \u2013 2 St\u00fcck<\/li>\n<li><strong>Dichtung<\/strong>: REC09168-12012<\/li>\n<li><strong>Anode<\/strong>: REC55321-87J01AL \u2013 4 St\u00fcck<\/li>\n<li><strong>O-Ring<\/strong>: REC09280-22019 \u2013 2 St\u00fcck<\/li>\n<li><strong>Schl\u00fcssel (Spie)<\/strong>: REC09420-05009<\/li>\n<li><strong>Kraftstofffilter<\/strong>: REC15412-92J00<\/li>\n<\/ul>\n<h4>\u00d6lmenge pro Modell:<\/h4>\n<ul>\n<li><strong>Suzuki DF100A \/ DF115A \/ DF140A (2013+)<\/strong>: Motor\u00f6l (einschlie\u00dflich \u00d6lfilter): 5,7 Liter<\/li>\n<\/ul>\n<h4>Empfohlenes Motor\u00f6l:<\/h4>\n<p>Zum Wechseln des Motor\u00f6ls k\u00f6nnen Sie folgende Produkte verwenden:<\/p>\n<ul>\n<li><strong>5 Liter Motor\u00f6l Emperol<\/strong> (Viskosit\u00e4t: 10W-40): <a href=\"https:\/\/ab-marineservice.com\/de\/produkt\/emperol-10w-40-6\/\">Hier klicken, um zu kaufen<\/a><\/li>\n<li><strong>20 Liter Motor\u00f6l Synfleet SHPD<\/strong> (Viskosit\u00e4t: 10W-40): <a href=\"https:\/\/ab-marineservice.com\/de\/produkt\/synfleet-shpd-10w-40-20-liter\/\">Hier klicken, um zu kaufen<\/a><\/li>\n<li><strong>20 Liter Motor\u00f6l Multifleet SHPD<\/strong> (Viskosit\u00e4t: 10W-40): <a href=\"https:\/\/ab-marineservice.com\/de\/produkt\/multifleet-shpd-10w-40-3\/\">Hier klicken, um zu kaufen<\/a><\/li>\n<\/ul>\n<h4>Kompatibilit\u00e4t:<\/h4>\n<p>Dieses Wartungskit ist f\u00fcr die Suzuki DF100A, DF115A und DF140A Motoren von 2013 und sp\u00e4ter geeignet. Stellen Sie sicher, dass Ihr Motor dem richtigen Modell entspricht, bevor Sie das Kit kaufen.<\/p>\n<h4>Wartungstipps:<\/h4>\n<p>Es wird empfohlen, das Motor\u00f6l j\u00e4hrlich oder alle 100 Betriebsstunden zu wechseln, abh\u00e4ngig von der Nutzung. Vergessen Sie nicht, die \u00d6lfilter, Kraftstofffilter, den Impeller und die Z\u00fcndkerzen regelm\u00e4\u00dfig zu wechseln, um eine optimale Motorleistung sicherzustellen.<\/p>\n","protected":false},"excerpt":{"rendered":"<p>Dieses originale <strong>Wartungskit<\/strong> ist f\u00fcr Suzuki DF100A, DF115A und DF140A Motoren von 2013 und sp\u00e4ter geeignet. Mit der Artikelnummer <strong>17400-92821<\/strong> enth\u00e4lt das Kit alle wesentlichen Teile f\u00fcr eine vollst\u00e4ndige und zuverl\u00e4ssige Wartung, einschlie\u00dflich \u00d6lfilter, Kraftstofffilter, Z\u00fcndkerzen, Anoden, Wasserpumpenkit und Dichtringe. Alles, was Sie f\u00fcr eine optimale Motorwartung ben\u00f6tigen, in einem kompletten Kit.<\/p>\n","protected":false},"featured_media":401950,"comment_status":"open","ping_status":"closed","template":"","meta":[],"location":[],"product_brand":[],"product_cat":[1436,27546],"product_tag":[],"class_list":{"0":"post-371964","1":"product","2":"type-product","3":"status-publish","4":"has-post-thumbnail","6":"product_cat-wartung","7":"product_cat-suzuki-service-kit","8":"product_shipping_class-paket-0-10-kg","10":"first","11":"instock","12":"sale","13":"taxable","14":"shipping-taxable","15":"purchasable","16":"product-type-simple"},"group_of_quantity":0,"min_quantity":0,"max_quantity":"","exclude_order_quantity_value_rules":"no","exclude_category_quantity_rules":"no","combine_variations":"no","locations":[{"id":4275,"name":"AES Emmeloord","slug":"aes-emmeloord","quantity":""},{"id":4276,"name":"AES Lemmer","slug":"aes-lemmer","quantity":""}],"_links":{"self":[{"href":"https:\/\/ab-marineservice.com\/de\/wp-json\/wp\/v2\/product\/371964","targetHints":{"allow":["GET"]}}],"collection":[{"href":"https:\/\/ab-marineservice.com\/de\/wp-json\/wp\/v2\/product"}],"about":[{"href":"https:\/\/ab-marineservice.com\/de\/wp-json\/wp\/v2\/types\/product"}],"replies":[{"embeddable":true,"href":"https:\/\/ab-marineservice.com\/de\/wp-json\/wp\/v2\/comments?post=371964"}],"wp:featuredmedia":[{"embeddable":true,"href":"https:\/\/ab-marineservice.com\/de\/wp-json\/wp\/v2\/media\/401950"}],"wp:attachment":[{"href":"https:\/\/ab-marineservice.com\/de\/wp-json\/wp\/v2\/media?parent=371964"}],"wp:term":[{"taxonomy":"location","embeddable":true,"href":"https:\/\/ab-marineservice.com\/de\/wp-json\/wp\/v2\/location?post=371964"},{"taxonomy":"product_brand","embeddable":true,"href":"https:\/\/ab-marineservice.com\/de\/wp-json\/wp\/v2\/product_brand?post=371964"},{"taxonomy":"product_cat","embeddable":true,"href":"https:\/\/ab-marineservice.com\/de\/wp-json\/wp\/v2\/product_cat?post=371964"},{"taxonomy":"product_tag","embeddable":true,"href":"https:\/\/ab-marineservice.com\/de\/wp-json\/wp\/v2\/product_tag?post=371964"}],"curies":[{"name":"wp","href":"https:\/\/api.w.org\/{rel}","templated":true}]}}